{"id":647,"date":"2025-07-28T09:43:38","date_gmt":"2025-07-28T09:43:38","guid":{"rendered":"https:\/\/zenergiebodyandsoul.com\/?page_id=647"},"modified":"2026-03-04T09:43:27","modified_gmt":"2026-03-04T09:43:27","slug":"our-franchise-model","status":"publish","type":"page","link":"https:\/\/zenergiebodyandsoul.com\/fr\/devenir-franchise-zenergie\/notre-modele-de-franchise\/","title":{"rendered":"Notre mod\u00e8le de franchise"},"content":{"rendered":"<div>\n<p>Zenergie n'est pas seulement une salle de sport - c'est une r\u00e9ponse \u00e0 un changement global dans la fa\u00e7on dont nous vieillissons, vivons et nous d\u00e9pla\u00e7ons.<\/p>\n<p>Notre mod\u00e8le de franchise est con\u00e7u pour les entrepreneurs qui souhaitent prendre la t\u00eate du mouvement en faveur de la long\u00e9vit\u00e9 avec un concept haut de gamme \u00e0 fort impact, con\u00e7u autour de trois besoins intemporels : la force, la pleine conscience et la communaut\u00e9.<\/p>\n<p>Il s'agit d'une entreprise con\u00e7ue pour durer - une entreprise qui rassemble les gens, change des vies et produit des rendements solides et durables.<\/p>\n<p>Mais il ne s'agit pas seulement d'un investissement dans la forme physique.<\/p>\n<\/div>\n<div><\/div>\n<h3><strong>C'est un pari sur un march\u00e9 en croissance<\/strong><\/h3>","protected":false},"excerpt":{"rendered":"<p>Zenergie is not just a gym \u2014 it\u2019s a response to a global shift in how we age, live and move. Our franchise model is built for entrepreneurs who want to lead the longevity movement with a premium, high-impact concept designed around three timeless needs: strength, mindfulness and community. This is a business designed to [&hellip;]<\/p>","protected":false},"author":1,"featured_media":488,"parent":610,"menu_order":0,"comment_status":"closed","ping_status":"closed","template":"page-franchise-model.php","meta":{"_acf_changed":false,"footnotes":""},"class_list":["post-647","page","type-page","status-publish","has-post-thumbnail","hentry"],"acf":[],"yoast_head":"<!-- This site is optimized with the Yoast SEO plugin v25.7 - https:\/\/yoast.com\/wordpress\/plugins\/seo\/ -->\n<title>Our franchise model - Zenergie Body and soul<\/title>\n<meta name=\"robots\" content=\"index, follow, max-snippet:-1, max-image-preview:large, max-video-preview:-1\" \/>\n<link rel=\"canonical\" href=\"https:\/\/zenergiebodyandsoul.com\/fr\/devenir-franchise-zenergie\/notre-modele-de-franchise\/\" \/>\n<meta property=\"og:locale\" content=\"fr_FR\" \/>\n<meta property=\"og:type\" content=\"article\" \/>\n<meta property=\"og:title\" content=\"Our franchise model - Zenergie Body and soul\" \/>\n<meta property=\"og:description\" content=\"Zenergie is not just a gym \u2014 it\u2019s a response to a global shift in how we age, live and move. Our franchise model is built for entrepreneurs who want to lead the longevity movement with a premium, high-impact concept designed around three timeless needs: strength, mindfulness and community. This is a business designed to [&hellip;]\" \/>\n<meta property=\"og:url\" content=\"https:\/\/zenergiebodyandsoul.com\/fr\/devenir-franchise-zenergie\/notre-modele-de-franchise\/\" \/>\n<meta property=\"og:site_name\" content=\"Zenergie Body and soul\" \/>\n<meta property=\"article:modified_time\" content=\"2026-03-04T09:43:27+00:00\" \/>\n<meta property=\"og:image\" content=\"http:\/\/zenergiebodyandsoul.com\/wp-content\/uploads\/2025\/05\/inverting.jpg\" \/>\n\t<meta property=\"og:image:width\" content=\"1468\" \/>\n\t<meta property=\"og:image:height\" content=\"1198\" \/>\n\t<meta property=\"og:image:type\" content=\"image\/jpeg\" \/>\n<meta name=\"twitter:card\" content=\"summary_large_image\" \/>\n<meta name=\"twitter:label1\" content=\"Dur\u00e9e de lecture estim\u00e9e\" \/>\n\t<meta name=\"twitter:data1\" content=\"1 minute\" \/>\n<script type=\"application\/ld+json\" class=\"yoast-schema-graph\">{\"@context\":\"https:\/\/schema.org\",\"@graph\":[{\"@type\":\"WebPage\",\"@id\":\"https:\/\/zenergiebodyandsoul.com\/become-a-zenergie-franchisee\/our-franchise-model\/\",\"url\":\"https:\/\/zenergiebodyandsoul.com\/become-a-zenergie-franchisee\/our-franchise-model\/\",\"name\":\"Our franchise model - Zenergie Body and soul\",\"isPartOf\":{\"@id\":\"https:\/\/zenergiebodyandsoul.com\/#website\"},\"primaryImageOfPage\":{\"@id\":\"https:\/\/zenergiebodyandsoul.com\/become-a-zenergie-franchisee\/our-franchise-model\/#primaryimage\"},\"image\":{\"@id\":\"https:\/\/zenergiebodyandsoul.com\/become-a-zenergie-franchisee\/our-franchise-model\/#primaryimage\"},\"thumbnailUrl\":\"https:\/\/zenergiebodyandsoul.com\/wp-content\/uploads\/2025\/05\/inverting.jpg\",\"datePublished\":\"2025-07-28T09:43:38+00:00\",\"dateModified\":\"2026-03-04T09:43:27+00:00\",\"breadcrumb\":{\"@id\":\"https:\/\/zenergiebodyandsoul.com\/become-a-zenergie-franchisee\/our-franchise-model\/#breadcrumb\"},\"inLanguage\":\"fr-FR\",\"potentialAction\":[{\"@type\":\"ReadAction\",\"target\":[\"https:\/\/zenergiebodyandsoul.com\/become-a-zenergie-franchisee\/our-franchise-model\/\"]}]},{\"@type\":\"ImageObject\",\"inLanguage\":\"fr-FR\",\"@id\":\"https:\/\/zenergiebodyandsoul.com\/become-a-zenergie-franchisee\/our-franchise-model\/#primaryimage\",\"url\":\"https:\/\/zenergiebodyandsoul.com\/wp-content\/uploads\/2025\/05\/inverting.jpg\",\"contentUrl\":\"https:\/\/zenergiebodyandsoul.com\/wp-content\/uploads\/2025\/05\/inverting.jpg\",\"width\":1468,\"height\":1198},{\"@type\":\"BreadcrumbList\",\"@id\":\"https:\/\/zenergiebodyandsoul.com\/become-a-zenergie-franchisee\/our-franchise-model\/#breadcrumb\",\"itemListElement\":[{\"@type\":\"ListItem\",\"position\":1,\"name\":\"Inici\",\"item\":\"https:\/\/zenergiebodyandsoul.com\/\"},{\"@type\":\"ListItem\",\"position\":2,\"name\":\"Become a Zenergie franchisee\",\"item\":\"https:\/\/zenergiebodyandsoul.com\/become-a-zenergie-franchisee\/\"},{\"@type\":\"ListItem\",\"position\":3,\"name\":\"Our franchise model\"}]},{\"@type\":\"WebSite\",\"@id\":\"https:\/\/zenergiebodyandsoul.com\/#website\",\"url\":\"https:\/\/zenergiebodyandsoul.com\/\",\"name\":\"Zenergie Body and soul\",\"description\":\"\",\"potentialAction\":[{\"@type\":\"SearchAction\",\"target\":{\"@type\":\"EntryPoint\",\"urlTemplate\":\"https:\/\/zenergiebodyandsoul.com\/?s={search_term_string}\"},\"query-input\":{\"@type\":\"PropertyValueSpecification\",\"valueRequired\":true,\"valueName\":\"search_term_string\"}}],\"inLanguage\":\"fr-FR\"}]}<\/script>\n<!-- \/ Yoast SEO plugin. -->","yoast_head_json":{"title":"Notre mod\u00e8le de franchise - Zenergie Body and soul","robots":{"index":"index","follow":"follow","max-snippet":"max-snippet:-1","max-image-preview":"max-image-preview:large","max-video-preview":"max-video-preview:-1"},"canonical":"https:\/\/zenergiebodyandsoul.com\/fr\/devenir-franchise-zenergie\/notre-modele-de-franchise\/","og_locale":"fr_FR","og_type":"article","og_title":"Our franchise model - Zenergie Body and soul","og_description":"Zenergie is not just a gym \u2014 it\u2019s a response to a global shift in how we age, live and move. Our franchise model is built for entrepreneurs who want to lead the longevity movement with a premium, high-impact concept designed around three timeless needs: strength, mindfulness and community. This is a business designed to [&hellip;]","og_url":"https:\/\/zenergiebodyandsoul.com\/fr\/devenir-franchise-zenergie\/notre-modele-de-franchise\/","og_site_name":"Zenergie Body and soul","article_modified_time":"2026-03-04T09:43:27+00:00","og_image":[{"width":1468,"height":1198,"url":"http:\/\/zenergiebodyandsoul.com\/wp-content\/uploads\/2025\/05\/inverting.jpg","type":"image\/jpeg"}],"twitter_card":"summary_large_image","twitter_misc":{"Dur\u00e9e de lecture estim\u00e9e":"1 minute"},"schema":{"@context":"https:\/\/schema.org","@graph":[{"@type":"WebPage","@id":"https:\/\/zenergiebodyandsoul.com\/become-a-zenergie-franchisee\/our-franchise-model\/","url":"https:\/\/zenergiebodyandsoul.com\/become-a-zenergie-franchisee\/our-franchise-model\/","name":"Notre mod\u00e8le de franchise - Zenergie Body and soul","isPartOf":{"@id":"https:\/\/zenergiebodyandsoul.com\/#website"},"primaryImageOfPage":{"@id":"https:\/\/zenergiebodyandsoul.com\/become-a-zenergie-franchisee\/our-franchise-model\/#primaryimage"},"image":{"@id":"https:\/\/zenergiebodyandsoul.com\/become-a-zenergie-franchisee\/our-franchise-model\/#primaryimage"},"thumbnailUrl":"https:\/\/zenergiebodyandsoul.com\/wp-content\/uploads\/2025\/05\/inverting.jpg","datePublished":"2025-07-28T09:43:38+00:00","dateModified":"2026-03-04T09:43:27+00:00","breadcrumb":{"@id":"https:\/\/zenergiebodyandsoul.com\/become-a-zenergie-franchisee\/our-franchise-model\/#breadcrumb"},"inLanguage":"fr-FR","potentialAction":[{"@type":"ReadAction","target":["https:\/\/zenergiebodyandsoul.com\/become-a-zenergie-franchisee\/our-franchise-model\/"]}]},{"@type":"ImageObject","inLanguage":"fr-FR","@id":"https:\/\/zenergiebodyandsoul.com\/become-a-zenergie-franchisee\/our-franchise-model\/#primaryimage","url":"https:\/\/zenergiebodyandsoul.com\/wp-content\/uploads\/2025\/05\/inverting.jpg","contentUrl":"https:\/\/zenergiebodyandsoul.com\/wp-content\/uploads\/2025\/05\/inverting.jpg","width":1468,"height":1198},{"@type":"BreadcrumbList","@id":"https:\/\/zenergiebodyandsoul.com\/become-a-zenergie-franchisee\/our-franchise-model\/#breadcrumb","itemListElement":[{"@type":"ListItem","position":1,"name":"Inici","item":"https:\/\/zenergiebodyandsoul.com\/"},{"@type":"ListItem","position":2,"name":"Become a Zenergie franchisee","item":"https:\/\/zenergiebodyandsoul.com\/become-a-zenergie-franchisee\/"},{"@type":"ListItem","position":3,"name":"Our franchise model"}]},{"@type":"WebSite","@id":"https:\/\/zenergiebodyandsoul.com\/#website","url":"https:\/\/zenergiebodyandsoul.com\/","name":"Zenergie Corps et \u00e2me","description":"","potentialAction":[{"@type":"SearchAction","target":{"@type":"EntryPoint","urlTemplate":"https:\/\/zenergiebodyandsoul.com\/?s={search_term_string}"},"query-input":{"@type":"PropertyValueSpecification","valueRequired":true,"valueName":"search_term_string"}}],"inLanguage":"fr-FR"}]}},"_links":{"self":[{"href":"https:\/\/zenergiebodyandsoul.com\/fr\/wp-json\/wp\/v2\/pages\/647","targetHints":{"allow":["GET"]}}],"collection":[{"href":"https:\/\/zenergiebodyandsoul.com\/fr\/wp-json\/wp\/v2\/pages"}],"about":[{"href":"https:\/\/zenergiebodyandsoul.com\/fr\/wp-json\/wp\/v2\/types\/page"}],"author":[{"embeddable":true,"href":"https:\/\/zenergiebodyandsoul.com\/fr\/wp-json\/wp\/v2\/users\/1"}],"replies":[{"embeddable":true,"href":"https:\/\/zenergiebodyandsoul.com\/fr\/wp-json\/wp\/v2\/comments?post=647"}],"version-history":[{"count":36,"href":"https:\/\/zenergiebodyandsoul.com\/fr\/wp-json\/wp\/v2\/pages\/647\/revisions"}],"predecessor-version":[{"id":838,"href":"https:\/\/zenergiebodyandsoul.com\/fr\/wp-json\/wp\/v2\/pages\/647\/revisions\/838"}],"up":[{"embeddable":true,"href":"https:\/\/zenergiebodyandsoul.com\/fr\/wp-json\/wp\/v2\/pages\/610"}],"wp:featuredmedia":[{"embeddable":true,"href":"https:\/\/zenergiebodyandsoul.com\/fr\/wp-json\/wp\/v2\/media\/488"}],"wp:attachment":[{"href":"https:\/\/zenergiebodyandsoul.com\/fr\/wp-json\/wp\/v2\/media?parent=647"}],"curies":[{"name":"wp","href":"https:\/\/api.w.org\/{rel}","templated":true}]}}