{"id":616,"date":"2025-07-24T13:16:30","date_gmt":"2025-07-24T13:16:30","guid":{"rendered":"https:\/\/zenergiebodyandsoul.com\/?page_id=616"},"modified":"2025-08-25T12:45:27","modified_gmt":"2025-08-25T12:45:27","slug":"why-open-a-zenergie","status":"publish","type":"page","link":"https:\/\/zenergiebodyandsoul.com\/fr\/devenir-franchise-zenergie\/pourquoi-ouvrir-un-zenergie-2\/","title":{"rendered":"Pourquoi ouvrir un Zenergie ?"},"content":{"rendered":"<p><strong>Zenergie<\/strong> n'est pas n\u00e9e d'une id\u00e9e commerciale. Il s'agit d'une r\u00e9ponse \u00e0 un manque.<br \/>\nApr\u00e8s plus de 30 ans d'exploitation et de direction de cha\u00eenes de fitness dans toute l'Europe, nous avons vu clair : Trop de personnes \u00e9taient exclues du mod\u00e8le traditionnel de remise en forme.<br \/>\nNous avons constat\u00e9 que rester en bonne sant\u00e9 physique et \u00e9motionnelle devenait plus difficile, moins agr\u00e9able et souvent n\u00e9glig\u00e9 avec l'\u00e2ge.<br \/>\nNous avons donc d\u00e9cid\u00e9 de cr\u00e9er quelque chose de diff\u00e9rent.<br \/>\nSi vous lisez ces lignes, vous avez peut-\u00eatre ressenti la m\u00eame chose.<br \/>\nPeut-\u00eatre croyez-vous aussi qu'il est possible de construire quelque chose qui a un but - quelque chose qui cr\u00e9e un impact r\u00e9el et un rendement r\u00e9el.<br \/>\nVoici notre histoire.<br \/>\nEt si vous vous sentez concern\u00e9, nous serions ravis de vous rencontrer.<\/p>","protected":false},"excerpt":{"rendered":"<p>Zenergie didn\u2019t start as a business idea. It started as a response to something that was missing. After more than 30 years operating and leading fitness chains across Europe, we saw it clearly: Too many people were being left out of the traditional fitness model. We saw how staying well\u2014physically and emotionally\u2014became harder, less enjoyable, [&hellip;]<\/p>","protected":false},"author":1,"featured_media":0,"parent":610,"menu_order":0,"comment_status":"closed","ping_status":"closed","template":"page-why-open-a-zenergie.php","meta":{"_acf_changed":false,"footnotes":""},"class_list":["post-616","page","type-page","status-publish","hentry"],"acf":[],"yoast_head":"<!-- This site is optimized with the Yoast SEO plugin v25.7 - https:\/\/yoast.com\/wordpress\/plugins\/seo\/ -->\n<title>\u00bfWhy open a Zenergie? - Zenergie Body and soul<\/title>\n<meta name=\"robots\" content=\"index, follow, max-snippet:-1, max-image-preview:large, max-video-preview:-1\" \/>\n<link rel=\"canonical\" href=\"https:\/\/zenergiebodyandsoul.com\/fr\/devenir-franchise-zenergie\/pourquoi-ouvrir-un-zenergie-2\/\" \/>\n<meta property=\"og:locale\" content=\"fr_FR\" \/>\n<meta property=\"og:type\" content=\"article\" \/>\n<meta property=\"og:title\" content=\"\u00bfWhy open a Zenergie? - Zenergie Body and soul\" \/>\n<meta property=\"og:description\" content=\"Zenergie didn\u2019t start as a business idea. It started as a response to something that was missing. After more than 30 years operating and leading fitness chains across Europe, we saw it clearly: Too many people were being left out of the traditional fitness model. We saw how staying well\u2014physically and emotionally\u2014became harder, less enjoyable, [&hellip;]\" \/>\n<meta property=\"og:url\" content=\"https:\/\/zenergiebodyandsoul.com\/fr\/devenir-franchise-zenergie\/pourquoi-ouvrir-un-zenergie-2\/\" \/>\n<meta property=\"og:site_name\" content=\"Zenergie Body and soul\" \/>\n<meta property=\"article:modified_time\" content=\"2025-08-25T12:45:27+00:00\" \/>\n<meta name=\"twitter:card\" content=\"summary_large_image\" \/>\n<meta name=\"twitter:label1\" content=\"Dur\u00e9e de lecture estim\u00e9e\" \/>\n\t<meta name=\"twitter:data1\" content=\"1 minute\" \/>\n<script type=\"application\/ld+json\" class=\"yoast-schema-graph\">{\"@context\":\"https:\/\/schema.org\",\"@graph\":[{\"@type\":\"WebPage\",\"@id\":\"https:\/\/zenergiebodyandsoul.com\/become-a-zenergie-franchisee\/why-open-a-zenergie\/\",\"url\":\"https:\/\/zenergiebodyandsoul.com\/become-a-zenergie-franchisee\/why-open-a-zenergie\/\",\"name\":\"\u00bfWhy open a Zenergie? - Zenergie Body and soul\",\"isPartOf\":{\"@id\":\"https:\/\/zenergiebodyandsoul.com\/#website\"},\"datePublished\":\"2025-07-24T13:16:30+00:00\",\"dateModified\":\"2025-08-25T12:45:27+00:00\",\"breadcrumb\":{\"@id\":\"https:\/\/zenergiebodyandsoul.com\/become-a-zenergie-franchisee\/why-open-a-zenergie\/#breadcrumb\"},\"inLanguage\":\"fr-FR\",\"potentialAction\":[{\"@type\":\"ReadAction\",\"target\":[\"https:\/\/zenergiebodyandsoul.com\/become-a-zenergie-franchisee\/why-open-a-zenergie\/\"]}]},{\"@type\":\"BreadcrumbList\",\"@id\":\"https:\/\/zenergiebodyandsoul.com\/become-a-zenergie-franchisee\/why-open-a-zenergie\/#breadcrumb\",\"itemListElement\":[{\"@type\":\"ListItem\",\"position\":1,\"name\":\"Inici\",\"item\":\"https:\/\/zenergiebodyandsoul.com\/\"},{\"@type\":\"ListItem\",\"position\":2,\"name\":\"Become a Zenergie franchisee\",\"item\":\"https:\/\/zenergiebodyandsoul.com\/become-a-zenergie-franchisee\/\"},{\"@type\":\"ListItem\",\"position\":3,\"name\":\"\u00bfWhy open a Zenergie?\"}]},{\"@type\":\"WebSite\",\"@id\":\"https:\/\/zenergiebodyandsoul.com\/#website\",\"url\":\"https:\/\/zenergiebodyandsoul.com\/\",\"name\":\"Zenergie Body and soul\",\"description\":\"\",\"potentialAction\":[{\"@type\":\"SearchAction\",\"target\":{\"@type\":\"EntryPoint\",\"urlTemplate\":\"https:\/\/zenergiebodyandsoul.com\/?s={search_term_string}\"},\"query-input\":{\"@type\":\"PropertyValueSpecification\",\"valueRequired\":true,\"valueName\":\"search_term_string\"}}],\"inLanguage\":\"fr-FR\"}]}<\/script>\n<!-- \/ Yoast SEO plugin. -->","yoast_head_json":{"title":"Pourquoi ouvrir un Zenergie ? - Zenergie Corps et \u00e2me","robots":{"index":"index","follow":"follow","max-snippet":"max-snippet:-1","max-image-preview":"max-image-preview:large","max-video-preview":"max-video-preview:-1"},"canonical":"https:\/\/zenergiebodyandsoul.com\/fr\/devenir-franchise-zenergie\/pourquoi-ouvrir-un-zenergie-2\/","og_locale":"fr_FR","og_type":"article","og_title":"\u00bfWhy open a Zenergie? - Zenergie Body and soul","og_description":"Zenergie didn\u2019t start as a business idea. It started as a response to something that was missing. After more than 30 years operating and leading fitness chains across Europe, we saw it clearly: Too many people were being left out of the traditional fitness model. We saw how staying well\u2014physically and emotionally\u2014became harder, less enjoyable, [&hellip;]","og_url":"https:\/\/zenergiebodyandsoul.com\/fr\/devenir-franchise-zenergie\/pourquoi-ouvrir-un-zenergie-2\/","og_site_name":"Zenergie Body and soul","article_modified_time":"2025-08-25T12:45:27+00:00","twitter_card":"summary_large_image","twitter_misc":{"Dur\u00e9e de lecture estim\u00e9e":"1 minute"},"schema":{"@context":"https:\/\/schema.org","@graph":[{"@type":"WebPage","@id":"https:\/\/zenergiebodyandsoul.com\/become-a-zenergie-franchisee\/why-open-a-zenergie\/","url":"https:\/\/zenergiebodyandsoul.com\/become-a-zenergie-franchisee\/why-open-a-zenergie\/","name":"Pourquoi ouvrir un Zenergie ? - Zenergie Corps et \u00e2me","isPartOf":{"@id":"https:\/\/zenergiebodyandsoul.com\/#website"},"datePublished":"2025-07-24T13:16:30+00:00","dateModified":"2025-08-25T12:45:27+00:00","breadcrumb":{"@id":"https:\/\/zenergiebodyandsoul.com\/become-a-zenergie-franchisee\/why-open-a-zenergie\/#breadcrumb"},"inLanguage":"fr-FR","potentialAction":[{"@type":"ReadAction","target":["https:\/\/zenergiebodyandsoul.com\/become-a-zenergie-franchisee\/why-open-a-zenergie\/"]}]},{"@type":"BreadcrumbList","@id":"https:\/\/zenergiebodyandsoul.com\/become-a-zenergie-franchisee\/why-open-a-zenergie\/#breadcrumb","itemListElement":[{"@type":"ListItem","position":1,"name":"Inici","item":"https:\/\/zenergiebodyandsoul.com\/"},{"@type":"ListItem","position":2,"name":"Become a Zenergie franchisee","item":"https:\/\/zenergiebodyandsoul.com\/become-a-zenergie-franchisee\/"},{"@type":"ListItem","position":3,"name":"\u00bfWhy open a Zenergie?"}]},{"@type":"WebSite","@id":"https:\/\/zenergiebodyandsoul.com\/#website","url":"https:\/\/zenergiebodyandsoul.com\/","name":"Zenergie Corps et \u00e2me","description":"","potentialAction":[{"@type":"SearchAction","target":{"@type":"EntryPoint","urlTemplate":"https:\/\/zenergiebodyandsoul.com\/?s={search_term_string}"},"query-input":{"@type":"PropertyValueSpecification","valueRequired":true,"valueName":"search_term_string"}}],"inLanguage":"fr-FR"}]}},"_links":{"self":[{"href":"https:\/\/zenergiebodyandsoul.com\/fr\/wp-json\/wp\/v2\/pages\/616","targetHints":{"allow":["GET"]}}],"collection":[{"href":"https:\/\/zenergiebodyandsoul.com\/fr\/wp-json\/wp\/v2\/pages"}],"about":[{"href":"https:\/\/zenergiebodyandsoul.com\/fr\/wp-json\/wp\/v2\/types\/page"}],"author":[{"embeddable":true,"href":"https:\/\/zenergiebodyandsoul.com\/fr\/wp-json\/wp\/v2\/users\/1"}],"replies":[{"embeddable":true,"href":"https:\/\/zenergiebodyandsoul.com\/fr\/wp-json\/wp\/v2\/comments?post=616"}],"version-history":[{"count":30,"href":"https:\/\/zenergiebodyandsoul.com\/fr\/wp-json\/wp\/v2\/pages\/616\/revisions"}],"predecessor-version":[{"id":737,"href":"https:\/\/zenergiebodyandsoul.com\/fr\/wp-json\/wp\/v2\/pages\/616\/revisions\/737"}],"up":[{"embeddable":true,"href":"https:\/\/zenergiebodyandsoul.com\/fr\/wp-json\/wp\/v2\/pages\/610"}],"wp:attachment":[{"href":"https:\/\/zenergiebodyandsoul.com\/fr\/wp-json\/wp\/v2\/media?parent=616"}],"curies":[{"name":"wp","href":"https:\/\/api.w.org\/{rel}","templated":true}]}}