{"id":519,"date":"2025-05-20T10:47:45","date_gmt":"2025-05-20T10:47:45","guid":{"rendered":"https:\/\/zenergiebodyandsoul.com\/?page_id=519"},"modified":"2025-05-27T06:41:11","modified_gmt":"2025-05-27T06:41:11","slug":"privacy-policy","status":"publish","type":"page","link":"https:\/\/zenergiebodyandsoul.com\/fr\/politique-de-confidentialite\/","title":{"rendered":"Politique de confidentialit\u00e9"},"content":{"rendered":"<p data-start=\"337\" data-end=\"362\"><strong data-start=\"340\" data-end=\"360\">CONTR\u00d4LEUR DES DONN\u00c9ES :<\/strong><\/p>\n<p data-start=\"363\" data-end=\"390\">FIT BRANDS INTERNATIONAL SL<\/p>\n<p data-start=\"392\" data-end=\"409\"><strong data-start=\"395\" data-end=\"407\">OBJECTIF :<\/strong><\/p>\n<p data-start=\"410\" data-end=\"820\">Gestion des demandes de renseignements et des requ\u00eates web ; gestion des clients potentiels et des contacts de l'entreprise ; envoi de communications commerciales et promotionnelles ; gestion de la relation contractuelle avec les clients ; mise \u00e0 jour des listes de suppression pour \u00e9viter d'\u00eatre contact\u00e9 si cela est demand\u00e9 ; permettre le fonctionnement de notre site web\/applications par le biais de cookies techniques et fonctionnels ; r\u00e9alisation de statistiques.<\/p>\n<p data-start=\"822\" data-end=\"843\"><strong data-start=\"825\" data-end=\"841\">BASE JURIDIQUE :<\/strong><\/p>\n<p data-start=\"844\" data-end=\"928\">Consentement explicite, ex\u00e9cution d'une relation contractuelle et int\u00e9r\u00eat l\u00e9gitime.<\/p>\n<p data-start=\"930\" data-end=\"950\"><strong data-start=\"933\" data-end=\"948\">RECIPIENTS :<\/strong><\/p>\n<p data-start=\"951\" data-end=\"1027\">Les donn\u00e9es ne seront pas transf\u00e9r\u00e9es \u00e0 des tiers, sauf en cas d'obligation l\u00e9gale.<\/p>\n<p data-start=\"1029\" data-end=\"1057\"><strong data-start=\"1032\" data-end=\"1055\">L'EXERCICE DES DROITS :<\/strong><\/p>\n<p data-start=\"1058\" data-end=\"1086\"><a class=\"cursor-pointer\" rel=\"noopener\" data-start=\"1058\" data-end=\"1086\">info@zenergiebodyandsoul.com<\/a><\/p>\n<p data-start=\"1088\" data-end=\"1120\"><strong data-start=\"1091\" data-end=\"1118\">DES INFORMATIONS COMPL\u00c9MENTAIRES :<\/strong><\/p>\n<p data-start=\"1121\" data-end=\"1227\">Vous pouvez consulter des informations suppl\u00e9mentaires et d\u00e9taill\u00e9es sur notre politique de protection des donn\u00e9es dans les clauses ci-dessous.<\/p>\n<p data-start=\"1229\" data-end=\"1805\">Les finalit\u00e9s du traitement des donn\u00e9es effectu\u00e9 par FIT BRANDS INTERNATIONAL SL en tant que CONTR\u00d4LEUR DE DONN\u00c9ES sont exclusivement : l'envoi de communications commerciales et promotionnelles, la gestion de la relation contractuelle avec les clients, la mise \u00e0 jour des listes de suppression pour \u00e9viter d'\u00eatre contact\u00e9 en cas de demande, permettre le fonctionnement de notre site web\/application par le biais de cookies techniques et fonctionnels, la r\u00e9alisation de statistiques, la gestion de la relation avec des clients potentiels et des contacts, ainsi qu'\u00e0 des fins commerciales et d'am\u00e9lioration de votre exp\u00e9rience en ligne.<\/p>\n<p data-start=\"1807\" data-end=\"1885\">Les cat\u00e9gories de donn\u00e9es trait\u00e9es par FIT BRANDS INTERNATIONAL SL sont les suivantes :<\/p>\n<ul data-start=\"1887\" data-end=\"2011\">\n<li data-start=\"1887\" data-end=\"1911\">\n<p data-start=\"1889\" data-end=\"1911\">Donn\u00e9es d'identification,<\/p>\n<\/li>\n<li data-start=\"1912\" data-end=\"1942\">\n<p data-start=\"1914\" data-end=\"1942\">Adresses postales ou \u00e9lectroniques,<\/p>\n<\/li>\n<li data-start=\"1943\" data-end=\"1983\">\n<p data-start=\"1945\" data-end=\"1983\">Informations commerciales et \u00e9conomiques,<\/p>\n<\/li>\n<li data-start=\"1984\" data-end=\"2011\">\n<p data-start=\"1986\" data-end=\"2011\">Caract\u00e9ristiques personnelles.<\/p>\n<\/li>\n<\/ul>\n<p data-start=\"2013\" data-end=\"2218\">Sauf indication contraire, nous consid\u00e9rons que les donn\u00e9es fournies n'ont pas \u00e9t\u00e9 modifi\u00e9es, que vous acceptez de nous informer de tout changement et que nous avons votre consentement pour les utiliser aux fins mentionn\u00e9es.<\/p>\n<p data-start=\"2220\" data-end=\"2302\">La base juridique de chaque activit\u00e9 de traitement en fonction des objectifs poursuivis est la suivante :<\/p>\n<ul data-start=\"2304\" data-end=\"2770\">\n<li data-start=\"2304\" data-end=\"2382\">\n<p data-start=\"2306\" data-end=\"2382\">Envoi de communications commerciales et promotionnelles : <strong data-start=\"2360\" data-end=\"2379\">CONSENTEMENT EXPLICITE<\/strong>.<\/p>\n<\/li>\n<li data-start=\"2383\" data-end=\"2490\">\n<p data-start=\"2385\" data-end=\"2490\">Gestion de la relation contractuelle avec les clients : <strong data-start=\"2442\" data-end=\"2487\">L'EX\u00c9CUTION D'UNE RELATION CONTRACTUELLE<\/strong>.<\/p>\n<\/li>\n<li data-start=\"2491\" data-end=\"2596\">\n<p data-start=\"2493\" data-end=\"2596\">Mise \u00e0 jour des listes de suppression afin d'\u00e9viter d'\u00eatre contact\u00e9 en cas de demande : <strong data-start=\"2573\" data-end=\"2593\">OBLIGATION L\u00c9GALE<\/strong>.<\/p>\n<\/li>\n<li data-start=\"2597\" data-end=\"2718\">\n<p data-start=\"2599\" data-end=\"2718\">Permettre le fonctionnement de notre site web\/applications par le biais de cookies techniques et fonctionnels : <strong data-start=\"2692\" data-end=\"2715\">INT\u00c9R\u00caT L\u00c9GITIME<\/strong>.<\/p>\n<\/li>\n<li data-start=\"2719\" data-end=\"2770\">\n<p data-start=\"2721\" data-end=\"2770\">R\u00e9alisation de statistiques : <strong data-start=\"2746\" data-end=\"2769\">INT\u00c9R\u00caT L\u00c9GITIME<\/strong>.<\/p>\n<\/li>\n<\/ul>\n<p data-start=\"2772\" data-end=\"3449\">Nous vous informons que l'utilisation des formulaires disponibles sur zenergiebodyandsoul.com est limit\u00e9e aux utilisateurs majeurs. Par cons\u00e9quent, en utilisant l'un d'entre eux, vous garantissez que vous remplissez cette condition et acceptez les cons\u00e9quences qui pourraient en d\u00e9couler. Les formulaires fournis peuvent \u00eatre remplis dans la langue de votre choix. Toutefois, FIT BRANDS INTERNATIONAL SL n'est pas responsable des erreurs ou de l'impossibilit\u00e9 de traiter votre demande en raison de l'utilisation d'une langue inappropri\u00e9e. Le remplissage des formulaires, ainsi que d'autres questionnaires qui pourraient \u00eatre fournis \u00e0 l'avenir, est totalement facultatif ; toutefois, le refus de fournir certaines donn\u00e9es peut entra\u00eener l'impossibilit\u00e9 de donner suite \u00e0 votre demande.<\/p>\n<p data-start=\"3451\" data-end=\"3874\">FIT BRANDS INTERNATIONAL SL a adopt\u00e9 les mesures de s\u00e9curit\u00e9 requises par la loi pour la protection des donn\u00e9es personnelles et s'efforce de mettre en \u0153uvre tous les moyens techniques suppl\u00e9mentaires \u00e0 sa port\u00e9e pour \u00e9viter la perte, l'utilisation abusive, l'alt\u00e9ration, l'acc\u00e8s non autoris\u00e9 et le vol des donn\u00e9es personnelles fournies. Par cons\u00e9quent, nous garantissons la plus grande confidentialit\u00e9 dans leur traitement, en confirmant qu'aucune donn\u00e9e ne sera transf\u00e9r\u00e9e \u00e0 des tiers.<\/p>\n<p data-start=\"3876\" data-end=\"4232\">En fournissant volontairement vos donn\u00e9es, vous CONSENTEZ EXPRESS\u00c9MENT \u00e0 leur traitement, automatis\u00e9 ou non, par FIT BRANDS INTERNATIONAL SL, ainsi qu'\u00e0 leur communication aux entit\u00e9s dont la connexion \u00e0 vos donn\u00e9es est n\u00e9cessaire ou l\u00e9galement requise. Dans le cas de communications commerciales par courrier \u00e9lectronique ou par des moyens \u00e9quivalents, vous CONSENTEZ EXPRESS\u00c9MENT \u00e0 les recevoir.<\/p>\n<p data-start=\"4234\" data-end=\"4494\">Le consentement accord\u00e9 peut \u00eatre r\u00e9voqu\u00e9 \u00e0 tout moment en exer\u00e7ant les droits de restriction du traitement, de portabilit\u00e9 des donn\u00e9es, d'acc\u00e8s, de rectification, de suppression et d'opposition, que FIT BRANDS INTERNATIONAL SL garantit en contactant :<br data-start=\"4456\" data-end=\"4459\" \/>\ud83d\udce7 <strong data-start=\"4462\" data-end=\"4494\"><a class=\"cursor-pointer\" rel=\"noopener\" data-start=\"4464\" data-end=\"4492\">info@zenergiebodyandsoul.com<\/a><\/strong><\/p>","protected":false},"excerpt":{"rendered":"<p>DATA CONTROLLER: FIT BRANDS INTERNATIONAL SL PURPOSE: Management of inquiries and web requests; management of the company&#8217;s potential clients and contacts; sending of commercial and promotional communications; management of the contractual relationship with clients; maintenance of updated suppression lists to avoid being contacted if requested; enabling the operation of our website\/applications through technical and functional [&hellip;]<\/p>","protected":false},"author":1,"featured_media":0,"parent":0,"menu_order":0,"comment_status":"closed","ping_status":"closed","template":"page-legal.php","meta":{"_acf_changed":false,"footnotes":""},"class_list":["post-519","page","type-page","status-publish","hentry"],"acf":[],"yoast_head":"<!-- This site is optimized with the Yoast SEO plugin v25.7 - https:\/\/yoast.com\/wordpress\/plugins\/seo\/ -->\n<title>Privacy policy - Zenergie Body and soul<\/title>\n<meta name=\"robots\" content=\"index, follow, max-snippet:-1, max-image-preview:large, max-video-preview:-1\" \/>\n<link rel=\"canonical\" href=\"https:\/\/zenergiebodyandsoul.com\/fr\/politique-de-confidentialite\/\" \/>\n<meta property=\"og:locale\" content=\"fr_FR\" \/>\n<meta property=\"og:type\" content=\"article\" \/>\n<meta property=\"og:title\" content=\"Privacy policy - Zenergie Body and soul\" \/>\n<meta property=\"og:description\" content=\"DATA CONTROLLER: FIT BRANDS INTERNATIONAL SL PURPOSE: Management of inquiries and web requests; management of the company&#8217;s potential clients and contacts; sending of commercial and promotional communications; management of the contractual relationship with clients; maintenance of updated suppression lists to avoid being contacted if requested; enabling the operation of our website\/applications through technical and functional [&hellip;]\" \/>\n<meta property=\"og:url\" content=\"https:\/\/zenergiebodyandsoul.com\/fr\/politique-de-confidentialite\/\" \/>\n<meta property=\"og:site_name\" content=\"Zenergie Body and soul\" \/>\n<meta property=\"article:modified_time\" content=\"2025-05-27T06:41:11+00:00\" \/>\n<meta name=\"twitter:card\" content=\"summary_large_image\" \/>\n<meta name=\"twitter:label1\" content=\"Dur\u00e9e de lecture estim\u00e9e\" \/>\n\t<meta name=\"twitter:data1\" content=\"4 minutes\" \/>\n<script type=\"application\/ld+json\" class=\"yoast-schema-graph\">{\"@context\":\"https:\/\/schema.org\",\"@graph\":[{\"@type\":\"WebPage\",\"@id\":\"https:\/\/zenergiebodyandsoul.com\/privacy-policy\/\",\"url\":\"https:\/\/zenergiebodyandsoul.com\/privacy-policy\/\",\"name\":\"Privacy policy - Zenergie Body and soul\",\"isPartOf\":{\"@id\":\"https:\/\/zenergiebodyandsoul.com\/#website\"},\"datePublished\":\"2025-05-20T10:47:45+00:00\",\"dateModified\":\"2025-05-27T06:41:11+00:00\",\"breadcrumb\":{\"@id\":\"https:\/\/zenergiebodyandsoul.com\/privacy-policy\/#breadcrumb\"},\"inLanguage\":\"fr-FR\",\"potentialAction\":[{\"@type\":\"ReadAction\",\"target\":[\"https:\/\/zenergiebodyandsoul.com\/privacy-policy\/\"]}]},{\"@type\":\"BreadcrumbList\",\"@id\":\"https:\/\/zenergiebodyandsoul.com\/privacy-policy\/#breadcrumb\",\"itemListElement\":[{\"@type\":\"ListItem\",\"position\":1,\"name\":\"Inici\",\"item\":\"https:\/\/zenergiebodyandsoul.com\/\"},{\"@type\":\"ListItem\",\"position\":2,\"name\":\"Privacy policy\"}]},{\"@type\":\"WebSite\",\"@id\":\"https:\/\/zenergiebodyandsoul.com\/#website\",\"url\":\"https:\/\/zenergiebodyandsoul.com\/\",\"name\":\"Zenergie Body and soul\",\"description\":\"\",\"potentialAction\":[{\"@type\":\"SearchAction\",\"target\":{\"@type\":\"EntryPoint\",\"urlTemplate\":\"https:\/\/zenergiebodyandsoul.com\/?s={search_term_string}\"},\"query-input\":{\"@type\":\"PropertyValueSpecification\",\"valueRequired\":true,\"valueName\":\"search_term_string\"}}],\"inLanguage\":\"fr-FR\"}]}<\/script>\n<!-- \/ Yoast SEO plugin. -->","yoast_head_json":{"title":"Politique de confidentialit\u00e9 - Zenergie Body and soul","robots":{"index":"index","follow":"follow","max-snippet":"max-snippet:-1","max-image-preview":"max-image-preview:large","max-video-preview":"max-video-preview:-1"},"canonical":"https:\/\/zenergiebodyandsoul.com\/fr\/politique-de-confidentialite\/","og_locale":"fr_FR","og_type":"article","og_title":"Privacy policy - Zenergie Body and soul","og_description":"DATA CONTROLLER: FIT BRANDS INTERNATIONAL SL PURPOSE: Management of inquiries and web requests; management of the company&#8217;s potential clients and contacts; sending of commercial and promotional communications; management of the contractual relationship with clients; maintenance of updated suppression lists to avoid being contacted if requested; enabling the operation of our website\/applications through technical and functional [&hellip;]","og_url":"https:\/\/zenergiebodyandsoul.com\/fr\/politique-de-confidentialite\/","og_site_name":"Zenergie Body and soul","article_modified_time":"2025-05-27T06:41:11+00:00","twitter_card":"summary_large_image","twitter_misc":{"Dur\u00e9e de lecture estim\u00e9e":"4 minutes"},"schema":{"@context":"https:\/\/schema.org","@graph":[{"@type":"WebPage","@id":"https:\/\/zenergiebodyandsoul.com\/privacy-policy\/","url":"https:\/\/zenergiebodyandsoul.com\/privacy-policy\/","name":"Politique de confidentialit\u00e9 - Zenergie Body and soul","isPartOf":{"@id":"https:\/\/zenergiebodyandsoul.com\/#website"},"datePublished":"2025-05-20T10:47:45+00:00","dateModified":"2025-05-27T06:41:11+00:00","breadcrumb":{"@id":"https:\/\/zenergiebodyandsoul.com\/privacy-policy\/#breadcrumb"},"inLanguage":"fr-FR","potentialAction":[{"@type":"ReadAction","target":["https:\/\/zenergiebodyandsoul.com\/privacy-policy\/"]}]},{"@type":"BreadcrumbList","@id":"https:\/\/zenergiebodyandsoul.com\/privacy-policy\/#breadcrumb","itemListElement":[{"@type":"ListItem","position":1,"name":"Inici","item":"https:\/\/zenergiebodyandsoul.com\/"},{"@type":"ListItem","position":2,"name":"Privacy policy"}]},{"@type":"WebSite","@id":"https:\/\/zenergiebodyandsoul.com\/#website","url":"https:\/\/zenergiebodyandsoul.com\/","name":"Zenergie Corps et \u00e2me","description":"","potentialAction":[{"@type":"SearchAction","target":{"@type":"EntryPoint","urlTemplate":"https:\/\/zenergiebodyandsoul.com\/?s={search_term_string}"},"query-input":{"@type":"PropertyValueSpecification","valueRequired":true,"valueName":"search_term_string"}}],"inLanguage":"fr-FR"}]}},"_links":{"self":[{"href":"https:\/\/zenergiebodyandsoul.com\/fr\/wp-json\/wp\/v2\/pages\/519","targetHints":{"allow":["GET"]}}],"collection":[{"href":"https:\/\/zenergiebodyandsoul.com\/fr\/wp-json\/wp\/v2\/pages"}],"about":[{"href":"https:\/\/zenergiebodyandsoul.com\/fr\/wp-json\/wp\/v2\/types\/page"}],"author":[{"embeddable":true,"href":"https:\/\/zenergiebodyandsoul.com\/fr\/wp-json\/wp\/v2\/users\/1"}],"replies":[{"embeddable":true,"href":"https:\/\/zenergiebodyandsoul.com\/fr\/wp-json\/wp\/v2\/comments?post=519"}],"version-history":[{"count":6,"href":"https:\/\/zenergiebodyandsoul.com\/fr\/wp-json\/wp\/v2\/pages\/519\/revisions"}],"predecessor-version":[{"id":555,"href":"https:\/\/zenergiebodyandsoul.com\/fr\/wp-json\/wp\/v2\/pages\/519\/revisions\/555"}],"wp:attachment":[{"href":"https:\/\/zenergiebodyandsoul.com\/fr\/wp-json\/wp\/v2\/media?parent=519"}],"curies":[{"name":"wp","href":"https:\/\/api.w.org\/{rel}","templated":true}]}}