{"id":470,"date":"2025-05-19T10:11:03","date_gmt":"2025-05-19T10:11:03","guid":{"rendered":"https:\/\/zenergiebodyandsoul.com\/?page_id=470"},"modified":"2025-10-14T11:45:11","modified_gmt":"2025-10-14T11:45:11","slug":"the-zen-studio","status":"publish","type":"page","link":"https:\/\/zenergiebodyandsoul.com\/fr\/nos-experiences\/le-studio-zen\/","title":{"rendered":"Le studio Zen"},"content":{"rendered":"<h2 data-start=\"62\" data-end=\"735\">Yoga<\/h2>\n<p class=\"\" data-start=\"62\" data-end=\"735\">Chez Zenergie, nous sommes fiers de proposer quatre types de cours de yoga dans notre studio Zen, chacun \u00e9tant con\u00e7u pour r\u00e9pondre \u00e0 des besoins et des pr\u00e9f\u00e9rences sp\u00e9cifiques, afin d'am\u00e9liorer le bien-\u00eatre g\u00e9n\u00e9ral de nos membres. Le yoga, discipline spirituelle ancr\u00e9e dans la science subtile, vise \u00e0 atteindre l'harmonie entre le corps et l'esprit. D\u00e9riv\u00e9 de la racine sanskrite \"yuj\", qui signifie \"unir\", le yoga int\u00e8gre des pratiques mentales, physiques et spirituelles qui ont de profonds effets b\u00e9n\u00e9fiques sur la sant\u00e9. Les avantages du yoga pour la sant\u00e9 mentale sont bien document\u00e9s, et en proposant une vari\u00e9t\u00e9 de disciplines, nous nous assurons que chaque membre peut trouver une pratique qui r\u00e9sonne avec son parcours personnel de bien-\u00eatre.<\/p>\n<h2 data-start=\"737\" data-end=\"1068\">M\u00e9ditation<\/h2>\n<p class=\"\" data-start=\"737\" data-end=\"1068\">En plus de notre offre vari\u00e9e de yoga, nous proposons \u00e9galement des cours de m\u00e9ditation r\u00e9currents. Ces s\u00e9ances sont con\u00e7ues pour am\u00e9liorer la clart\u00e9 mentale, r\u00e9duire le stress et favoriser l'\u00e9quilibre \u00e9motionnel. La m\u00e9ditation compl\u00e8te nos pratiques de yoga en offrant aux membres un espace pour cultiver la pleine conscience et la paix int\u00e9rieure.<\/p>\n<h2 data-start=\"737\" data-end=\"1068\">Travail sur la respiration<\/h2>\n<div>Nous int\u00e9grons des s\u00e9ances de respiration guid\u00e9e pour aider les membres \u00e0 se reconnecter \u00e0 l'un des outils les plus puissants du corps.<\/div>\n<div>Gr\u00e2ce \u00e0 des techniques simples et scientifiquement fond\u00e9es, nous entra\u00eenons la respiration \u00e0 r\u00e9guler le stress, \u00e0 am\u00e9liorer l'oxyg\u00e9nation, \u00e0 stimuler la r\u00e9cup\u00e9ration et \u00e0 renforcer la clart\u00e9 mentale.<\/div>","protected":false},"excerpt":{"rendered":"<p>Yoga At Zenergie, we are proud to offer four distinct types of yoga classes in our Zen Studio, each designed to address specific needs and preferences, thereby enhancing the overall well-being of our members. Yoga, a spiritual discipline rooted in subtle science, aims to achieve harmony between the mind and body. Derived from the Sanskrit [&hellip;]<\/p>","protected":false},"author":1,"featured_media":471,"parent":750,"menu_order":0,"comment_status":"closed","ping_status":"closed","template":"page-ioga.php","meta":{"_acf_changed":false,"footnotes":""},"class_list":["post-470","page","type-page","status-publish","has-post-thumbnail","hentry"],"acf":[],"yoast_head":"<!-- This site is optimized with the Yoast SEO plugin v25.7 - https:\/\/yoast.com\/wordpress\/plugins\/seo\/ -->\n<title>The Zen studio - Zenergie Body and soul<\/title>\n<meta name=\"robots\" content=\"index, follow, max-snippet:-1, max-image-preview:large, max-video-preview:-1\" \/>\n<link rel=\"canonical\" href=\"https:\/\/zenergiebodyandsoul.com\/fr\/nos-experiences\/le-studio-zen\/\" \/>\n<meta property=\"og:locale\" content=\"fr_FR\" \/>\n<meta property=\"og:type\" content=\"article\" \/>\n<meta property=\"og:title\" content=\"The Zen studio - Zenergie Body and soul\" \/>\n<meta property=\"og:description\" content=\"Yoga At Zenergie, we are proud to offer four distinct types of yoga classes in our Zen Studio, each designed to address specific needs and preferences, thereby enhancing the overall well-being of our members. Yoga, a spiritual discipline rooted in subtle science, aims to achieve harmony between the mind and body. Derived from the Sanskrit [&hellip;]\" \/>\n<meta property=\"og:url\" content=\"https:\/\/zenergiebodyandsoul.com\/fr\/nos-experiences\/le-studio-zen\/\" \/>\n<meta property=\"og:site_name\" content=\"Zenergie Body and soul\" \/>\n<meta property=\"article:modified_time\" content=\"2025-10-14T11:45:11+00:00\" \/>\n<meta property=\"og:image\" content=\"http:\/\/zenergiebodyandsoul.com\/wp-content\/uploads\/2025\/05\/yoga.jpg\" \/>\n\t<meta property=\"og:image:width\" content=\"1920\" \/>\n\t<meta property=\"og:image:height\" content=\"1500\" \/>\n\t<meta property=\"og:image:type\" content=\"image\/jpeg\" \/>\n<meta name=\"twitter:card\" content=\"summary_large_image\" \/>\n<meta name=\"twitter:label1\" content=\"Dur\u00e9e de lecture estim\u00e9e\" \/>\n\t<meta name=\"twitter:data1\" content=\"2 minutes\" \/>\n<script type=\"application\/ld+json\" class=\"yoast-schema-graph\">{\"@context\":\"https:\/\/schema.org\",\"@graph\":[{\"@type\":\"WebPage\",\"@id\":\"https:\/\/zenergiebodyandsoul.com\/our-experiences\/the-zen-studio\/\",\"url\":\"https:\/\/zenergiebodyandsoul.com\/our-experiences\/the-zen-studio\/\",\"name\":\"The Zen studio - Zenergie Body and soul\",\"isPartOf\":{\"@id\":\"https:\/\/zenergiebodyandsoul.com\/#website\"},\"primaryImageOfPage\":{\"@id\":\"https:\/\/zenergiebodyandsoul.com\/our-experiences\/the-zen-studio\/#primaryimage\"},\"image\":{\"@id\":\"https:\/\/zenergiebodyandsoul.com\/our-experiences\/the-zen-studio\/#primaryimage\"},\"thumbnailUrl\":\"https:\/\/zenergiebodyandsoul.com\/wp-content\/uploads\/2025\/05\/yoga.jpg\",\"datePublished\":\"2025-05-19T10:11:03+00:00\",\"dateModified\":\"2025-10-14T11:45:11+00:00\",\"breadcrumb\":{\"@id\":\"https:\/\/zenergiebodyandsoul.com\/our-experiences\/the-zen-studio\/#breadcrumb\"},\"inLanguage\":\"fr-FR\",\"potentialAction\":[{\"@type\":\"ReadAction\",\"target\":[\"https:\/\/zenergiebodyandsoul.com\/our-experiences\/the-zen-studio\/\"]}]},{\"@type\":\"ImageObject\",\"inLanguage\":\"fr-FR\",\"@id\":\"https:\/\/zenergiebodyandsoul.com\/our-experiences\/the-zen-studio\/#primaryimage\",\"url\":\"https:\/\/zenergiebodyandsoul.com\/wp-content\/uploads\/2025\/05\/yoga.jpg\",\"contentUrl\":\"https:\/\/zenergiebodyandsoul.com\/wp-content\/uploads\/2025\/05\/yoga.jpg\",\"width\":1920,\"height\":1500},{\"@type\":\"BreadcrumbList\",\"@id\":\"https:\/\/zenergiebodyandsoul.com\/our-experiences\/the-zen-studio\/#breadcrumb\",\"itemListElement\":[{\"@type\":\"ListItem\",\"position\":1,\"name\":\"Inici\",\"item\":\"https:\/\/zenergiebodyandsoul.com\/\"},{\"@type\":\"ListItem\",\"position\":2,\"name\":\"Our Experiences\",\"item\":\"https:\/\/zenergiebodyandsoul.com\/our-experiences\/\"},{\"@type\":\"ListItem\",\"position\":3,\"name\":\"The Zen studio\"}]},{\"@type\":\"WebSite\",\"@id\":\"https:\/\/zenergiebodyandsoul.com\/#website\",\"url\":\"https:\/\/zenergiebodyandsoul.com\/\",\"name\":\"Zenergie Body and soul\",\"description\":\"\",\"potentialAction\":[{\"@type\":\"SearchAction\",\"target\":{\"@type\":\"EntryPoint\",\"urlTemplate\":\"https:\/\/zenergiebodyandsoul.com\/?s={search_term_string}\"},\"query-input\":{\"@type\":\"PropertyValueSpecification\",\"valueRequired\":true,\"valueName\":\"search_term_string\"}}],\"inLanguage\":\"fr-FR\"}]}<\/script>\n<!-- \/ Yoast SEO plugin. -->","yoast_head_json":{"title":"Le studio Zen - Zenergie Corps et \u00e2me","robots":{"index":"index","follow":"follow","max-snippet":"max-snippet:-1","max-image-preview":"max-image-preview:large","max-video-preview":"max-video-preview:-1"},"canonical":"https:\/\/zenergiebodyandsoul.com\/fr\/nos-experiences\/le-studio-zen\/","og_locale":"fr_FR","og_type":"article","og_title":"The Zen studio - Zenergie Body and soul","og_description":"Yoga At Zenergie, we are proud to offer four distinct types of yoga classes in our Zen Studio, each designed to address specific needs and preferences, thereby enhancing the overall well-being of our members. Yoga, a spiritual discipline rooted in subtle science, aims to achieve harmony between the mind and body. Derived from the Sanskrit [&hellip;]","og_url":"https:\/\/zenergiebodyandsoul.com\/fr\/nos-experiences\/le-studio-zen\/","og_site_name":"Zenergie Body and soul","article_modified_time":"2025-10-14T11:45:11+00:00","og_image":[{"width":1920,"height":1500,"url":"http:\/\/zenergiebodyandsoul.com\/wp-content\/uploads\/2025\/05\/yoga.jpg","type":"image\/jpeg"}],"twitter_card":"summary_large_image","twitter_misc":{"Dur\u00e9e de lecture estim\u00e9e":"2 minutes"},"schema":{"@context":"https:\/\/schema.org","@graph":[{"@type":"WebPage","@id":"https:\/\/zenergiebodyandsoul.com\/our-experiences\/the-zen-studio\/","url":"https:\/\/zenergiebodyandsoul.com\/our-experiences\/the-zen-studio\/","name":"Le studio Zen - Zenergie Corps et \u00e2me","isPartOf":{"@id":"https:\/\/zenergiebodyandsoul.com\/#website"},"primaryImageOfPage":{"@id":"https:\/\/zenergiebodyandsoul.com\/our-experiences\/the-zen-studio\/#primaryimage"},"image":{"@id":"https:\/\/zenergiebodyandsoul.com\/our-experiences\/the-zen-studio\/#primaryimage"},"thumbnailUrl":"https:\/\/zenergiebodyandsoul.com\/wp-content\/uploads\/2025\/05\/yoga.jpg","datePublished":"2025-05-19T10:11:03+00:00","dateModified":"2025-10-14T11:45:11+00:00","breadcrumb":{"@id":"https:\/\/zenergiebodyandsoul.com\/our-experiences\/the-zen-studio\/#breadcrumb"},"inLanguage":"fr-FR","potentialAction":[{"@type":"ReadAction","target":["https:\/\/zenergiebodyandsoul.com\/our-experiences\/the-zen-studio\/"]}]},{"@type":"ImageObject","inLanguage":"fr-FR","@id":"https:\/\/zenergiebodyandsoul.com\/our-experiences\/the-zen-studio\/#primaryimage","url":"https:\/\/zenergiebodyandsoul.com\/wp-content\/uploads\/2025\/05\/yoga.jpg","contentUrl":"https:\/\/zenergiebodyandsoul.com\/wp-content\/uploads\/2025\/05\/yoga.jpg","width":1920,"height":1500},{"@type":"BreadcrumbList","@id":"https:\/\/zenergiebodyandsoul.com\/our-experiences\/the-zen-studio\/#breadcrumb","itemListElement":[{"@type":"ListItem","position":1,"name":"Inici","item":"https:\/\/zenergiebodyandsoul.com\/"},{"@type":"ListItem","position":2,"name":"Our Experiences","item":"https:\/\/zenergiebodyandsoul.com\/our-experiences\/"},{"@type":"ListItem","position":3,"name":"The Zen studio"}]},{"@type":"WebSite","@id":"https:\/\/zenergiebodyandsoul.com\/#website","url":"https:\/\/zenergiebodyandsoul.com\/","name":"Zenergie Corps et \u00e2me","description":"","potentialAction":[{"@type":"SearchAction","target":{"@type":"EntryPoint","urlTemplate":"https:\/\/zenergiebodyandsoul.com\/?s={search_term_string}"},"query-input":{"@type":"PropertyValueSpecification","valueRequired":true,"valueName":"search_term_string"}}],"inLanguage":"fr-FR"}]}},"_links":{"self":[{"href":"https:\/\/zenergiebodyandsoul.com\/fr\/wp-json\/wp\/v2\/pages\/470","targetHints":{"allow":["GET"]}}],"collection":[{"href":"https:\/\/zenergiebodyandsoul.com\/fr\/wp-json\/wp\/v2\/pages"}],"about":[{"href":"https:\/\/zenergiebodyandsoul.com\/fr\/wp-json\/wp\/v2\/types\/page"}],"author":[{"embeddable":true,"href":"https:\/\/zenergiebodyandsoul.com\/fr\/wp-json\/wp\/v2\/users\/1"}],"replies":[{"embeddable":true,"href":"https:\/\/zenergiebodyandsoul.com\/fr\/wp-json\/wp\/v2\/comments?post=470"}],"version-history":[{"count":9,"href":"https:\/\/zenergiebodyandsoul.com\/fr\/wp-json\/wp\/v2\/pages\/470\/revisions"}],"predecessor-version":[{"id":794,"href":"https:\/\/zenergiebodyandsoul.com\/fr\/wp-json\/wp\/v2\/pages\/470\/revisions\/794"}],"up":[{"embeddable":true,"href":"https:\/\/zenergiebodyandsoul.com\/fr\/wp-json\/wp\/v2\/pages\/750"}],"wp:featuredmedia":[{"embeddable":true,"href":"https:\/\/zenergiebodyandsoul.com\/fr\/wp-json\/wp\/v2\/media\/471"}],"wp:attachment":[{"href":"https:\/\/zenergiebodyandsoul.com\/fr\/wp-json\/wp\/v2\/media?parent=470"}],"curies":[{"name":"wp","href":"https:\/\/api.w.org\/{rel}","templated":true}]}}