{"id":404,"date":"2024-01-22T10:19:01","date_gmt":"2024-01-22T10:19:01","guid":{"rendered":"http:\/\/zenergiebodyandsoul.com\/?page_id=404"},"modified":"2025-05-27T06:53:16","modified_gmt":"2025-05-27T06:53:16","slug":"legal-notice","status":"publish","type":"page","link":"https:\/\/zenergiebodyandsoul.com\/fr\/avis-juridique\/","title":{"rendered":"Avis juridique"},"content":{"rendered":"<p data-start=\"169\" data-end=\"468\">Le pr\u00e9sent avis juridique r\u00e9git l'acc\u00e8s de l'UTILISATEUR aux contenus fournis par FIT BRANDS INTERNATIONAL SL sur ce site web. La simple utilisation de l'information contenue dans ce site implique l'acceptation totale de cet avis juridique, c'est pourquoi nous vous recommandons de le consulter r\u00e9guli\u00e8rement en raison des mises \u00e0 jour permanentes.<\/p>\n<p data-start=\"470\" data-end=\"498\"><strong data-start=\"474\" data-end=\"498\">INFORMATIONS G\u00c9N\u00c9RALES :<\/strong><\/p>\n<p data-start=\"500\" data-end=\"873\">Conform\u00e9ment \u00e0 l'article 10 de la loi espagnole 34\/2002, du 11 juillet, sur les services de la soci\u00e9t\u00e9 de l'information et le commerce \u00e9lectronique (ci-apr\u00e8s, LSSICE), nous vous informons que le propri\u00e9taire du domaine <em data-start=\"688\" data-end=\"713\">zenergiebodyandsoul.com<\/em> est <strong data-start=\"717\" data-end=\"748\">FIT BRANDS INTERNATIONAL SL<\/strong> (num\u00e9ro d'identification fiscale : B56258940), dont le si\u00e8ge social est situ\u00e9 \u00e0 l'adresse suivante <strong data-start=\"797\" data-end=\"872\">Calle D Antoni Bell, 6, 08174, Sant Cugat del Vall\u00e8s (Barcelona), Espagne<\/strong>.<\/p>\n<p data-start=\"875\" data-end=\"922\">Courriel de contact : <strong data-start=\"890\" data-end=\"922\"><a class=\"cursor-pointer\" rel=\"noopener\" data-start=\"892\" data-end=\"920\">info@zenergiebodyandsoul.com<\/a><\/strong><\/p>\n<p data-start=\"875\" data-end=\"922\"><strong data-start=\"932\" data-end=\"972\">PROPRI\u00c9T\u00c9 INTELLECTUELLE ET INDUSTRIELLE<\/strong><\/p>\n<p data-start=\"974\" data-end=\"1337\">Le contenu de <em data-start=\"990\" data-end=\"1015\">zenergiebodyandsoul.com<\/em>y compris les textes, les images, la conception graphique, le code source, les logos, les marques, etc. <strong data-start=\"1122\" data-end=\"1153\">FIT BRANDS INTERNATIONAL SL<\/strong> et sont prot\u00e9g\u00e9s par la r\u00e9glementation sur la propri\u00e9t\u00e9 intellectuelle et industrielle. Par cons\u00e9quent, la reproduction, la modification, la distribution ou la manipulation de ces contenus est strictement interdite.<\/p>\n<p data-start=\"1339\" data-end=\"1754\">FIT BRANDS INTERNATIONAL SL est l'unique propri\u00e9taire de tous les droits intellectuels, industriels et analogues de l'\u0153uvre. <em data-start=\"1446\" data-end=\"1471\">zenergiebodyandsoul.com<\/em> site web. Tous les droits sur le contenu, les services et les \u00e9l\u00e9ments incorpor\u00e9s dans le site web sont r\u00e9serv\u00e9s, y compris, mais sans s'y limiter, l'aspect visuel, l'image graphique, l'architecture de navigation, le code source, les images, les enregistrements, les logiciels, les bases de donn\u00e9es, la technologie, les logos et les marques.<\/p>\n<p data-start=\"1756\" data-end=\"2093\">Vous vous engagez \u00e0 ne pas supprimer, alt\u00e9rer, manipuler ou modifier les mentions de droits d'auteur, les marques (telles que \u00a9, \u00ae, \u2122), les mesures techniques de protection ou les identifiants int\u00e9gr\u00e9s dans les contenus (par exemple, filigranes, empreintes digitales), et \u00e0 n'acc\u00e9der, visualiser et, le cas \u00e9ch\u00e9ant, t\u00e9l\u00e9charger les contenus ou les services que pour un usage strictement personnel et non commercial.<\/p>\n<p data-start=\"2095\" data-end=\"2320\">FIT BRANDS INTERNATIONAL SL se r\u00e9serve tous les droits de propri\u00e9t\u00e9 intellectuelle et industrielle sur les \u00e9l\u00e9ments de son site Web et n'accorde aucune licence ou autorisation au-del\u00e0 de ce qui est explicitement indiqu\u00e9 dans la pr\u00e9sente clause.<\/p>\n<p data-start=\"2327\" data-end=\"2355\"><strong data-start=\"2330\" data-end=\"2355\">R\u00c9SERVE DE DROITS<\/strong><\/p>\n<p data-start=\"2357\" data-end=\"2574\">FIT BRANDS INTERNATIONAL SL se r\u00e9serve le droit de mettre \u00e0 jour, de modifier ou de supprimer des informations sur <em data-start=\"2448\" data-end=\"2473\">zenergiebodyandsoul.com<\/em>y compris sa configuration, ses caract\u00e9ristiques ou ses conditions g\u00e9n\u00e9rales, \u00e0 tout moment et sans pr\u00e9avis.<\/p>\n<p data-start=\"2576\" data-end=\"3002\">L'entreprise ne garantit pas l'absence d'interruptions ou d'erreurs dans l'acc\u00e8s ou l'utilisation des \u00e9l\u00e9ments suivants <em data-start=\"2669\" data-end=\"2694\">zenergiebodyandsoul.com<\/em> et d\u00e9cline toute responsabilit\u00e9 en cas de probl\u00e8mes techniques ou de d\u00e9faillance de la connexion \u00e0 l'internet. Il ne garantit pas l'absence de virus ou d'autres \u00e9l\u00e9ments nuisibles pouvant affecter votre syst\u00e8me informatique ou les documents et fichiers qui y sont stock\u00e9s, et d\u00e9cline toute responsabilit\u00e9 pour les dommages r\u00e9sultant de tels \u00e9l\u00e9ments.<\/p>\n<p data-start=\"3009\" data-end=\"3039\"><strong data-start=\"3012\" data-end=\"3039\">LIMITATION DE LA RESPONSABILIT\u00c9<\/strong><\/p>\n<p data-start=\"3041\" data-end=\"3395\"><strong data-start=\"3041\" data-end=\"3063\">A propos de l'information :<\/strong><br data-start=\"3063\" data-end=\"3066\" \/>FIT BRANDS INTERNATIONAL SL ne garantit pas l'exactitude, l'ad\u00e9quation, la pertinence ou l'actualit\u00e9 des informations fournies sur le site Internet de <em data-start=\"3195\" data-end=\"3220\">zenergiebodyandsoul.com<\/em>. Le contenu est fourni \u00e0 titre d'information uniquement. FIT BRANDS INTERNATIONAL SL n'est pas responsable des d\u00e9cisions que vous prenez sur la base de ce contenu, ni des dommages que vous ou des tiers pourriez subir.<\/p>\n<p data-start=\"3397\" data-end=\"3743\"><strong data-start=\"3397\" data-end=\"3423\">Sur la qualit\u00e9 du service :<\/strong><br data-start=\"3423\" data-end=\"3426\" \/>Vous reconnaissez \u00eatre conscient de l'existence de virus et d'autres \u00e9l\u00e9ments malveillants sur l'internet. Il est de votre responsabilit\u00e9 d'utiliser les outils de d\u00e9tection et de d\u00e9sinfection appropri\u00e9s. FIT BRANDS INTERNATIONAL SL n'est pas responsable des dommages caus\u00e9s \u00e0 vos appareils ou \u00e0 l'\u00e9quipement de tiers \u00e0 la suite de l'acc\u00e8s au site.<\/p>\n<p data-start=\"3745\" data-end=\"4107\"><strong data-start=\"3745\" data-end=\"3776\">Sur la disponibilit\u00e9 des services :<\/strong><br data-start=\"3776\" data-end=\"3779\" \/>L'acc\u00e8s au site Web d\u00e9pend de services de tiers sur lesquels FIT BRANDS INTERNATIONAL SL n'a aucun contr\u00f4le. Par cons\u00e9quent, le service peut \u00eatre suspendu, annul\u00e9 ou devenir indisponible \u00e0 tout moment. FIT BRANDS INTERNATIONAL SL n'est pas responsable des dommages caus\u00e9s par des pannes de t\u00e9l\u00e9communications entra\u00eenant la suspension ou l'interruption du service.<\/p>\n<p data-start=\"4109\" data-end=\"4708\"><strong data-start=\"4109\" data-end=\"4134\">A propos du contenu li\u00e9 :<\/strong><br data-start=\"4134\" data-end=\"4137\" \/>Ce site web peut contenir des liens vers d'autres sites web (\"Sites li\u00e9s\"). Conform\u00e9ment \u00e0 la LSSICE, FIT BRANDS INTERNATIONAL SL agit en tant que prestataire de services interm\u00e9diaire et n'est responsable du contenu des sites tiers que dans la mesure o\u00f9 il a connaissance de leur ill\u00e9galit\u00e9 et n'a pas agi pour en supprimer ou en d\u00e9sactiver l'acc\u00e8s. Si vous pensez qu'un site li\u00e9 contient un contenu ill\u00e9gal, veuillez en informer FIT BRANDS INTERNATIONAL SL, qui agira avec diligence pour supprimer ces liens. FIT BRANDS INTERNATIONAL SL d\u00e9cline toute responsabilit\u00e9 quant \u00e0 la qualit\u00e9, la disponibilit\u00e9 ou la l\u00e9galit\u00e9 du contenu des sites li\u00e9s.<\/p>\n<p data-start=\"4715\" data-end=\"4734\"><strong data-start=\"4718\" data-end=\"4734\">LICENCE DE LIEN<\/strong><\/p>\n<p data-start=\"4736\" data-end=\"4901\">Tous les liens de tiers vers <em data-start=\"4761\" data-end=\"4786\">zenergiebodyandsoul.com<\/em> doit mener \u00e0 la page d'accueil. Toute autre forme de lien n\u00e9cessite l'accord \u00e9crit pr\u00e9alable de FIT BRANDS INTERNATIONAL SL.<\/p>\n<p data-start=\"4903\" data-end=\"5190\">Il est interdit de reproduire, d'imiter ou de cadrer le contenu ou la pr\u00e9sentation visuelle du site, ainsi que de cr\u00e9er un navigateur, un cadre ou une barre de navigation par-dessus. Il est interdit de faire des d\u00e9clarations fausses, inexactes ou trompeuses au sujet de FIT BRANDS INTERNATIONAL SL ou de ses relations avec des tiers.<\/p>\n<p data-start=\"5192\" data-end=\"5440\">Le site li\u00e9 ne doit pas contenir les marques ou autres \u00e9l\u00e9ments d'identification de FIT BRANDS INTERNATIONAL SL sans autorisation \u00e9crite pr\u00e9alable. Il ne doit pas non plus h\u00e9berger de contenu ill\u00e9gal ou contraire \u00e0 l'ordre public, \u00e0 la morale ou \u00e0 la d\u00e9cence.<\/p>\n<p data-start=\"5442\" data-end=\"5577\">FIT BRANDS INTERNATIONAL SL se r\u00e9serve le droit d'intenter une action en justice en cas de violation des conditions \u00e9nonc\u00e9es dans le pr\u00e9sent avis juridique.<\/p>\n<p data-start=\"5584\" data-end=\"5603\"><strong data-start=\"5587\" data-end=\"5603\">INTERDICTIONS<\/strong><\/p>\n<p data-start=\"5605\" data-end=\"5634\">Il est express\u00e9ment interdit de :<\/p>\n<ul data-start=\"5636\" data-end=\"6278\">\n<li data-start=\"5636\" data-end=\"5799\">\n<p data-start=\"5638\" data-end=\"5799\">Utiliser le contenu ou les services \u00e0 des fins illicites ou pour porter atteinte aux droits des tiers, ou de toute mani\u00e8re susceptible d'endommager ou de surcharger le site ou de nuire \u00e0 son fonctionnement normal.<\/p>\n<\/li>\n<li data-start=\"5800\" data-end=\"5901\">\n<p data-start=\"5802\" data-end=\"5901\">Utiliser des contenus prot\u00e9g\u00e9s par des droits de propri\u00e9t\u00e9 intellectuelle ou industrielle sans autorisation appropri\u00e9e.<\/p>\n<\/li>\n<li data-start=\"5902\" data-end=\"6032\">\n<p data-start=\"5904\" data-end=\"6032\">Reproduire, copier, distribuer ou modifier le contenu sans l'autorisation pr\u00e9alable du d\u00e9tenteur des droits ou sans autorisation l\u00e9gale.<\/p>\n<\/li>\n<li data-start=\"6033\" data-end=\"6157\">\n<p data-start=\"6035\" data-end=\"6157\">Introduire des virus ou d'autres \u00e9l\u00e9ments nuisibles dans le r\u00e9seau ou les syst\u00e8mes de FIT BRANDS INTERNATIONAL SL ou de tiers.<\/p>\n<\/li>\n<li data-start=\"6158\" data-end=\"6278\">\n<p data-start=\"6160\" data-end=\"6278\">Tenter d'obtenir des contenus par des m\u00e9thodes non express\u00e9ment autoris\u00e9es ou susceptibles d'endommager le site ou ses services.<\/p>\n<\/li>\n<\/ul>\n<p data-start=\"6285\" data-end=\"6305\"><strong data-start=\"6288\" data-end=\"6305\">DROIT APPLICABLE<\/strong><\/p>\n<p data-start=\"6307\" data-end=\"6368\">Le pr\u00e9sent avis juridique est r\u00e9gi dans son int\u00e9gralit\u00e9 par la l\u00e9gislation espagnole.<\/p>\n<p data-start=\"6370\" data-end=\"6515\">En cas de litige li\u00e9 \u00e0 ce site web, la juridiction applicable sera celle des cours et tribunaux de <strong data-start=\"6493\" data-end=\"6515\">Barcelone (Espagne).<\/strong><\/p>","protected":false},"excerpt":{"rendered":"<p>This Legal Notice regulates the access by the USER to the contents provided by FIT BRANDS INTERNATIONAL SL on this website. The mere use of the information contained on this site implies full acceptance of this Legal Notice, which is why we recommend visiting it periodically due to ongoing updates. GENERAL INFORMATION: In compliance with [&hellip;]<\/p>","protected":false},"author":1,"featured_media":0,"parent":0,"menu_order":0,"comment_status":"closed","ping_status":"closed","template":"page-legal.php","meta":{"_acf_changed":false,"footnotes":""},"class_list":["post-404","page","type-page","status-publish","hentry"],"acf":[],"yoast_head":"<!-- This site is optimized with the Yoast SEO plugin v25.7 - https:\/\/yoast.com\/wordpress\/plugins\/seo\/ -->\n<title>Legal notice - Zenergie Body and soul<\/title>\n<meta name=\"robots\" content=\"index, follow, max-snippet:-1, max-image-preview:large, max-video-preview:-1\" \/>\n<link rel=\"canonical\" href=\"https:\/\/zenergiebodyandsoul.com\/fr\/avis-juridique\/\" \/>\n<meta property=\"og:locale\" content=\"fr_FR\" \/>\n<meta property=\"og:type\" content=\"article\" \/>\n<meta property=\"og:title\" content=\"Legal notice - Zenergie Body and soul\" \/>\n<meta property=\"og:description\" content=\"This Legal Notice regulates the access by the USER to the contents provided by FIT BRANDS INTERNATIONAL SL on this website. The mere use of the information contained on this site implies full acceptance of this Legal Notice, which is why we recommend visiting it periodically due to ongoing updates. GENERAL INFORMATION: In compliance with [&hellip;]\" \/>\n<meta property=\"og:url\" content=\"https:\/\/zenergiebodyandsoul.com\/fr\/avis-juridique\/\" \/>\n<meta property=\"og:site_name\" content=\"Zenergie Body and soul\" \/>\n<meta property=\"article:modified_time\" content=\"2025-05-27T06:53:16+00:00\" \/>\n<meta name=\"twitter:card\" content=\"summary_large_image\" \/>\n<meta name=\"twitter:label1\" content=\"Dur\u00e9e de lecture estim\u00e9e\" \/>\n\t<meta name=\"twitter:data1\" content=\"6 minutes\" \/>\n<script type=\"application\/ld+json\" class=\"yoast-schema-graph\">{\"@context\":\"https:\/\/schema.org\",\"@graph\":[{\"@type\":\"WebPage\",\"@id\":\"https:\/\/zenergiebodyandsoul.com\/legal-notice\/\",\"url\":\"https:\/\/zenergiebodyandsoul.com\/legal-notice\/\",\"name\":\"Legal notice - Zenergie Body and soul\",\"isPartOf\":{\"@id\":\"https:\/\/zenergiebodyandsoul.com\/#website\"},\"datePublished\":\"2024-01-22T10:19:01+00:00\",\"dateModified\":\"2025-05-27T06:53:16+00:00\",\"breadcrumb\":{\"@id\":\"https:\/\/zenergiebodyandsoul.com\/legal-notice\/#breadcrumb\"},\"inLanguage\":\"fr-FR\",\"potentialAction\":[{\"@type\":\"ReadAction\",\"target\":[\"https:\/\/zenergiebodyandsoul.com\/legal-notice\/\"]}]},{\"@type\":\"BreadcrumbList\",\"@id\":\"https:\/\/zenergiebodyandsoul.com\/legal-notice\/#breadcrumb\",\"itemListElement\":[{\"@type\":\"ListItem\",\"position\":1,\"name\":\"Inici\",\"item\":\"https:\/\/zenergiebodyandsoul.com\/\"},{\"@type\":\"ListItem\",\"position\":2,\"name\":\"Legal notice\"}]},{\"@type\":\"WebSite\",\"@id\":\"https:\/\/zenergiebodyandsoul.com\/#website\",\"url\":\"https:\/\/zenergiebodyandsoul.com\/\",\"name\":\"Zenergie Body and soul\",\"description\":\"\",\"potentialAction\":[{\"@type\":\"SearchAction\",\"target\":{\"@type\":\"EntryPoint\",\"urlTemplate\":\"https:\/\/zenergiebodyandsoul.com\/?s={search_term_string}\"},\"query-input\":{\"@type\":\"PropertyValueSpecification\",\"valueRequired\":true,\"valueName\":\"search_term_string\"}}],\"inLanguage\":\"fr-FR\"}]}<\/script>\n<!-- \/ Yoast SEO plugin. -->","yoast_head_json":{"title":"Mentions l\u00e9gales - Zenergie Body and soul","robots":{"index":"index","follow":"follow","max-snippet":"max-snippet:-1","max-image-preview":"max-image-preview:large","max-video-preview":"max-video-preview:-1"},"canonical":"https:\/\/zenergiebodyandsoul.com\/fr\/avis-juridique\/","og_locale":"fr_FR","og_type":"article","og_title":"Legal notice - Zenergie Body and soul","og_description":"This Legal Notice regulates the access by the USER to the contents provided by FIT BRANDS INTERNATIONAL SL on this website. The mere use of the information contained on this site implies full acceptance of this Legal Notice, which is why we recommend visiting it periodically due to ongoing updates. GENERAL INFORMATION: In compliance with [&hellip;]","og_url":"https:\/\/zenergiebodyandsoul.com\/fr\/avis-juridique\/","og_site_name":"Zenergie Body and soul","article_modified_time":"2025-05-27T06:53:16+00:00","twitter_card":"summary_large_image","twitter_misc":{"Dur\u00e9e de lecture estim\u00e9e":"6 minutes"},"schema":{"@context":"https:\/\/schema.org","@graph":[{"@type":"WebPage","@id":"https:\/\/zenergiebodyandsoul.com\/legal-notice\/","url":"https:\/\/zenergiebodyandsoul.com\/legal-notice\/","name":"Mentions l\u00e9gales - Zenergie Body and soul","isPartOf":{"@id":"https:\/\/zenergiebodyandsoul.com\/#website"},"datePublished":"2024-01-22T10:19:01+00:00","dateModified":"2025-05-27T06:53:16+00:00","breadcrumb":{"@id":"https:\/\/zenergiebodyandsoul.com\/legal-notice\/#breadcrumb"},"inLanguage":"fr-FR","potentialAction":[{"@type":"ReadAction","target":["https:\/\/zenergiebodyandsoul.com\/legal-notice\/"]}]},{"@type":"BreadcrumbList","@id":"https:\/\/zenergiebodyandsoul.com\/legal-notice\/#breadcrumb","itemListElement":[{"@type":"ListItem","position":1,"name":"Inici","item":"https:\/\/zenergiebodyandsoul.com\/"},{"@type":"ListItem","position":2,"name":"Legal notice"}]},{"@type":"WebSite","@id":"https:\/\/zenergiebodyandsoul.com\/#website","url":"https:\/\/zenergiebodyandsoul.com\/","name":"Zenergie Corps et \u00e2me","description":"","potentialAction":[{"@type":"SearchAction","target":{"@type":"EntryPoint","urlTemplate":"https:\/\/zenergiebodyandsoul.com\/?s={search_term_string}"},"query-input":{"@type":"PropertyValueSpecification","valueRequired":true,"valueName":"search_term_string"}}],"inLanguage":"fr-FR"}]}},"_links":{"self":[{"href":"https:\/\/zenergiebodyandsoul.com\/fr\/wp-json\/wp\/v2\/pages\/404","targetHints":{"allow":["GET"]}}],"collection":[{"href":"https:\/\/zenergiebodyandsoul.com\/fr\/wp-json\/wp\/v2\/pages"}],"about":[{"href":"https:\/\/zenergiebodyandsoul.com\/fr\/wp-json\/wp\/v2\/types\/page"}],"author":[{"embeddable":true,"href":"https:\/\/zenergiebodyandsoul.com\/fr\/wp-json\/wp\/v2\/users\/1"}],"replies":[{"embeddable":true,"href":"https:\/\/zenergiebodyandsoul.com\/fr\/wp-json\/wp\/v2\/comments?post=404"}],"version-history":[{"count":6,"href":"https:\/\/zenergiebodyandsoul.com\/fr\/wp-json\/wp\/v2\/pages\/404\/revisions"}],"predecessor-version":[{"id":556,"href":"https:\/\/zenergiebodyandsoul.com\/fr\/wp-json\/wp\/v2\/pages\/404\/revisions\/556"}],"wp:attachment":[{"href":"https:\/\/zenergiebodyandsoul.com\/fr\/wp-json\/wp\/v2\/media?parent=404"}],"curies":[{"name":"wp","href":"https:\/\/api.w.org\/{rel}","templated":true}]}}