{"id":727,"date":"2025-08-25T12:02:08","date_gmt":"2025-08-25T12:02:08","guid":{"rendered":"https:\/\/zenergiebodyandsoul.com\/?page_id=727"},"modified":"2025-09-24T12:03:56","modified_gmt":"2025-09-24T12:03:56","slug":"community-lounge","status":"publish","type":"page","link":"https:\/\/zenergiebodyandsoul.com\/es\/nuestras-experiencias\/salon-comunitario\/","title":{"rendered":"Community lounge"},"content":{"rendered":"<p>Es un espacio dise\u00f1ado para la conexi\u00f3n humana, esa que es cada vez m\u00e1s dif\u00edcil de encontrar en la sociedad actual.<\/p>\n<p>Aqu\u00ed es donde suceden las conexiones reales; durante una charla o tomando el t\u00e9, encuentras a personas que te entienden.<\/p>\n<p>Vuelves a sentirte parte de algo grande.<\/p>\n<p><strong>Porque la comunidad no es la guinda del pastel. Es la base.<\/strong><\/p>\n<p>&nbsp;<\/p>","protected":false},"excerpt":{"rendered":"<p>Es un espacio dise\u00f1ado para la conexi\u00f3n humana, esa que es cada vez m\u00e1s dif\u00edcil de encontrar en la sociedad actual. Aqu\u00ed es donde se produce la verdadera conexi\u00f3n. Tomando un t\u00e9. Despu\u00e9s de una clase magistral. Durante una charla. Encontrar a gente que te entienda. Vuelve a sentirte parte de algo. Porque la comunidad no es la guinda del pastel. Es la base &nbsp;<\/p>","protected":false},"author":1,"featured_media":728,"parent":750,"menu_order":0,"comment_status":"closed","ping_status":"closed","template":"page-strenght.php","meta":{"_acf_changed":false,"footnotes":""},"class_list":["post-727","page","type-page","status-publish","has-post-thumbnail","hentry"],"acf":[],"yoast_head":"<!-- This site is optimized with the Yoast SEO plugin v25.7 - https:\/\/yoast.com\/wordpress\/plugins\/seo\/ -->\n<title>Community lounge - Zenergie Body and soul<\/title>\n<meta name=\"robots\" content=\"index, follow, max-snippet:-1, max-image-preview:large, max-video-preview:-1\" \/>\n<link rel=\"canonical\" href=\"https:\/\/zenergiebodyandsoul.com\/es\/nuestras-experiencias\/salon-comunitario\/\" \/>\n<meta property=\"og:locale\" content=\"es_ES\" \/>\n<meta property=\"og:type\" content=\"article\" \/>\n<meta property=\"og:title\" content=\"Community lounge - Zenergie Body and soul\" \/>\n<meta property=\"og:description\" content=\"It\u2019s a space designed for human connection \u2014 the kind that\u2019s harder and harder to find in today\u2019s society. This is where real connection happens. Over a tea. After a masterclass. During a talk. Find people who get you. Feel part of something again. Because community isn\u2019t the cherry on top. It\u2019s the base &nbsp;\" \/>\n<meta property=\"og:url\" content=\"https:\/\/zenergiebodyandsoul.com\/es\/nuestras-experiencias\/salon-comunitario\/\" \/>\n<meta property=\"og:site_name\" content=\"Zenergie Body and soul\" \/>\n<meta property=\"article:modified_time\" content=\"2025-09-24T12:03:56+00:00\" \/>\n<meta property=\"og:image\" content=\"http:\/\/zenergiebodyandsoul.com\/wp-content\/uploads\/2025\/08\/comunity.jpg\" \/>\n\t<meta property=\"og:image:width\" content=\"1920\" \/>\n\t<meta property=\"og:image:height\" content=\"1500\" \/>\n\t<meta property=\"og:image:type\" content=\"image\/jpeg\" \/>\n<meta name=\"twitter:card\" content=\"summary_large_image\" \/>\n<meta name=\"twitter:label1\" content=\"Tiempo de lectura\" \/>\n\t<meta name=\"twitter:data1\" content=\"1 minuto\" \/>\n<script type=\"application\/ld+json\" class=\"yoast-schema-graph\">{\"@context\":\"https:\/\/schema.org\",\"@graph\":[{\"@type\":\"WebPage\",\"@id\":\"https:\/\/zenergiebodyandsoul.com\/our-experiences\/community-lounge\/\",\"url\":\"https:\/\/zenergiebodyandsoul.com\/our-experiences\/community-lounge\/\",\"name\":\"Community lounge - Zenergie Body and soul\",\"isPartOf\":{\"@id\":\"https:\/\/zenergiebodyandsoul.com\/#website\"},\"primaryImageOfPage\":{\"@id\":\"https:\/\/zenergiebodyandsoul.com\/our-experiences\/community-lounge\/#primaryimage\"},\"image\":{\"@id\":\"https:\/\/zenergiebodyandsoul.com\/our-experiences\/community-lounge\/#primaryimage\"},\"thumbnailUrl\":\"https:\/\/zenergiebodyandsoul.com\/wp-content\/uploads\/2025\/08\/comunity.jpg\",\"datePublished\":\"2025-08-25T12:02:08+00:00\",\"dateModified\":\"2025-09-24T12:03:56+00:00\",\"breadcrumb\":{\"@id\":\"https:\/\/zenergiebodyandsoul.com\/our-experiences\/community-lounge\/#breadcrumb\"},\"inLanguage\":\"es\",\"potentialAction\":[{\"@type\":\"ReadAction\",\"target\":[\"https:\/\/zenergiebodyandsoul.com\/our-experiences\/community-lounge\/\"]}]},{\"@type\":\"ImageObject\",\"inLanguage\":\"es\",\"@id\":\"https:\/\/zenergiebodyandsoul.com\/our-experiences\/community-lounge\/#primaryimage\",\"url\":\"https:\/\/zenergiebodyandsoul.com\/wp-content\/uploads\/2025\/08\/comunity.jpg\",\"contentUrl\":\"https:\/\/zenergiebodyandsoul.com\/wp-content\/uploads\/2025\/08\/comunity.jpg\",\"width\":1920,\"height\":1500},{\"@type\":\"BreadcrumbList\",\"@id\":\"https:\/\/zenergiebodyandsoul.com\/our-experiences\/community-lounge\/#breadcrumb\",\"itemListElement\":[{\"@type\":\"ListItem\",\"position\":1,\"name\":\"Inici\",\"item\":\"https:\/\/zenergiebodyandsoul.com\/\"},{\"@type\":\"ListItem\",\"position\":2,\"name\":\"Our Experiences\",\"item\":\"https:\/\/zenergiebodyandsoul.com\/our-experiences\/\"},{\"@type\":\"ListItem\",\"position\":3,\"name\":\"Community lounge\"}]},{\"@type\":\"WebSite\",\"@id\":\"https:\/\/zenergiebodyandsoul.com\/#website\",\"url\":\"https:\/\/zenergiebodyandsoul.com\/\",\"name\":\"Zenergie Body and soul\",\"description\":\"\",\"potentialAction\":[{\"@type\":\"SearchAction\",\"target\":{\"@type\":\"EntryPoint\",\"urlTemplate\":\"https:\/\/zenergiebodyandsoul.com\/?s={search_term_string}\"},\"query-input\":{\"@type\":\"PropertyValueSpecification\",\"valueRequired\":true,\"valueName\":\"search_term_string\"}}],\"inLanguage\":\"es\"}]}<\/script>\n<!-- \/ Yoast SEO plugin. -->","yoast_head_json":{"title":"Sal\u00f3n comunitario - Zenergie Body and soul","robots":{"index":"index","follow":"follow","max-snippet":"max-snippet:-1","max-image-preview":"max-image-preview:large","max-video-preview":"max-video-preview:-1"},"canonical":"https:\/\/zenergiebodyandsoul.com\/es\/nuestras-experiencias\/salon-comunitario\/","og_locale":"es_ES","og_type":"article","og_title":"Community lounge - Zenergie Body and soul","og_description":"It\u2019s a space designed for human connection \u2014 the kind that\u2019s harder and harder to find in today\u2019s society. This is where real connection happens. Over a tea. After a masterclass. During a talk. Find people who get you. Feel part of something again. Because community isn\u2019t the cherry on top. It\u2019s the base &nbsp;","og_url":"https:\/\/zenergiebodyandsoul.com\/es\/nuestras-experiencias\/salon-comunitario\/","og_site_name":"Zenergie Body and soul","article_modified_time":"2025-09-24T12:03:56+00:00","og_image":[{"width":1920,"height":1500,"url":"http:\/\/zenergiebodyandsoul.com\/wp-content\/uploads\/2025\/08\/comunity.jpg","type":"image\/jpeg"}],"twitter_card":"summary_large_image","twitter_misc":{"Tiempo de lectura":"1 minuto"},"schema":{"@context":"https:\/\/schema.org","@graph":[{"@type":"WebPage","@id":"https:\/\/zenergiebodyandsoul.com\/our-experiences\/community-lounge\/","url":"https:\/\/zenergiebodyandsoul.com\/our-experiences\/community-lounge\/","name":"Sal\u00f3n comunitario - Zenergie Body and soul","isPartOf":{"@id":"https:\/\/zenergiebodyandsoul.com\/#website"},"primaryImageOfPage":{"@id":"https:\/\/zenergiebodyandsoul.com\/our-experiences\/community-lounge\/#primaryimage"},"image":{"@id":"https:\/\/zenergiebodyandsoul.com\/our-experiences\/community-lounge\/#primaryimage"},"thumbnailUrl":"https:\/\/zenergiebodyandsoul.com\/wp-content\/uploads\/2025\/08\/comunity.jpg","datePublished":"2025-08-25T12:02:08+00:00","dateModified":"2025-09-24T12:03:56+00:00","breadcrumb":{"@id":"https:\/\/zenergiebodyandsoul.com\/our-experiences\/community-lounge\/#breadcrumb"},"inLanguage":"es","potentialAction":[{"@type":"ReadAction","target":["https:\/\/zenergiebodyandsoul.com\/our-experiences\/community-lounge\/"]}]},{"@type":"ImageObject","inLanguage":"es","@id":"https:\/\/zenergiebodyandsoul.com\/our-experiences\/community-lounge\/#primaryimage","url":"https:\/\/zenergiebodyandsoul.com\/wp-content\/uploads\/2025\/08\/comunity.jpg","contentUrl":"https:\/\/zenergiebodyandsoul.com\/wp-content\/uploads\/2025\/08\/comunity.jpg","width":1920,"height":1500},{"@type":"BreadcrumbList","@id":"https:\/\/zenergiebodyandsoul.com\/our-experiences\/community-lounge\/#breadcrumb","itemListElement":[{"@type":"ListItem","position":1,"name":"Inici","item":"https:\/\/zenergiebodyandsoul.com\/"},{"@type":"ListItem","position":2,"name":"Our Experiences","item":"https:\/\/zenergiebodyandsoul.com\/our-experiences\/"},{"@type":"ListItem","position":3,"name":"Community lounge"}]},{"@type":"WebSite","@id":"https:\/\/zenergiebodyandsoul.com\/#website","url":"https:\/\/zenergiebodyandsoul.com\/","name":"Zenergie Body and soul","description":"","potentialAction":[{"@type":"SearchAction","target":{"@type":"EntryPoint","urlTemplate":"https:\/\/zenergiebodyandsoul.com\/?s={search_term_string}"},"query-input":{"@type":"PropertyValueSpecification","valueRequired":true,"valueName":"search_term_string"}}],"inLanguage":"es"}]}},"_links":{"self":[{"href":"https:\/\/zenergiebodyandsoul.com\/es\/wp-json\/wp\/v2\/pages\/727","targetHints":{"allow":["GET"]}}],"collection":[{"href":"https:\/\/zenergiebodyandsoul.com\/es\/wp-json\/wp\/v2\/pages"}],"about":[{"href":"https:\/\/zenergiebodyandsoul.com\/es\/wp-json\/wp\/v2\/types\/page"}],"author":[{"embeddable":true,"href":"https:\/\/zenergiebodyandsoul.com\/es\/wp-json\/wp\/v2\/users\/1"}],"replies":[{"embeddable":true,"href":"https:\/\/zenergiebodyandsoul.com\/es\/wp-json\/wp\/v2\/comments?post=727"}],"version-history":[{"count":6,"href":"https:\/\/zenergiebodyandsoul.com\/es\/wp-json\/wp\/v2\/pages\/727\/revisions"}],"predecessor-version":[{"id":736,"href":"https:\/\/zenergiebodyandsoul.com\/es\/wp-json\/wp\/v2\/pages\/727\/revisions\/736"}],"up":[{"embeddable":true,"href":"https:\/\/zenergiebodyandsoul.com\/es\/wp-json\/wp\/v2\/pages\/750"}],"wp:featuredmedia":[{"embeddable":true,"href":"https:\/\/zenergiebodyandsoul.com\/es\/wp-json\/wp\/v2\/media\/728"}],"wp:attachment":[{"href":"https:\/\/zenergiebodyandsoul.com\/es\/wp-json\/wp\/v2\/media?parent=727"}],"curies":[{"name":"wp","href":"https:\/\/api.w.org\/{rel}","templated":true}]}}