{"id":616,"date":"2025-07-24T13:16:30","date_gmt":"2025-07-24T13:16:30","guid":{"rendered":"https:\/\/zenergiebodyandsoul.com\/?page_id=616"},"modified":"2025-08-25T12:45:27","modified_gmt":"2025-08-25T12:45:27","slug":"why-open-a-zenergie","status":"publish","type":"page","link":"https:\/\/zenergiebodyandsoul.com\/es\/conviertase-en-franquiciado-zenergie\/por-que-abrir-una-zenergie\/","title":{"rendered":"\u00bfPor qu\u00e9 abrir un club Zenergie?"},"content":{"rendered":"<p><strong>Zenergie<\/strong> no empez\u00f3 como una idea de negocio. Empez\u00f3 como respuesta a algo que faltaba.<br \/>\nTras m\u00e1s de 30 a\u00f1os gestionando y dirigiendo cadenas de gimnasios en toda Europa, lo vimos claro: Demasiada gente se estaba quedando fuera del modelo tradicional de fitness.<br \/>\nVimos c\u00f3mo mantenerse bien f\u00edsica y emocionalmente se hac\u00eda m\u00e1s dif\u00edcil, menos agradable y a menudo se pasaba por alto con la edad.<br \/>\nAs\u00ed que decidimos crear algo diferente.<br \/>\nSi est\u00e1s leyendo esto, quiz\u00e1 t\u00fa tambi\u00e9n lo hayas sentido.<br \/>\nQuiz\u00e1 tambi\u00e9n creas que es posible construir algo con un prop\u00f3sito, algo que genere un impacto real y un rendimiento real.<br \/>\nEsta es nuestra historia.<br \/>\nY si resuena contigo, nos encantar\u00eda conocerte.<\/p>","protected":false},"excerpt":{"rendered":"<p>Zenergie didn\u2019t start as a business idea. It started as a response to something that was missing. After more than 30 years operating and leading fitness chains across Europe, we saw it clearly: Too many people were being left out of the traditional fitness model. We saw how staying well\u2014physically and emotionally\u2014became harder, less enjoyable, [&hellip;]<\/p>","protected":false},"author":1,"featured_media":0,"parent":610,"menu_order":0,"comment_status":"closed","ping_status":"closed","template":"page-why-open-a-zenergie.php","meta":{"_acf_changed":false,"footnotes":""},"class_list":["post-616","page","type-page","status-publish","hentry"],"acf":[],"yoast_head":"<!-- This site is optimized with the Yoast SEO plugin v25.7 - https:\/\/yoast.com\/wordpress\/plugins\/seo\/ -->\n<title>\u00bfWhy open a Zenergie? - Zenergie Body and soul<\/title>\n<meta name=\"robots\" content=\"index, follow, max-snippet:-1, max-image-preview:large, max-video-preview:-1\" \/>\n<link rel=\"canonical\" href=\"https:\/\/zenergiebodyandsoul.com\/es\/conviertase-en-franquiciado-zenergie\/por-que-abrir-una-zenergie\/\" \/>\n<meta property=\"og:locale\" content=\"es_ES\" \/>\n<meta property=\"og:type\" content=\"article\" \/>\n<meta property=\"og:title\" content=\"\u00bfWhy open a Zenergie? - Zenergie Body and soul\" \/>\n<meta property=\"og:description\" content=\"Zenergie didn\u2019t start as a business idea. It started as a response to something that was missing. After more than 30 years operating and leading fitness chains across Europe, we saw it clearly: Too many people were being left out of the traditional fitness model. We saw how staying well\u2014physically and emotionally\u2014became harder, less enjoyable, [&hellip;]\" \/>\n<meta property=\"og:url\" content=\"https:\/\/zenergiebodyandsoul.com\/es\/conviertase-en-franquiciado-zenergie\/por-que-abrir-una-zenergie\/\" \/>\n<meta property=\"og:site_name\" content=\"Zenergie Body and soul\" \/>\n<meta property=\"article:modified_time\" content=\"2025-08-25T12:45:27+00:00\" \/>\n<meta name=\"twitter:card\" content=\"summary_large_image\" \/>\n<meta name=\"twitter:label1\" content=\"Tiempo de lectura\" \/>\n\t<meta name=\"twitter:data1\" content=\"1 minuto\" \/>\n<script type=\"application\/ld+json\" class=\"yoast-schema-graph\">{\"@context\":\"https:\/\/schema.org\",\"@graph\":[{\"@type\":\"WebPage\",\"@id\":\"https:\/\/zenergiebodyandsoul.com\/become-a-zenergie-franchisee\/why-open-a-zenergie\/\",\"url\":\"https:\/\/zenergiebodyandsoul.com\/become-a-zenergie-franchisee\/why-open-a-zenergie\/\",\"name\":\"\u00bfWhy open a Zenergie? - Zenergie Body and soul\",\"isPartOf\":{\"@id\":\"https:\/\/zenergiebodyandsoul.com\/#website\"},\"datePublished\":\"2025-07-24T13:16:30+00:00\",\"dateModified\":\"2025-08-25T12:45:27+00:00\",\"breadcrumb\":{\"@id\":\"https:\/\/zenergiebodyandsoul.com\/become-a-zenergie-franchisee\/why-open-a-zenergie\/#breadcrumb\"},\"inLanguage\":\"es\",\"potentialAction\":[{\"@type\":\"ReadAction\",\"target\":[\"https:\/\/zenergiebodyandsoul.com\/become-a-zenergie-franchisee\/why-open-a-zenergie\/\"]}]},{\"@type\":\"BreadcrumbList\",\"@id\":\"https:\/\/zenergiebodyandsoul.com\/become-a-zenergie-franchisee\/why-open-a-zenergie\/#breadcrumb\",\"itemListElement\":[{\"@type\":\"ListItem\",\"position\":1,\"name\":\"Inici\",\"item\":\"https:\/\/zenergiebodyandsoul.com\/\"},{\"@type\":\"ListItem\",\"position\":2,\"name\":\"Become a Zenergie franchisee\",\"item\":\"https:\/\/zenergiebodyandsoul.com\/become-a-zenergie-franchisee\/\"},{\"@type\":\"ListItem\",\"position\":3,\"name\":\"\u00bfWhy open a Zenergie?\"}]},{\"@type\":\"WebSite\",\"@id\":\"https:\/\/zenergiebodyandsoul.com\/#website\",\"url\":\"https:\/\/zenergiebodyandsoul.com\/\",\"name\":\"Zenergie Body and soul\",\"description\":\"\",\"potentialAction\":[{\"@type\":\"SearchAction\",\"target\":{\"@type\":\"EntryPoint\",\"urlTemplate\":\"https:\/\/zenergiebodyandsoul.com\/?s={search_term_string}\"},\"query-input\":{\"@type\":\"PropertyValueSpecification\",\"valueRequired\":true,\"valueName\":\"search_term_string\"}}],\"inLanguage\":\"es\"}]}<\/script>\n<!-- \/ Yoast SEO plugin. -->","yoast_head_json":{"title":"\u00bfPor qu\u00e9 abrir un Zenergie? - Zenergie Cuerpo y alma","robots":{"index":"index","follow":"follow","max-snippet":"max-snippet:-1","max-image-preview":"max-image-preview:large","max-video-preview":"max-video-preview:-1"},"canonical":"https:\/\/zenergiebodyandsoul.com\/es\/conviertase-en-franquiciado-zenergie\/por-que-abrir-una-zenergie\/","og_locale":"es_ES","og_type":"article","og_title":"\u00bfWhy open a Zenergie? - Zenergie Body and soul","og_description":"Zenergie didn\u2019t start as a business idea. It started as a response to something that was missing. After more than 30 years operating and leading fitness chains across Europe, we saw it clearly: Too many people were being left out of the traditional fitness model. We saw how staying well\u2014physically and emotionally\u2014became harder, less enjoyable, [&hellip;]","og_url":"https:\/\/zenergiebodyandsoul.com\/es\/conviertase-en-franquiciado-zenergie\/por-que-abrir-una-zenergie\/","og_site_name":"Zenergie Body and soul","article_modified_time":"2025-08-25T12:45:27+00:00","twitter_card":"summary_large_image","twitter_misc":{"Tiempo de lectura":"1 minuto"},"schema":{"@context":"https:\/\/schema.org","@graph":[{"@type":"WebPage","@id":"https:\/\/zenergiebodyandsoul.com\/become-a-zenergie-franchisee\/why-open-a-zenergie\/","url":"https:\/\/zenergiebodyandsoul.com\/become-a-zenergie-franchisee\/why-open-a-zenergie\/","name":"\u00bfPor qu\u00e9 abrir un Zenergie? - Zenergie Cuerpo y alma","isPartOf":{"@id":"https:\/\/zenergiebodyandsoul.com\/#website"},"datePublished":"2025-07-24T13:16:30+00:00","dateModified":"2025-08-25T12:45:27+00:00","breadcrumb":{"@id":"https:\/\/zenergiebodyandsoul.com\/become-a-zenergie-franchisee\/why-open-a-zenergie\/#breadcrumb"},"inLanguage":"es","potentialAction":[{"@type":"ReadAction","target":["https:\/\/zenergiebodyandsoul.com\/become-a-zenergie-franchisee\/why-open-a-zenergie\/"]}]},{"@type":"BreadcrumbList","@id":"https:\/\/zenergiebodyandsoul.com\/become-a-zenergie-franchisee\/why-open-a-zenergie\/#breadcrumb","itemListElement":[{"@type":"ListItem","position":1,"name":"Inici","item":"https:\/\/zenergiebodyandsoul.com\/"},{"@type":"ListItem","position":2,"name":"Become a Zenergie franchisee","item":"https:\/\/zenergiebodyandsoul.com\/become-a-zenergie-franchisee\/"},{"@type":"ListItem","position":3,"name":"\u00bfWhy open a Zenergie?"}]},{"@type":"WebSite","@id":"https:\/\/zenergiebodyandsoul.com\/#website","url":"https:\/\/zenergiebodyandsoul.com\/","name":"Zenergie Body and soul","description":"","potentialAction":[{"@type":"SearchAction","target":{"@type":"EntryPoint","urlTemplate":"https:\/\/zenergiebodyandsoul.com\/?s={search_term_string}"},"query-input":{"@type":"PropertyValueSpecification","valueRequired":true,"valueName":"search_term_string"}}],"inLanguage":"es"}]}},"_links":{"self":[{"href":"https:\/\/zenergiebodyandsoul.com\/es\/wp-json\/wp\/v2\/pages\/616","targetHints":{"allow":["GET"]}}],"collection":[{"href":"https:\/\/zenergiebodyandsoul.com\/es\/wp-json\/wp\/v2\/pages"}],"about":[{"href":"https:\/\/zenergiebodyandsoul.com\/es\/wp-json\/wp\/v2\/types\/page"}],"author":[{"embeddable":true,"href":"https:\/\/zenergiebodyandsoul.com\/es\/wp-json\/wp\/v2\/users\/1"}],"replies":[{"embeddable":true,"href":"https:\/\/zenergiebodyandsoul.com\/es\/wp-json\/wp\/v2\/comments?post=616"}],"version-history":[{"count":30,"href":"https:\/\/zenergiebodyandsoul.com\/es\/wp-json\/wp\/v2\/pages\/616\/revisions"}],"predecessor-version":[{"id":737,"href":"https:\/\/zenergiebodyandsoul.com\/es\/wp-json\/wp\/v2\/pages\/616\/revisions\/737"}],"up":[{"embeddable":true,"href":"https:\/\/zenergiebodyandsoul.com\/es\/wp-json\/wp\/v2\/pages\/610"}],"wp:attachment":[{"href":"https:\/\/zenergiebodyandsoul.com\/es\/wp-json\/wp\/v2\/media?parent=616"}],"curies":[{"name":"wp","href":"https:\/\/api.w.org\/{rel}","templated":true}]}}