{"id":610,"date":"2025-07-24T12:14:04","date_gmt":"2025-07-24T12:14:04","guid":{"rendered":"https:\/\/zenergiebodyandsoul.com\/?page_id=610"},"modified":"2025-09-24T09:38:28","modified_gmt":"2025-09-24T09:38:28","slug":"become-a-zenergie-franchisee","status":"publish","type":"page","link":"https:\/\/zenergiebodyandsoul.com\/es\/conviertase-en-franquiciado-zenergie\/","title":{"rendered":"Convi\u00e9rtete en franquiciado de Zenergie"},"content":{"rendered":"<p><strong>Zenergie<\/strong> no empez\u00f3 como una idea de negocio. Empez\u00f3 como respuesta a algo que faltaba.<br \/>\nTras m\u00e1s de 20 a\u00f1os gestionando y dirigiendo cadenas de gimnasios en toda Europa, lo vimos claro: Demasiada gente se estaba quedando fuera del modelo tradicional de fitness.<br \/>\nVimos c\u00f3mo mantenerse bien f\u00edsica y emocionalmente se hac\u00eda m\u00e1s dif\u00edcil, menos agradable y a menudo se pasaba por alto con la edad.<br \/>\nAs\u00ed que decidimos crear algo diferente.<br \/>\nSi est\u00e1s leyendo esto, quiz\u00e1 t\u00fa tambi\u00e9n lo hayas sentido.<br \/>\nQuiz\u00e1 tambi\u00e9n creas que es posible construir algo con un prop\u00f3sito, algo que genere un impacto real y un rendimiento real.<br \/>\nEsta es nuestra historia.<br \/>\nY si resuena contigo, nos encantar\u00eda conocerte.<\/p>","protected":false},"excerpt":{"rendered":"<p>Zenergie no empez\u00f3 como una idea de negocio. Empez\u00f3 como respuesta a algo que faltaba. Despu\u00e9s de m\u00e1s de 20 a\u00f1os gestionando y dirigiendo cadenas de gimnasios en toda Europa, lo vimos claro: Demasiada gente se estaba quedando fuera del modelo tradicional de fitness. Vimos que mantenerse en forma f\u00edsica y emocionalmente se estaba convirtiendo en algo m\u00e1s dif\u00edcil, [...]<\/p>","protected":false},"author":1,"featured_media":0,"parent":0,"menu_order":0,"comment_status":"closed","ping_status":"closed","template":"page-contenidor-become.php","meta":{"_acf_changed":false,"footnotes":""},"class_list":["post-610","page","type-page","status-publish","hentry"],"acf":[],"yoast_head":"<!-- This site is optimized with the Yoast SEO plugin v25.7 - https:\/\/yoast.com\/wordpress\/plugins\/seo\/ -->\n<title>Become a Zenergie franchisee - Zenergie Body and soul<\/title>\n<meta name=\"robots\" content=\"index, follow, max-snippet:-1, max-image-preview:large, max-video-preview:-1\" \/>\n<link rel=\"canonical\" href=\"https:\/\/zenergiebodyandsoul.com\/es\/conviertase-en-franquiciado-zenergie\/\" \/>\n<meta property=\"og:locale\" content=\"es_ES\" \/>\n<meta property=\"og:type\" content=\"article\" \/>\n<meta property=\"og:title\" content=\"Become a Zenergie franchisee - Zenergie Body and soul\" \/>\n<meta property=\"og:description\" content=\"Zenergie didn\u2019t start as a business idea. It started as a response to something that was missing. After more than 20 years operating and leading fitness chains across Europe, we saw it clearly: Too many people were being left out of the traditional fitness model. We saw how staying well\u2014physically and emotionally\u2014became harder, less enjoyable, [&hellip;]\" \/>\n<meta property=\"og:url\" content=\"https:\/\/zenergiebodyandsoul.com\/es\/conviertase-en-franquiciado-zenergie\/\" \/>\n<meta property=\"og:site_name\" content=\"Zenergie Body and soul\" \/>\n<meta property=\"article:modified_time\" content=\"2025-09-24T09:38:28+00:00\" \/>\n<meta name=\"twitter:card\" content=\"summary_large_image\" \/>\n<meta name=\"twitter:label1\" content=\"Tiempo de lectura\" \/>\n\t<meta name=\"twitter:data1\" content=\"1 minuto\" \/>\n<script type=\"application\/ld+json\" class=\"yoast-schema-graph\">{\"@context\":\"https:\/\/schema.org\",\"@graph\":[{\"@type\":\"WebPage\",\"@id\":\"https:\/\/zenergiebodyandsoul.com\/become-a-zenergie-franchisee\/\",\"url\":\"https:\/\/zenergiebodyandsoul.com\/become-a-zenergie-franchisee\/\",\"name\":\"Become a Zenergie franchisee - Zenergie Body and soul\",\"isPartOf\":{\"@id\":\"https:\/\/zenergiebodyandsoul.com\/#website\"},\"datePublished\":\"2025-07-24T12:14:04+00:00\",\"dateModified\":\"2025-09-24T09:38:28+00:00\",\"breadcrumb\":{\"@id\":\"https:\/\/zenergiebodyandsoul.com\/become-a-zenergie-franchisee\/#breadcrumb\"},\"inLanguage\":\"es\",\"potentialAction\":[{\"@type\":\"ReadAction\",\"target\":[\"https:\/\/zenergiebodyandsoul.com\/become-a-zenergie-franchisee\/\"]}]},{\"@type\":\"BreadcrumbList\",\"@id\":\"https:\/\/zenergiebodyandsoul.com\/become-a-zenergie-franchisee\/#breadcrumb\",\"itemListElement\":[{\"@type\":\"ListItem\",\"position\":1,\"name\":\"Inici\",\"item\":\"https:\/\/zenergiebodyandsoul.com\/\"},{\"@type\":\"ListItem\",\"position\":2,\"name\":\"Become a Zenergie franchisee\"}]},{\"@type\":\"WebSite\",\"@id\":\"https:\/\/zenergiebodyandsoul.com\/#website\",\"url\":\"https:\/\/zenergiebodyandsoul.com\/\",\"name\":\"Zenergie Body and soul\",\"description\":\"\",\"potentialAction\":[{\"@type\":\"SearchAction\",\"target\":{\"@type\":\"EntryPoint\",\"urlTemplate\":\"https:\/\/zenergiebodyandsoul.com\/?s={search_term_string}\"},\"query-input\":{\"@type\":\"PropertyValueSpecification\",\"valueRequired\":true,\"valueName\":\"search_term_string\"}}],\"inLanguage\":\"es\"}]}<\/script>\n<!-- \/ Yoast SEO plugin. -->","yoast_head_json":{"title":"Convi\u00e9rtete en franquiciado Zenergie - Zenergie Body and soul","robots":{"index":"index","follow":"follow","max-snippet":"max-snippet:-1","max-image-preview":"max-image-preview:large","max-video-preview":"max-video-preview:-1"},"canonical":"https:\/\/zenergiebodyandsoul.com\/es\/conviertase-en-franquiciado-zenergie\/","og_locale":"es_ES","og_type":"article","og_title":"Become a Zenergie franchisee - Zenergie Body and soul","og_description":"Zenergie didn\u2019t start as a business idea. It started as a response to something that was missing. After more than 20 years operating and leading fitness chains across Europe, we saw it clearly: Too many people were being left out of the traditional fitness model. We saw how staying well\u2014physically and emotionally\u2014became harder, less enjoyable, [&hellip;]","og_url":"https:\/\/zenergiebodyandsoul.com\/es\/conviertase-en-franquiciado-zenergie\/","og_site_name":"Zenergie Body and soul","article_modified_time":"2025-09-24T09:38:28+00:00","twitter_card":"summary_large_image","twitter_misc":{"Tiempo de lectura":"1 minuto"},"schema":{"@context":"https:\/\/schema.org","@graph":[{"@type":"WebPage","@id":"https:\/\/zenergiebodyandsoul.com\/become-a-zenergie-franchisee\/","url":"https:\/\/zenergiebodyandsoul.com\/become-a-zenergie-franchisee\/","name":"Convi\u00e9rtete en franquiciado Zenergie - Zenergie Body and soul","isPartOf":{"@id":"https:\/\/zenergiebodyandsoul.com\/#website"},"datePublished":"2025-07-24T12:14:04+00:00","dateModified":"2025-09-24T09:38:28+00:00","breadcrumb":{"@id":"https:\/\/zenergiebodyandsoul.com\/become-a-zenergie-franchisee\/#breadcrumb"},"inLanguage":"es","potentialAction":[{"@type":"ReadAction","target":["https:\/\/zenergiebodyandsoul.com\/become-a-zenergie-franchisee\/"]}]},{"@type":"BreadcrumbList","@id":"https:\/\/zenergiebodyandsoul.com\/become-a-zenergie-franchisee\/#breadcrumb","itemListElement":[{"@type":"ListItem","position":1,"name":"Inici","item":"https:\/\/zenergiebodyandsoul.com\/"},{"@type":"ListItem","position":2,"name":"Become a Zenergie franchisee"}]},{"@type":"WebSite","@id":"https:\/\/zenergiebodyandsoul.com\/#website","url":"https:\/\/zenergiebodyandsoul.com\/","name":"Zenergie Body and soul","description":"","potentialAction":[{"@type":"SearchAction","target":{"@type":"EntryPoint","urlTemplate":"https:\/\/zenergiebodyandsoul.com\/?s={search_term_string}"},"query-input":{"@type":"PropertyValueSpecification","valueRequired":true,"valueName":"search_term_string"}}],"inLanguage":"es"}]}},"_links":{"self":[{"href":"https:\/\/zenergiebodyandsoul.com\/es\/wp-json\/wp\/v2\/pages\/610","targetHints":{"allow":["GET"]}}],"collection":[{"href":"https:\/\/zenergiebodyandsoul.com\/es\/wp-json\/wp\/v2\/pages"}],"about":[{"href":"https:\/\/zenergiebodyandsoul.com\/es\/wp-json\/wp\/v2\/types\/page"}],"author":[{"embeddable":true,"href":"https:\/\/zenergiebodyandsoul.com\/es\/wp-json\/wp\/v2\/users\/1"}],"replies":[{"embeddable":true,"href":"https:\/\/zenergiebodyandsoul.com\/es\/wp-json\/wp\/v2\/comments?post=610"}],"version-history":[{"count":6,"href":"https:\/\/zenergiebodyandsoul.com\/es\/wp-json\/wp\/v2\/pages\/610\/revisions"}],"predecessor-version":[{"id":748,"href":"https:\/\/zenergiebodyandsoul.com\/es\/wp-json\/wp\/v2\/pages\/610\/revisions\/748"}],"wp:attachment":[{"href":"https:\/\/zenergiebodyandsoul.com\/es\/wp-json\/wp\/v2\/media?parent=610"}],"curies":[{"name":"wp","href":"https:\/\/api.w.org\/{rel}","templated":true}]}}