{"id":583,"date":"2025-07-09T12:31:48","date_gmt":"2025-07-09T12:31:48","guid":{"rendered":"https:\/\/zenergiebodyandsoul.com\/?page_id=583"},"modified":"2025-07-31T06:29:49","modified_gmt":"2025-07-31T06:29:49","slug":"press-and-media","status":"publish","type":"page","link":"https:\/\/zenergiebodyandsoul.com\/es\/conviertase-en-franquiciado-zenergie\/prensa-y-medios-de-comunicacion\/","title":{"rendered":"Prensa y medios de comunicaci\u00f3n"},"content":{"rendered":"<div>La longevidad, la fuerza y el bienestar emocional est\u00e1n remodelando el panorama del bienestar, y los medios de comunicaci\u00f3n est\u00e1n tomando nota.<\/div>\n<div>Esta es una muestra de reportajes y entrevistas que demuestran el inter\u00e9s global que despierta Zenergie.<\/div>","protected":false},"excerpt":{"rendered":"<p>La longevidad, la fuerza y el bienestar emocional est\u00e1n remodelando el panorama del bienestar, y los medios de comunicaci\u00f3n est\u00e1n tomando nota. He aqu\u00ed una selecci\u00f3n de art\u00edculos y entrevistas que muestran c\u00f3mo Zenergie est\u00e1 captando la atenci\u00f3n del mundo.<\/p>","protected":false},"author":1,"featured_media":0,"parent":610,"menu_order":0,"comment_status":"closed","ping_status":"closed","template":"page-press.php","meta":{"_acf_changed":false,"footnotes":""},"class_list":["post-583","page","type-page","status-publish","hentry"],"acf":[],"yoast_head":"<!-- This site is optimized with the Yoast SEO plugin v25.7 - https:\/\/yoast.com\/wordpress\/plugins\/seo\/ -->\n<title>Press and media - Zenergie Body and soul<\/title>\n<meta name=\"robots\" content=\"index, follow, max-snippet:-1, max-image-preview:large, max-video-preview:-1\" \/>\n<link rel=\"canonical\" href=\"https:\/\/zenergiebodyandsoul.com\/es\/conviertase-en-franquiciado-zenergie\/prensa-y-medios-de-comunicacion\/\" \/>\n<meta property=\"og:locale\" content=\"es_ES\" \/>\n<meta property=\"og:type\" content=\"article\" \/>\n<meta property=\"og:title\" content=\"Press and media - Zenergie Body and soul\" \/>\n<meta property=\"og:description\" content=\"Longevity, strength, and emotional wellbeing are reshaping the wellness landscape \u2014 and the media is taking note. Here\u2019s a curated selection of features and interviews that show how Zenergie is capturing the world\u2019s attention.\" \/>\n<meta property=\"og:url\" content=\"https:\/\/zenergiebodyandsoul.com\/es\/conviertase-en-franquiciado-zenergie\/prensa-y-medios-de-comunicacion\/\" \/>\n<meta property=\"og:site_name\" content=\"Zenergie Body and soul\" \/>\n<meta property=\"article:modified_time\" content=\"2025-07-31T06:29:49+00:00\" \/>\n<meta name=\"twitter:card\" content=\"summary_large_image\" \/>\n<meta name=\"twitter:label1\" content=\"Tiempo de lectura\" \/>\n\t<meta name=\"twitter:data1\" content=\"1 minuto\" \/>\n<script type=\"application\/ld+json\" class=\"yoast-schema-graph\">{\"@context\":\"https:\/\/schema.org\",\"@graph\":[{\"@type\":\"WebPage\",\"@id\":\"https:\/\/zenergiebodyandsoul.com\/become-a-zenergie-franchisee\/press-and-media\/\",\"url\":\"https:\/\/zenergiebodyandsoul.com\/become-a-zenergie-franchisee\/press-and-media\/\",\"name\":\"Press and media - Zenergie Body and soul\",\"isPartOf\":{\"@id\":\"https:\/\/zenergiebodyandsoul.com\/#website\"},\"datePublished\":\"2025-07-09T12:31:48+00:00\",\"dateModified\":\"2025-07-31T06:29:49+00:00\",\"breadcrumb\":{\"@id\":\"https:\/\/zenergiebodyandsoul.com\/become-a-zenergie-franchisee\/press-and-media\/#breadcrumb\"},\"inLanguage\":\"es\",\"potentialAction\":[{\"@type\":\"ReadAction\",\"target\":[\"https:\/\/zenergiebodyandsoul.com\/become-a-zenergie-franchisee\/press-and-media\/\"]}]},{\"@type\":\"BreadcrumbList\",\"@id\":\"https:\/\/zenergiebodyandsoul.com\/become-a-zenergie-franchisee\/press-and-media\/#breadcrumb\",\"itemListElement\":[{\"@type\":\"ListItem\",\"position\":1,\"name\":\"Inici\",\"item\":\"https:\/\/zenergiebodyandsoul.com\/\"},{\"@type\":\"ListItem\",\"position\":2,\"name\":\"Become a Zenergie franchisee\",\"item\":\"https:\/\/zenergiebodyandsoul.com\/become-a-zenergie-franchisee\/\"},{\"@type\":\"ListItem\",\"position\":3,\"name\":\"Press and media\"}]},{\"@type\":\"WebSite\",\"@id\":\"https:\/\/zenergiebodyandsoul.com\/#website\",\"url\":\"https:\/\/zenergiebodyandsoul.com\/\",\"name\":\"Zenergie Body and soul\",\"description\":\"\",\"potentialAction\":[{\"@type\":\"SearchAction\",\"target\":{\"@type\":\"EntryPoint\",\"urlTemplate\":\"https:\/\/zenergiebodyandsoul.com\/?s={search_term_string}\"},\"query-input\":{\"@type\":\"PropertyValueSpecification\",\"valueRequired\":true,\"valueName\":\"search_term_string\"}}],\"inLanguage\":\"es\"}]}<\/script>\n<!-- \/ Yoast SEO plugin. -->","yoast_head_json":{"title":"Prensa y medios de comunicaci\u00f3n - Zenergie Cuerpo y Alma","robots":{"index":"index","follow":"follow","max-snippet":"max-snippet:-1","max-image-preview":"max-image-preview:large","max-video-preview":"max-video-preview:-1"},"canonical":"https:\/\/zenergiebodyandsoul.com\/es\/conviertase-en-franquiciado-zenergie\/prensa-y-medios-de-comunicacion\/","og_locale":"es_ES","og_type":"article","og_title":"Press and media - Zenergie Body and soul","og_description":"Longevity, strength, and emotional wellbeing are reshaping the wellness landscape \u2014 and the media is taking note. Here\u2019s a curated selection of features and interviews that show how Zenergie is capturing the world\u2019s attention.","og_url":"https:\/\/zenergiebodyandsoul.com\/es\/conviertase-en-franquiciado-zenergie\/prensa-y-medios-de-comunicacion\/","og_site_name":"Zenergie Body and soul","article_modified_time":"2025-07-31T06:29:49+00:00","twitter_card":"summary_large_image","twitter_misc":{"Tiempo de lectura":"1 minuto"},"schema":{"@context":"https:\/\/schema.org","@graph":[{"@type":"WebPage","@id":"https:\/\/zenergiebodyandsoul.com\/become-a-zenergie-franchisee\/press-and-media\/","url":"https:\/\/zenergiebodyandsoul.com\/become-a-zenergie-franchisee\/press-and-media\/","name":"Prensa y medios de comunicaci\u00f3n - Zenergie Cuerpo y Alma","isPartOf":{"@id":"https:\/\/zenergiebodyandsoul.com\/#website"},"datePublished":"2025-07-09T12:31:48+00:00","dateModified":"2025-07-31T06:29:49+00:00","breadcrumb":{"@id":"https:\/\/zenergiebodyandsoul.com\/become-a-zenergie-franchisee\/press-and-media\/#breadcrumb"},"inLanguage":"es","potentialAction":[{"@type":"ReadAction","target":["https:\/\/zenergiebodyandsoul.com\/become-a-zenergie-franchisee\/press-and-media\/"]}]},{"@type":"BreadcrumbList","@id":"https:\/\/zenergiebodyandsoul.com\/become-a-zenergie-franchisee\/press-and-media\/#breadcrumb","itemListElement":[{"@type":"ListItem","position":1,"name":"Inici","item":"https:\/\/zenergiebodyandsoul.com\/"},{"@type":"ListItem","position":2,"name":"Become a Zenergie franchisee","item":"https:\/\/zenergiebodyandsoul.com\/become-a-zenergie-franchisee\/"},{"@type":"ListItem","position":3,"name":"Press and media"}]},{"@type":"WebSite","@id":"https:\/\/zenergiebodyandsoul.com\/#website","url":"https:\/\/zenergiebodyandsoul.com\/","name":"Zenergie Body and soul","description":"","potentialAction":[{"@type":"SearchAction","target":{"@type":"EntryPoint","urlTemplate":"https:\/\/zenergiebodyandsoul.com\/?s={search_term_string}"},"query-input":{"@type":"PropertyValueSpecification","valueRequired":true,"valueName":"search_term_string"}}],"inLanguage":"es"}]}},"_links":{"self":[{"href":"https:\/\/zenergiebodyandsoul.com\/es\/wp-json\/wp\/v2\/pages\/583","targetHints":{"allow":["GET"]}}],"collection":[{"href":"https:\/\/zenergiebodyandsoul.com\/es\/wp-json\/wp\/v2\/pages"}],"about":[{"href":"https:\/\/zenergiebodyandsoul.com\/es\/wp-json\/wp\/v2\/types\/page"}],"author":[{"embeddable":true,"href":"https:\/\/zenergiebodyandsoul.com\/es\/wp-json\/wp\/v2\/users\/1"}],"replies":[{"embeddable":true,"href":"https:\/\/zenergiebodyandsoul.com\/es\/wp-json\/wp\/v2\/comments?post=583"}],"version-history":[{"count":15,"href":"https:\/\/zenergiebodyandsoul.com\/es\/wp-json\/wp\/v2\/pages\/583\/revisions"}],"predecessor-version":[{"id":722,"href":"https:\/\/zenergiebodyandsoul.com\/es\/wp-json\/wp\/v2\/pages\/583\/revisions\/722"}],"up":[{"embeddable":true,"href":"https:\/\/zenergiebodyandsoul.com\/es\/wp-json\/wp\/v2\/pages\/610"}],"wp:attachment":[{"href":"https:\/\/zenergiebodyandsoul.com\/es\/wp-json\/wp\/v2\/media?parent=583"}],"curies":[{"name":"wp","href":"https:\/\/api.w.org\/{rel}","templated":true}]}}