{"id":519,"date":"2025-05-20T10:47:45","date_gmt":"2025-05-20T10:47:45","guid":{"rendered":"https:\/\/zenergiebodyandsoul.com\/?page_id=519"},"modified":"2025-05-27T06:41:11","modified_gmt":"2025-05-27T06:41:11","slug":"privacy-policy","status":"publish","type":"page","link":"https:\/\/zenergiebodyandsoul.com\/es\/politica-de-privacidad\/","title":{"rendered":"Pol\u00edtica de privacidad"},"content":{"rendered":"<p data-start=\"337\" data-end=\"362\"><strong data-start=\"340\" data-end=\"360\">CONTROLADOR DE DATOS:<\/strong><\/p>\n<p data-start=\"363\" data-end=\"390\">FIT BRANDS INTERNATIONAL SL<\/p>\n<p data-start=\"392\" data-end=\"409\"><strong data-start=\"395\" data-end=\"407\">OBJETIVO:<\/strong><\/p>\n<p data-start=\"410\" data-end=\"820\">Gesti\u00f3n de consultas y solicitudes web; gesti\u00f3n de los clientes potenciales y contactos de la empresa; env\u00edo de comunicaciones comerciales y promocionales; gesti\u00f3n de la relaci\u00f3n contractual con los clientes; mantenimiento de listas de supresi\u00f3n actualizadas para evitar ser contactados si as\u00ed lo solicitan; permitir el funcionamiento de nuestro sitio web\/aplicaciones mediante cookies t\u00e9cnicas y funcionales; realizaci\u00f3n de estad\u00edsticas.<\/p>\n<p data-start=\"822\" data-end=\"843\"><strong data-start=\"825\" data-end=\"841\">FUNDAMENTO JUR\u00cdDICO:<\/strong><\/p>\n<p data-start=\"844\" data-end=\"928\">Consentimiento expreso, cumplimiento de una relaci\u00f3n contractual e inter\u00e9s leg\u00edtimo.<\/p>\n<p data-start=\"930\" data-end=\"950\"><strong data-start=\"933\" data-end=\"948\">RECIPIENTES:<\/strong><\/p>\n<p data-start=\"951\" data-end=\"1027\">Los datos no se ceder\u00e1n a terceros, salvo obligaci\u00f3n legal.<\/p>\n<p data-start=\"1029\" data-end=\"1057\"><strong data-start=\"1032\" data-end=\"1055\">EJERCICIO DE LOS DERECHOS:<\/strong><\/p>\n<p data-start=\"1058\" data-end=\"1086\"><a class=\"cursor-pointer\" rel=\"noopener\" data-start=\"1058\" data-end=\"1086\">info@zenergiebodyandsoul.com<\/a><\/p>\n<p data-start=\"1088\" data-end=\"1120\"><strong data-start=\"1091\" data-end=\"1118\">INFORMACI\u00d3N ADICIONAL:<\/strong><\/p>\n<p data-start=\"1121\" data-end=\"1227\">Puede consultar informaci\u00f3n adicional y detallada sobre nuestra Pol\u00edtica de Protecci\u00f3n de Datos en las cl\u00e1usulas que figuran a continuaci\u00f3n.<\/p>\n<p data-start=\"1229\" data-end=\"1805\">Las finalidades de las operaciones de tratamiento de datos llevadas a cabo por FIT BRANDS INTERNATIONAL SL como RESPONSABLE DEL TRATAMIENTO son exclusivamente: env\u00edo de comunicaciones comerciales y promocionales, gesti\u00f3n de la relaci\u00f3n contractual con los clientes, mantenimiento de listas de supresi\u00f3n actualizadas para evitar ser contactado en caso de que lo solicite, permitir el funcionamiento de nuestra web\/aplicaciones a trav\u00e9s de cookies t\u00e9cnicas y funcionales, realizaci\u00f3n de estad\u00edsticas, gesti\u00f3n de la relaci\u00f3n con potenciales clientes y contactos, as\u00ed como con fines comerciales y para mejorar su experiencia online.<\/p>\n<p data-start=\"1807\" data-end=\"1885\">Las categor\u00edas de datos tratadas por FIT BRANDS INTERNATIONAL SL corresponden a:<\/p>\n<ul data-start=\"1887\" data-end=\"2011\">\n<li data-start=\"1887\" data-end=\"1911\">\n<p data-start=\"1889\" data-end=\"1911\">Datos de identificaci\u00f3n,<\/p>\n<\/li>\n<li data-start=\"1912\" data-end=\"1942\">\n<p data-start=\"1914\" data-end=\"1942\">Direcciones postales o de correo electr\u00f3nico,<\/p>\n<\/li>\n<li data-start=\"1943\" data-end=\"1983\">\n<p data-start=\"1945\" data-end=\"1983\">Informaci\u00f3n comercial y econ\u00f3mica,<\/p>\n<\/li>\n<li data-start=\"1984\" data-end=\"2011\">\n<p data-start=\"1986\" data-end=\"2011\">Caracter\u00edsticas personales.<\/p>\n<\/li>\n<\/ul>\n<p data-start=\"2013\" data-end=\"2218\">Mientras no nos comunique lo contrario, entenderemos que los datos facilitados no han sido modificados, que usted se compromete a notificarnos cualquier variaci\u00f3n y que tenemos su consentimiento para utilizarlos para las finalidades mencionadas.<\/p>\n<p data-start=\"2220\" data-end=\"2302\">La base jur\u00eddica para cada actividad de tratamiento seg\u00fan los fines perseguidos es:<\/p>\n<ul data-start=\"2304\" data-end=\"2770\">\n<li data-start=\"2304\" data-end=\"2382\">\n<p data-start=\"2306\" data-end=\"2382\">Env\u00edo de comunicaciones comerciales y promocionales: <strong data-start=\"2360\" data-end=\"2379\">CONSENTIMIENTO EXPRESO<\/strong>.<\/p>\n<\/li>\n<li data-start=\"2383\" data-end=\"2490\">\n<p data-start=\"2385\" data-end=\"2490\">Gesti\u00f3n de la relaci\u00f3n contractual con los clientes: <strong data-start=\"2442\" data-end=\"2487\">CUMPLIMIENTO DE UNA RELACI\u00d3N CONTRACTUAL<\/strong>.<\/p>\n<\/li>\n<li data-start=\"2491\" data-end=\"2596\">\n<p data-start=\"2493\" data-end=\"2596\">Mantenimiento de listas de supresi\u00f3n actualizadas para evitar ser contactado en caso de solicitud: <strong data-start=\"2573\" data-end=\"2593\">OBLIGACI\u00d3N LEGAL<\/strong>.<\/p>\n<\/li>\n<li data-start=\"2597\" data-end=\"2718\">\n<p data-start=\"2599\" data-end=\"2718\">Permitir el funcionamiento de nuestro sitio web\/aplicaciones mediante cookies t\u00e9cnicas y funcionales: <strong data-start=\"2692\" data-end=\"2715\">INTER\u00c9S LEG\u00cdTIMO<\/strong>.<\/p>\n<\/li>\n<li data-start=\"2719\" data-end=\"2770\">\n<p data-start=\"2721\" data-end=\"2770\">Realizaci\u00f3n de estad\u00edsticas: <strong data-start=\"2746\" data-end=\"2769\">INTER\u00c9S LEG\u00cdTIMO<\/strong>.<\/p>\n<\/li>\n<\/ul>\n<p data-start=\"2772\" data-end=\"3449\">Le informamos que el uso de los formularios disponibles en zenergiebodyandsoul.com est\u00e1 limitado a usuarios mayores de edad. Por lo tanto, al utilizar cualquiera de ellos, usted garantiza que cumple este requisito y acepta las consecuencias que pudieran derivarse en caso contrario. Los formularios facilitados podr\u00e1n ser cumplimentados en el idioma de su elecci\u00f3n. No obstante, FIT BRANDS INTERNATIONAL SL no se responsabiliza de los errores o de la imposibilidad de tramitar su solicitud debido a la utilizaci\u00f3n de un idioma inadecuado. La cumplimentaci\u00f3n de los formularios, as\u00ed como de cualesquiera otros cuestionarios que puedan facilitarse en el futuro, es totalmente potestativa; no obstante, la negativa a facilitar determinados datos podr\u00e1 tener como consecuencia la imposibilidad de atender su solicitud.<\/p>\n<p data-start=\"3451\" data-end=\"3874\">FIT BRANDS INTERNATIONAL SL ha adoptado las medidas legalmente exigidas de seguridad para la protecci\u00f3n de los datos personales y procura instalar todos los medios y medidas t\u00e9cnicas adicionales a su alcance para evitar la p\u00e9rdida, mal uso, alteraci\u00f3n, acceso no autorizado y robo de los datos personales facilitados. Por ello, garantizamos la m\u00e1s absoluta confidencialidad en el tratamiento de los mismos, confirmando que ning\u00fan dato ser\u00e1 cedido a terceros.<\/p>\n<p data-start=\"3876\" data-end=\"4232\">Mediante el env\u00edo voluntario de sus datos, usted CONSENTE EXPRESAMENTE el tratamiento automatizado o no de los mismos por parte de FIT BRANDS INTERNATIONAL SL, as\u00ed como su comunicaci\u00f3n a las entidades cuya conexi\u00f3n con sus datos sea necesaria o legalmente exigible. En el caso de comunicaciones comerciales a trav\u00e9s de correo electr\u00f3nico o medio equivalente, usted CONSENTE EXPRESAMENTE la recepci\u00f3n de las mismas.<\/p>\n<p data-start=\"4234\" data-end=\"4494\">El consentimiento otorgado podr\u00e1 ser revocado en cualquier momento mediante el ejercicio de sus derechos de limitaci\u00f3n del tratamiento, portabilidad de datos, acceso, rectificaci\u00f3n, supresi\u00f3n y oposici\u00f3n, que FIT BRANDS INTERNATIONAL SL le garantiza dirigi\u00e9ndose a:<br data-start=\"4456\" data-end=\"4459\" \/>\ud83d\udce7 <strong data-start=\"4462\" data-end=\"4494\"><a class=\"cursor-pointer\" rel=\"noopener\" data-start=\"4464\" data-end=\"4492\">info@zenergiebodyandsoul.com<\/a><\/strong><\/p>","protected":false},"excerpt":{"rendered":"<p>DATA CONTROLLER: FIT BRANDS INTERNATIONAL SL PURPOSE: Management of inquiries and web requests; management of the company&#8217;s potential clients and contacts; sending of commercial and promotional communications; management of the contractual relationship with clients; maintenance of updated suppression lists to avoid being contacted if requested; enabling the operation of our website\/applications through technical and functional [&hellip;]<\/p>","protected":false},"author":1,"featured_media":0,"parent":0,"menu_order":0,"comment_status":"closed","ping_status":"closed","template":"page-legal.php","meta":{"_acf_changed":false,"footnotes":""},"class_list":["post-519","page","type-page","status-publish","hentry"],"acf":[],"yoast_head":"<!-- This site is optimized with the Yoast SEO plugin v25.7 - https:\/\/yoast.com\/wordpress\/plugins\/seo\/ -->\n<title>Privacy policy - Zenergie Body and soul<\/title>\n<meta name=\"robots\" content=\"index, follow, max-snippet:-1, max-image-preview:large, max-video-preview:-1\" \/>\n<link rel=\"canonical\" href=\"https:\/\/zenergiebodyandsoul.com\/es\/politica-de-privacidad\/\" \/>\n<meta property=\"og:locale\" content=\"es_ES\" \/>\n<meta property=\"og:type\" content=\"article\" \/>\n<meta property=\"og:title\" content=\"Privacy policy - Zenergie Body and soul\" \/>\n<meta property=\"og:description\" content=\"DATA CONTROLLER: FIT BRANDS INTERNATIONAL SL PURPOSE: Management of inquiries and web requests; management of the company&#8217;s potential clients and contacts; sending of commercial and promotional communications; management of the contractual relationship with clients; maintenance of updated suppression lists to avoid being contacted if requested; enabling the operation of our website\/applications through technical and functional [&hellip;]\" \/>\n<meta property=\"og:url\" content=\"https:\/\/zenergiebodyandsoul.com\/es\/politica-de-privacidad\/\" \/>\n<meta property=\"og:site_name\" content=\"Zenergie Body and soul\" \/>\n<meta property=\"article:modified_time\" content=\"2025-05-27T06:41:11+00:00\" \/>\n<meta name=\"twitter:card\" content=\"summary_large_image\" \/>\n<meta name=\"twitter:label1\" content=\"Tiempo de lectura\" \/>\n\t<meta name=\"twitter:data1\" content=\"4 minutos\" \/>\n<script type=\"application\/ld+json\" class=\"yoast-schema-graph\">{\"@context\":\"https:\/\/schema.org\",\"@graph\":[{\"@type\":\"WebPage\",\"@id\":\"https:\/\/zenergiebodyandsoul.com\/privacy-policy\/\",\"url\":\"https:\/\/zenergiebodyandsoul.com\/privacy-policy\/\",\"name\":\"Privacy policy - Zenergie Body and soul\",\"isPartOf\":{\"@id\":\"https:\/\/zenergiebodyandsoul.com\/#website\"},\"datePublished\":\"2025-05-20T10:47:45+00:00\",\"dateModified\":\"2025-05-27T06:41:11+00:00\",\"breadcrumb\":{\"@id\":\"https:\/\/zenergiebodyandsoul.com\/privacy-policy\/#breadcrumb\"},\"inLanguage\":\"es\",\"potentialAction\":[{\"@type\":\"ReadAction\",\"target\":[\"https:\/\/zenergiebodyandsoul.com\/privacy-policy\/\"]}]},{\"@type\":\"BreadcrumbList\",\"@id\":\"https:\/\/zenergiebodyandsoul.com\/privacy-policy\/#breadcrumb\",\"itemListElement\":[{\"@type\":\"ListItem\",\"position\":1,\"name\":\"Inici\",\"item\":\"https:\/\/zenergiebodyandsoul.com\/\"},{\"@type\":\"ListItem\",\"position\":2,\"name\":\"Privacy policy\"}]},{\"@type\":\"WebSite\",\"@id\":\"https:\/\/zenergiebodyandsoul.com\/#website\",\"url\":\"https:\/\/zenergiebodyandsoul.com\/\",\"name\":\"Zenergie Body and soul\",\"description\":\"\",\"potentialAction\":[{\"@type\":\"SearchAction\",\"target\":{\"@type\":\"EntryPoint\",\"urlTemplate\":\"https:\/\/zenergiebodyandsoul.com\/?s={search_term_string}\"},\"query-input\":{\"@type\":\"PropertyValueSpecification\",\"valueRequired\":true,\"valueName\":\"search_term_string\"}}],\"inLanguage\":\"es\"}]}<\/script>\n<!-- \/ Yoast SEO plugin. -->","yoast_head_json":{"title":"Pol\u00edtica de privacidad - Zenergie Body and soul","robots":{"index":"index","follow":"follow","max-snippet":"max-snippet:-1","max-image-preview":"max-image-preview:large","max-video-preview":"max-video-preview:-1"},"canonical":"https:\/\/zenergiebodyandsoul.com\/es\/politica-de-privacidad\/","og_locale":"es_ES","og_type":"article","og_title":"Privacy policy - Zenergie Body and soul","og_description":"DATA CONTROLLER: FIT BRANDS INTERNATIONAL SL PURPOSE: Management of inquiries and web requests; management of the company&#8217;s potential clients and contacts; sending of commercial and promotional communications; management of the contractual relationship with clients; maintenance of updated suppression lists to avoid being contacted if requested; enabling the operation of our website\/applications through technical and functional [&hellip;]","og_url":"https:\/\/zenergiebodyandsoul.com\/es\/politica-de-privacidad\/","og_site_name":"Zenergie Body and soul","article_modified_time":"2025-05-27T06:41:11+00:00","twitter_card":"summary_large_image","twitter_misc":{"Tiempo de lectura":"4 minutos"},"schema":{"@context":"https:\/\/schema.org","@graph":[{"@type":"WebPage","@id":"https:\/\/zenergiebodyandsoul.com\/privacy-policy\/","url":"https:\/\/zenergiebodyandsoul.com\/privacy-policy\/","name":"Pol\u00edtica de privacidad - Zenergie Body and soul","isPartOf":{"@id":"https:\/\/zenergiebodyandsoul.com\/#website"},"datePublished":"2025-05-20T10:47:45+00:00","dateModified":"2025-05-27T06:41:11+00:00","breadcrumb":{"@id":"https:\/\/zenergiebodyandsoul.com\/privacy-policy\/#breadcrumb"},"inLanguage":"es","potentialAction":[{"@type":"ReadAction","target":["https:\/\/zenergiebodyandsoul.com\/privacy-policy\/"]}]},{"@type":"BreadcrumbList","@id":"https:\/\/zenergiebodyandsoul.com\/privacy-policy\/#breadcrumb","itemListElement":[{"@type":"ListItem","position":1,"name":"Inici","item":"https:\/\/zenergiebodyandsoul.com\/"},{"@type":"ListItem","position":2,"name":"Privacy policy"}]},{"@type":"WebSite","@id":"https:\/\/zenergiebodyandsoul.com\/#website","url":"https:\/\/zenergiebodyandsoul.com\/","name":"Zenergie Body and soul","description":"","potentialAction":[{"@type":"SearchAction","target":{"@type":"EntryPoint","urlTemplate":"https:\/\/zenergiebodyandsoul.com\/?s={search_term_string}"},"query-input":{"@type":"PropertyValueSpecification","valueRequired":true,"valueName":"search_term_string"}}],"inLanguage":"es"}]}},"_links":{"self":[{"href":"https:\/\/zenergiebodyandsoul.com\/es\/wp-json\/wp\/v2\/pages\/519","targetHints":{"allow":["GET"]}}],"collection":[{"href":"https:\/\/zenergiebodyandsoul.com\/es\/wp-json\/wp\/v2\/pages"}],"about":[{"href":"https:\/\/zenergiebodyandsoul.com\/es\/wp-json\/wp\/v2\/types\/page"}],"author":[{"embeddable":true,"href":"https:\/\/zenergiebodyandsoul.com\/es\/wp-json\/wp\/v2\/users\/1"}],"replies":[{"embeddable":true,"href":"https:\/\/zenergiebodyandsoul.com\/es\/wp-json\/wp\/v2\/comments?post=519"}],"version-history":[{"count":6,"href":"https:\/\/zenergiebodyandsoul.com\/es\/wp-json\/wp\/v2\/pages\/519\/revisions"}],"predecessor-version":[{"id":555,"href":"https:\/\/zenergiebodyandsoul.com\/es\/wp-json\/wp\/v2\/pages\/519\/revisions\/555"}],"wp:attachment":[{"href":"https:\/\/zenergiebodyandsoul.com\/es\/wp-json\/wp\/v2\/media?parent=519"}],"curies":[{"name":"wp","href":"https:\/\/api.w.org\/{rel}","templated":true}]}}