{"id":466,"date":"2025-05-19T09:57:23","date_gmt":"2025-05-19T09:57:23","guid":{"rendered":"https:\/\/zenergiebodyandsoul.com\/?page_id=466"},"modified":"2025-09-24T12:04:32","modified_gmt":"2025-09-24T12:04:32","slug":"the-strength-studio","status":"publish","type":"page","link":"https:\/\/zenergiebodyandsoul.com\/es\/nuestras-experiencias\/el-estudio-de-la-fuerza\/","title":{"rendered":"Smart Strength Studio"},"content":{"rendered":"<p>En Zenergie, nuestro compromiso de ofrecer experiencias de entrenamiento personalizadas y eficientes se ve reforzado a trav\u00e9s de nuestra <strong>colaboraci\u00f3n con EGYM y la introducci\u00f3n del equipo SmartStrength<\/strong>. Esta soluci\u00f3n de fitness de \u00faltima generaci\u00f3n est\u00e1 dise\u00f1ada para revolucionar la forma en que abordamos el entrenamiento de fuerza, convirti\u00e9ndolo en una parte fluida y altamente eficaz de nuestra oferta de fitness.<\/p>\n<p>El SmartStrength aprovecha la tecnolog\u00eda de vanguardia para crear <strong>programas de entrenamiento de fuerza totalmente automatizados que se adaptan a las necesidades espec\u00edficas y a la forma f\u00edsica de cada usuario<\/strong>. Tanto si el usuario es principiante como experto, el equipo ajusta intuitivamente los ejercicios, las cargas de trabajo y los tiempos de recuperaci\u00f3n, <strong>ofreciendo una experiencia de entrenamiento realmente personalizada<\/strong>.<\/p>\n<p>Cada equipo est\u00e1 dotado con <strong>sensores y software avanzados que siguen el rendimiento y el progreso en tiempo real<\/strong>. Esto permite un ajuste continuo de los planes de entrenamiento, garantizando que los miembros est\u00e9n siempre realizando los ejercicios m\u00e1s eficaces para su desarrollo.<\/p>\n<p>La incorporaci\u00f3n del equipo SmartStrength ofrece una <strong>ventaja competitiva distintiva,<\/strong>atrayendo a un amplio espectro de clientes, desde aquellos que se inician en el entrenamiento de fuerza hasta atletas experimentados. Este enfoque innovador no solo mejora la experiencia del usuario, sino que tambi\u00e9n posiciona a Zenergie como l\u00edder en la industria del fitness, aprovechando la tecnolog\u00eda para conseguir resultados tangibles.<\/p>","protected":false},"excerpt":{"rendered":"<p>En Zenergie, nuestro compromiso de ofrecer experiencias de entrenamiento personalizadas y eficientes se ve reforzado por nuestra asociaci\u00f3n con EGYM y la introducci\u00f3n del equipo SmartStrength. Esta soluci\u00f3n de fitness de \u00faltima generaci\u00f3n est\u00e1 dise\u00f1ada para revolucionar la forma en que abordamos el entrenamiento de fuerza, convirti\u00e9ndolo en una parte fluida y altamente eficaz de nuestra oferta de fitness. El SmartStrength aprovecha [...]<\/p>","protected":false},"author":1,"featured_media":469,"parent":750,"menu_order":0,"comment_status":"closed","ping_status":"closed","template":"page-strenght.php","meta":{"_acf_changed":false,"footnotes":""},"class_list":["post-466","page","type-page","status-publish","has-post-thumbnail","hentry"],"acf":[],"yoast_head":"<!-- This site is optimized with the Yoast SEO plugin v25.7 - https:\/\/yoast.com\/wordpress\/plugins\/seo\/ -->\n<title>Smart Strength Studio - Zenergie Body and soul<\/title>\n<meta name=\"robots\" content=\"index, follow, max-snippet:-1, max-image-preview:large, max-video-preview:-1\" \/>\n<link rel=\"canonical\" href=\"https:\/\/zenergiebodyandsoul.com\/es\/nuestras-experiencias\/el-estudio-de-la-fuerza\/\" \/>\n<meta property=\"og:locale\" content=\"es_ES\" \/>\n<meta property=\"og:type\" content=\"article\" \/>\n<meta property=\"og:title\" content=\"Smart Strength Studio - Zenergie Body and soul\" \/>\n<meta property=\"og:description\" content=\"At Zenergie, our commitment to delivering personalized and efficient workout experiences is further enhanced through our partnership with EGYM and the introduction of the SmartStrength Equipment. This state-of-the-art fitness solution is designed to revolutionize the way we approach strength training, making it a seamless and highly effective part of our fitness offerings. The SmartStrength leverages [&hellip;]\" \/>\n<meta property=\"og:url\" content=\"https:\/\/zenergiebodyandsoul.com\/es\/nuestras-experiencias\/el-estudio-de-la-fuerza\/\" \/>\n<meta property=\"og:site_name\" content=\"Zenergie Body and soul\" \/>\n<meta property=\"article:modified_time\" content=\"2025-09-24T12:04:32+00:00\" \/>\n<meta property=\"og:image\" content=\"http:\/\/zenergiebodyandsoul.com\/wp-content\/uploads\/2025\/05\/streight.jpg\" \/>\n\t<meta property=\"og:image:width\" content=\"1468\" \/>\n\t<meta property=\"og:image:height\" content=\"1198\" \/>\n\t<meta property=\"og:image:type\" content=\"image\/jpeg\" \/>\n<meta name=\"twitter:card\" content=\"summary_large_image\" \/>\n<meta name=\"twitter:label1\" content=\"Tiempo de lectura\" \/>\n\t<meta name=\"twitter:data1\" content=\"2 minutos\" \/>\n<script type=\"application\/ld+json\" class=\"yoast-schema-graph\">{\"@context\":\"https:\/\/schema.org\",\"@graph\":[{\"@type\":\"WebPage\",\"@id\":\"https:\/\/zenergiebodyandsoul.com\/our-experiences\/the-strength-studio\/\",\"url\":\"https:\/\/zenergiebodyandsoul.com\/our-experiences\/the-strength-studio\/\",\"name\":\"Smart Strength Studio - Zenergie Body and soul\",\"isPartOf\":{\"@id\":\"https:\/\/zenergiebodyandsoul.com\/#website\"},\"primaryImageOfPage\":{\"@id\":\"https:\/\/zenergiebodyandsoul.com\/our-experiences\/the-strength-studio\/#primaryimage\"},\"image\":{\"@id\":\"https:\/\/zenergiebodyandsoul.com\/our-experiences\/the-strength-studio\/#primaryimage\"},\"thumbnailUrl\":\"https:\/\/zenergiebodyandsoul.com\/wp-content\/uploads\/2025\/05\/streight.jpg\",\"datePublished\":\"2025-05-19T09:57:23+00:00\",\"dateModified\":\"2025-09-24T12:04:32+00:00\",\"breadcrumb\":{\"@id\":\"https:\/\/zenergiebodyandsoul.com\/our-experiences\/the-strength-studio\/#breadcrumb\"},\"inLanguage\":\"es\",\"potentialAction\":[{\"@type\":\"ReadAction\",\"target\":[\"https:\/\/zenergiebodyandsoul.com\/our-experiences\/the-strength-studio\/\"]}]},{\"@type\":\"ImageObject\",\"inLanguage\":\"es\",\"@id\":\"https:\/\/zenergiebodyandsoul.com\/our-experiences\/the-strength-studio\/#primaryimage\",\"url\":\"https:\/\/zenergiebodyandsoul.com\/wp-content\/uploads\/2025\/05\/streight.jpg\",\"contentUrl\":\"https:\/\/zenergiebodyandsoul.com\/wp-content\/uploads\/2025\/05\/streight.jpg\",\"width\":1468,\"height\":1198},{\"@type\":\"BreadcrumbList\",\"@id\":\"https:\/\/zenergiebodyandsoul.com\/our-experiences\/the-strength-studio\/#breadcrumb\",\"itemListElement\":[{\"@type\":\"ListItem\",\"position\":1,\"name\":\"Inici\",\"item\":\"https:\/\/zenergiebodyandsoul.com\/\"},{\"@type\":\"ListItem\",\"position\":2,\"name\":\"Our Experiences\",\"item\":\"https:\/\/zenergiebodyandsoul.com\/our-experiences\/\"},{\"@type\":\"ListItem\",\"position\":3,\"name\":\"Smart Strength Studio\"}]},{\"@type\":\"WebSite\",\"@id\":\"https:\/\/zenergiebodyandsoul.com\/#website\",\"url\":\"https:\/\/zenergiebodyandsoul.com\/\",\"name\":\"Zenergie Body and soul\",\"description\":\"\",\"potentialAction\":[{\"@type\":\"SearchAction\",\"target\":{\"@type\":\"EntryPoint\",\"urlTemplate\":\"https:\/\/zenergiebodyandsoul.com\/?s={search_term_string}\"},\"query-input\":{\"@type\":\"PropertyValueSpecification\",\"valueRequired\":true,\"valueName\":\"search_term_string\"}}],\"inLanguage\":\"es\"}]}<\/script>\n<!-- \/ Yoast SEO plugin. -->","yoast_head_json":{"title":"Smart Strength Studio - Zenergie Cuerpo y alma","robots":{"index":"index","follow":"follow","max-snippet":"max-snippet:-1","max-image-preview":"max-image-preview:large","max-video-preview":"max-video-preview:-1"},"canonical":"https:\/\/zenergiebodyandsoul.com\/es\/nuestras-experiencias\/el-estudio-de-la-fuerza\/","og_locale":"es_ES","og_type":"article","og_title":"Smart Strength Studio - Zenergie Body and soul","og_description":"At Zenergie, our commitment to delivering personalized and efficient workout experiences is further enhanced through our partnership with EGYM and the introduction of the SmartStrength Equipment. This state-of-the-art fitness solution is designed to revolutionize the way we approach strength training, making it a seamless and highly effective part of our fitness offerings. The SmartStrength leverages [&hellip;]","og_url":"https:\/\/zenergiebodyandsoul.com\/es\/nuestras-experiencias\/el-estudio-de-la-fuerza\/","og_site_name":"Zenergie Body and soul","article_modified_time":"2025-09-24T12:04:32+00:00","og_image":[{"width":1468,"height":1198,"url":"http:\/\/zenergiebodyandsoul.com\/wp-content\/uploads\/2025\/05\/streight.jpg","type":"image\/jpeg"}],"twitter_card":"summary_large_image","twitter_misc":{"Tiempo de lectura":"2 minutos"},"schema":{"@context":"https:\/\/schema.org","@graph":[{"@type":"WebPage","@id":"https:\/\/zenergiebodyandsoul.com\/our-experiences\/the-strength-studio\/","url":"https:\/\/zenergiebodyandsoul.com\/our-experiences\/the-strength-studio\/","name":"Smart Strength Studio - Zenergie Cuerpo y alma","isPartOf":{"@id":"https:\/\/zenergiebodyandsoul.com\/#website"},"primaryImageOfPage":{"@id":"https:\/\/zenergiebodyandsoul.com\/our-experiences\/the-strength-studio\/#primaryimage"},"image":{"@id":"https:\/\/zenergiebodyandsoul.com\/our-experiences\/the-strength-studio\/#primaryimage"},"thumbnailUrl":"https:\/\/zenergiebodyandsoul.com\/wp-content\/uploads\/2025\/05\/streight.jpg","datePublished":"2025-05-19T09:57:23+00:00","dateModified":"2025-09-24T12:04:32+00:00","breadcrumb":{"@id":"https:\/\/zenergiebodyandsoul.com\/our-experiences\/the-strength-studio\/#breadcrumb"},"inLanguage":"es","potentialAction":[{"@type":"ReadAction","target":["https:\/\/zenergiebodyandsoul.com\/our-experiences\/the-strength-studio\/"]}]},{"@type":"ImageObject","inLanguage":"es","@id":"https:\/\/zenergiebodyandsoul.com\/our-experiences\/the-strength-studio\/#primaryimage","url":"https:\/\/zenergiebodyandsoul.com\/wp-content\/uploads\/2025\/05\/streight.jpg","contentUrl":"https:\/\/zenergiebodyandsoul.com\/wp-content\/uploads\/2025\/05\/streight.jpg","width":1468,"height":1198},{"@type":"BreadcrumbList","@id":"https:\/\/zenergiebodyandsoul.com\/our-experiences\/the-strength-studio\/#breadcrumb","itemListElement":[{"@type":"ListItem","position":1,"name":"Inici","item":"https:\/\/zenergiebodyandsoul.com\/"},{"@type":"ListItem","position":2,"name":"Our Experiences","item":"https:\/\/zenergiebodyandsoul.com\/our-experiences\/"},{"@type":"ListItem","position":3,"name":"Smart Strength Studio"}]},{"@type":"WebSite","@id":"https:\/\/zenergiebodyandsoul.com\/#website","url":"https:\/\/zenergiebodyandsoul.com\/","name":"Zenergie Body and soul","description":"","potentialAction":[{"@type":"SearchAction","target":{"@type":"EntryPoint","urlTemplate":"https:\/\/zenergiebodyandsoul.com\/?s={search_term_string}"},"query-input":{"@type":"PropertyValueSpecification","valueRequired":true,"valueName":"search_term_string"}}],"inLanguage":"es"}]}},"_links":{"self":[{"href":"https:\/\/zenergiebodyandsoul.com\/es\/wp-json\/wp\/v2\/pages\/466","targetHints":{"allow":["GET"]}}],"collection":[{"href":"https:\/\/zenergiebodyandsoul.com\/es\/wp-json\/wp\/v2\/pages"}],"about":[{"href":"https:\/\/zenergiebodyandsoul.com\/es\/wp-json\/wp\/v2\/types\/page"}],"author":[{"embeddable":true,"href":"https:\/\/zenergiebodyandsoul.com\/es\/wp-json\/wp\/v2\/users\/1"}],"replies":[{"embeddable":true,"href":"https:\/\/zenergiebodyandsoul.com\/es\/wp-json\/wp\/v2\/comments?post=466"}],"version-history":[{"count":3,"href":"https:\/\/zenergiebodyandsoul.com\/es\/wp-json\/wp\/v2\/pages\/466\/revisions"}],"predecessor-version":[{"id":569,"href":"https:\/\/zenergiebodyandsoul.com\/es\/wp-json\/wp\/v2\/pages\/466\/revisions\/569"}],"up":[{"embeddable":true,"href":"https:\/\/zenergiebodyandsoul.com\/es\/wp-json\/wp\/v2\/pages\/750"}],"wp:featuredmedia":[{"embeddable":true,"href":"https:\/\/zenergiebodyandsoul.com\/es\/wp-json\/wp\/v2\/media\/469"}],"wp:attachment":[{"href":"https:\/\/zenergiebodyandsoul.com\/es\/wp-json\/wp\/v2\/media?parent=466"}],"curies":[{"name":"wp","href":"https:\/\/api.w.org\/{rel}","templated":true}]}}