{"id":404,"date":"2024-01-22T10:19:01","date_gmt":"2024-01-22T10:19:01","guid":{"rendered":"http:\/\/zenergiebodyandsoul.com\/?page_id=404"},"modified":"2025-05-27T06:53:16","modified_gmt":"2025-05-27T06:53:16","slug":"legal-notice","status":"publish","type":"page","link":"https:\/\/zenergiebodyandsoul.com\/es\/aviso-legal\/","title":{"rendered":"Menciones legales"},"content":{"rendered":"<p data-start=\"169\" data-end=\"468\">El presente Aviso Legal regula el acceso del USUARIO a los contenidos que FIT BRANDS INTERNATIONAL SL facilita en este sitio web. El mero uso de la informaci\u00f3n contenida en este sitio implica la plena aceptaci\u00f3n de este Aviso Legal, por lo que recomendamos visitarlo peri\u00f3dicamente debido a las continuas actualizaciones.<\/p>\n<p data-start=\"470\" data-end=\"498\"><strong data-start=\"474\" data-end=\"498\">INFORMACI\u00d3N GENERAL:<\/strong><\/p>\n<p data-start=\"500\" data-end=\"873\">En cumplimiento del art\u00edculo 10 de la Ley 34\/2002, de 11 de julio, de Servicios de la Sociedad de la Informaci\u00f3n y Comercio Electr\u00f3nico (en adelante, LSSICE), le informamos que el titular del dominio <em data-start=\"688\" data-end=\"713\">zenergiebodyandsoul.com<\/em> es <strong data-start=\"717\" data-end=\"748\">FIT BRANDS INTERNATIONAL SL<\/strong> (CIF: B56258940), con domicilio social en <strong data-start=\"797\" data-end=\"872\">Calle D Antoni Bell, 6, 08174, Sant Cugat del Vall\u00e8s (Barcelona), Espa\u00f1a<\/strong>.<\/p>\n<p data-start=\"875\" data-end=\"922\">Correo electr\u00f3nico de contacto: <strong data-start=\"890\" data-end=\"922\"><a class=\"cursor-pointer\" rel=\"noopener\" data-start=\"892\" data-end=\"920\">info@zenergiebodyandsoul.com<\/a><\/strong><\/p>\n<p data-start=\"875\" data-end=\"922\"><strong data-start=\"932\" data-end=\"972\">PROPIEDAD INTELECTUAL E INDUSTRIAL<\/strong><\/p>\n<p data-start=\"974\" data-end=\"1337\">El contenido de <em data-start=\"990\" data-end=\"1015\">zenergiebodyandsoul.com<\/em>incluyendo textos, im\u00e1genes, dise\u00f1o gr\u00e1fico, c\u00f3digo fuente, logotipos, marcas, etc., son propiedad exclusiva de <strong data-start=\"1122\" data-end=\"1153\">FIT BRANDS INTERNATIONAL SL<\/strong> y est\u00e1n protegidos por la normativa sobre Propiedad Intelectual e Industrial. Por tanto, queda terminantemente prohibida la reproducci\u00f3n, modificaci\u00f3n, distribuci\u00f3n o manipulaci\u00f3n de dichos contenidos.<\/p>\n<p data-start=\"1339\" data-end=\"1754\">FIT BRANDS INTERNATIONAL SL es la \u00fanica titular de todos los derechos de propiedad intelectual, industrial y an\u00e1logos de la <em data-start=\"1446\" data-end=\"1471\">zenergiebodyandsoul.com<\/em> sitio web. Quedan reservados todos los derechos sobre los contenidos, servicios y elementos incorporados al sitio web, incluyendo, sin car\u00e1cter limitativo: apariencia visual, imagen gr\u00e1fica, arquitectura de navegaci\u00f3n, c\u00f3digo fuente, im\u00e1genes, grabaciones, software, bases de datos, tecnolog\u00eda, logotipos y marcas.<\/p>\n<p data-start=\"1756\" data-end=\"2093\">Usted se compromete a no eliminar, alterar, manipular o modificar los avisos de derechos de autor, marcas registradas (como \u00a9, \u00ae, \u2122), medidas t\u00e9cnicas de protecci\u00f3n o identificadores incrustados en los contenidos (por ejemplo, marcas de agua, huellas digitales), y a acceder, visualizar y, en su caso, descargar los contenidos o servicios \u00fanicamente para uso personal y no comercial.<\/p>\n<p data-start=\"2095\" data-end=\"2320\">FIT BRANDS INTERNATIONAL SL se reserva todos los derechos relacionados con la propiedad intelectual e industrial sobre los elementos de su p\u00e1gina web y no concede licencia o autorizaci\u00f3n alguna m\u00e1s all\u00e1 de lo expresamente indicado en esta cl\u00e1usula.<\/p>\n<p data-start=\"2327\" data-end=\"2355\"><strong data-start=\"2330\" data-end=\"2355\">RESERVA DE DERECHOS<\/strong><\/p>\n<p data-start=\"2357\" data-end=\"2574\">FIT BRANDS INTERNATIONAL SL se reserva el derecho a actualizar, modificar o eliminar la informaci\u00f3n contenida en <em data-start=\"2448\" data-end=\"2473\">zenergiebodyandsoul.com<\/em>El usuario podr\u00e1 modificar, en cualquier momento y sin previo aviso, la presente pol\u00edtica de privacidad, as\u00ed como su configuraci\u00f3n, prestaciones y condiciones generales.<\/p>\n<p data-start=\"2576\" data-end=\"3002\">La empresa no garantiza la inexistencia de interrupciones o errores en el acceso o uso de <em data-start=\"2669\" data-end=\"2694\">zenergiebodyandsoul.com<\/em> y no asume responsabilidad alguna derivada de problemas t\u00e9cnicos o fallos en la conexi\u00f3n a Internet. No garantiza la ausencia de virus u otros elementos lesivos que pudieran afectar a su sistema inform\u00e1tico o a los documentos y ficheros almacenados en el mismo, y declina cualquier responsabilidad por los da\u00f1os y perjuicios que tales elementos pudieran ocasionar.<\/p>\n<p data-start=\"3009\" data-end=\"3039\"><strong data-start=\"3012\" data-end=\"3039\">LIMITACI\u00d3N DE RESPONSABILIDAD<\/strong><\/p>\n<p data-start=\"3041\" data-end=\"3395\"><strong data-start=\"3041\" data-end=\"3063\">Acerca de la informaci\u00f3n:<\/strong><br data-start=\"3063\" data-end=\"3066\" \/>FIT BRANDS INTERNATIONAL SL no garantiza la exactitud, adecuaci\u00f3n, idoneidad o actualidad de la informaci\u00f3n proporcionada en <em data-start=\"3195\" data-end=\"3220\">zenergiebodyandsoul.com<\/em>. El contenido es meramente informativo. FIT BRANDS INTERNATIONAL SL no se hace responsable de las decisiones que usted pueda tomar basado en el mismo, ni de los da\u00f1os que pueda sufrir usted o terceros.<\/p>\n<p data-start=\"3397\" data-end=\"3743\"><strong data-start=\"3397\" data-end=\"3423\">Sobre la calidad del servicio:<\/strong><br data-start=\"3423\" data-end=\"3426\" \/>Usted reconoce ser consciente de la existencia de virus y otros elementos maliciosos en Internet. Es su responsabilidad utilizar herramientas adecuadas para su detecci\u00f3n y desinfecci\u00f3n. FIT BRANDS INTERNATIONAL SL no se responsabiliza de los da\u00f1os producidos en sus dispositivos o equipos de terceros como consecuencia del acceso al sitio.<\/p>\n<p data-start=\"3745\" data-end=\"4107\"><strong data-start=\"3745\" data-end=\"3776\">Sobre la disponibilidad del servicio:<\/strong><br data-start=\"3776\" data-end=\"3779\" \/>El acceso al sitio web depende de servicios de terceros que est\u00e1n fuera del control de FIT BRANDS INTERNATIONAL SL. Por ello, el servicio puede ser suspendido, cancelado o dejar de estar disponible en cualquier momento. FIT BRANDS INTERNATIONAL SL no responder\u00e1 de los da\u00f1os y perjuicios causados por fallos en las telecomunicaciones que produzcan la suspensi\u00f3n o interrupci\u00f3n del servicio.<\/p>\n<p data-start=\"4109\" data-end=\"4708\"><strong data-start=\"4109\" data-end=\"4134\">Acerca de los contenidos enlazados:<\/strong><br data-start=\"4134\" data-end=\"4137\" \/>Este sitio web puede contener enlaces a otros sitios web (\"Sitios Enlazados\"). De conformidad con la LSSICE, FIT BRANDS INTERNATIONAL SL act\u00faa como prestador de servicios de intermediaci\u00f3n y s\u00f3lo ser\u00e1 responsable de los contenidos de terceros cuando tenga conocimiento efectivo de la ilicitud y no haya actuado para retirar o inutilizar el acceso. Si usted cree que un sitio enlazado contiene contenidos ilegales, por favor notif\u00edquelo a FIT BRANDS INTERNATIONAL SL, que actuar\u00e1 con diligencia para eliminar dichos enlaces. FIT BRANDS INTERNATIONAL SL no se hace responsable de la calidad, disponibilidad o legalidad de los contenidos de los sitios enlazados.<\/p>\n<p data-start=\"4715\" data-end=\"4734\"><strong data-start=\"4718\" data-end=\"4734\">LICENCIA DE ENLACE<\/strong><\/p>\n<p data-start=\"4736\" data-end=\"4901\">Todos los enlaces de terceros a <em data-start=\"4761\" data-end=\"4786\">zenergiebodyandsoul.com<\/em> debe llevar a la p\u00e1gina de inicio. Cualquier otra forma de enlace requiere el consentimiento previo por escrito de FIT BRANDS INTERNATIONAL SL.<\/p>\n<p data-start=\"4903\" data-end=\"5190\">Queda prohibido reproducir, imitar o enmarcar el contenido o la presentaci\u00f3n visual del sitio, as\u00ed como crear un navegador, marco o barra de navegaci\u00f3n sobre el mismo. No se podr\u00e1n realizar manifestaciones falsas, inexactas o enga\u00f1osas sobre FIT BRANDS INTERNATIONAL SL o su relaci\u00f3n con terceros.<\/p>\n<p data-start=\"5192\" data-end=\"5440\">El sitio web de enlace no podr\u00e1 contener marcas u otros elementos identificativos de FIT BRANDS INTERNATIONAL SL sin autorizaci\u00f3n previa y por escrito. Tampoco podr\u00e1 albergar contenidos il\u00edcitos o contrarios al orden p\u00fablico, la moral o las buenas costumbres.<\/p>\n<p data-start=\"5442\" data-end=\"5577\">FIT BRANDS INTERNATIONAL SL se reserva el derecho de emprender acciones legales contra cualquier incumplimiento de las condiciones expuestas en este Aviso Legal.<\/p>\n<p data-start=\"5584\" data-end=\"5603\"><strong data-start=\"5587\" data-end=\"5603\">PROHIBICIONES<\/strong><\/p>\n<p data-start=\"5605\" data-end=\"5634\">Est\u00e1 expresamente prohibido:<\/p>\n<ul data-start=\"5636\" data-end=\"6278\">\n<li data-start=\"5636\" data-end=\"5799\">\n<p data-start=\"5638\" data-end=\"5799\">Utilizar los contenidos o servicios con fines il\u00edcitos o para lesionar derechos de terceros, o de cualquier forma que pueda da\u00f1ar o sobrecargar el sitio o impedir su normal funcionamiento.<\/p>\n<\/li>\n<li data-start=\"5800\" data-end=\"5901\">\n<p data-start=\"5802\" data-end=\"5901\">Utilizar contenidos protegidos por derechos de propiedad intelectual o industrial sin la debida autorizaci\u00f3n.<\/p>\n<\/li>\n<li data-start=\"5902\" data-end=\"6032\">\n<p data-start=\"5904\" data-end=\"6032\">Reproducir, copiar, distribuir o modificar los contenidos sin autorizaci\u00f3n previa del titular de los derechos o salvo que est\u00e9 legalmente permitido.<\/p>\n<\/li>\n<li data-start=\"6033\" data-end=\"6157\">\n<p data-start=\"6035\" data-end=\"6157\">Introducir virus u otros elementos nocivos en la red o en los sistemas de FIT BRANDS INTERNATIONAL SL o de terceros.<\/p>\n<\/li>\n<li data-start=\"6158\" data-end=\"6278\">\n<p data-start=\"6160\" data-end=\"6278\">Intentar obtener los contenidos empleando m\u00e9todos no expresamente permitidos o que puedan da\u00f1ar el sitio web o sus servicios.<\/p>\n<\/li>\n<\/ul>\n<p data-start=\"6285\" data-end=\"6305\"><strong data-start=\"6288\" data-end=\"6305\">LEGISLACI\u00d3N APLICABLE<\/strong><\/p>\n<p data-start=\"6307\" data-end=\"6368\">El presente Aviso Legal se rige en todos y cada uno de sus extremos por la ley espa\u00f1ola.<\/p>\n<p data-start=\"6370\" data-end=\"6515\">En caso de litigios relacionados con este sitio web, la jurisdicci\u00f3n aplicable ser\u00e1 la de los juzgados y tribunales de <strong data-start=\"6493\" data-end=\"6515\">Barcelona (Espa\u00f1a).<\/strong><\/p>","protected":false},"excerpt":{"rendered":"<p>This Legal Notice regulates the access by the USER to the contents provided by FIT BRANDS INTERNATIONAL SL on this website. The mere use of the information contained on this site implies full acceptance of this Legal Notice, which is why we recommend visiting it periodically due to ongoing updates. GENERAL INFORMATION: In compliance with [&hellip;]<\/p>","protected":false},"author":1,"featured_media":0,"parent":0,"menu_order":0,"comment_status":"closed","ping_status":"closed","template":"page-legal.php","meta":{"_acf_changed":false,"footnotes":""},"class_list":["post-404","page","type-page","status-publish","hentry"],"acf":[],"yoast_head":"<!-- This site is optimized with the Yoast SEO plugin v25.7 - https:\/\/yoast.com\/wordpress\/plugins\/seo\/ -->\n<title>Legal notice - Zenergie Body and soul<\/title>\n<meta name=\"robots\" content=\"index, follow, max-snippet:-1, max-image-preview:large, max-video-preview:-1\" \/>\n<link rel=\"canonical\" href=\"https:\/\/zenergiebodyandsoul.com\/es\/aviso-legal\/\" \/>\n<meta property=\"og:locale\" content=\"es_ES\" \/>\n<meta property=\"og:type\" content=\"article\" \/>\n<meta property=\"og:title\" content=\"Legal notice - Zenergie Body and soul\" \/>\n<meta property=\"og:description\" content=\"This Legal Notice regulates the access by the USER to the contents provided by FIT BRANDS INTERNATIONAL SL on this website. The mere use of the information contained on this site implies full acceptance of this Legal Notice, which is why we recommend visiting it periodically due to ongoing updates. GENERAL INFORMATION: In compliance with [&hellip;]\" \/>\n<meta property=\"og:url\" content=\"https:\/\/zenergiebodyandsoul.com\/es\/aviso-legal\/\" \/>\n<meta property=\"og:site_name\" content=\"Zenergie Body and soul\" \/>\n<meta property=\"article:modified_time\" content=\"2025-05-27T06:53:16+00:00\" \/>\n<meta name=\"twitter:card\" content=\"summary_large_image\" \/>\n<meta name=\"twitter:label1\" content=\"Tiempo de lectura\" \/>\n\t<meta name=\"twitter:data1\" content=\"6 minutos\" \/>\n<script type=\"application\/ld+json\" class=\"yoast-schema-graph\">{\"@context\":\"https:\/\/schema.org\",\"@graph\":[{\"@type\":\"WebPage\",\"@id\":\"https:\/\/zenergiebodyandsoul.com\/legal-notice\/\",\"url\":\"https:\/\/zenergiebodyandsoul.com\/legal-notice\/\",\"name\":\"Legal notice - Zenergie Body and soul\",\"isPartOf\":{\"@id\":\"https:\/\/zenergiebodyandsoul.com\/#website\"},\"datePublished\":\"2024-01-22T10:19:01+00:00\",\"dateModified\":\"2025-05-27T06:53:16+00:00\",\"breadcrumb\":{\"@id\":\"https:\/\/zenergiebodyandsoul.com\/legal-notice\/#breadcrumb\"},\"inLanguage\":\"es\",\"potentialAction\":[{\"@type\":\"ReadAction\",\"target\":[\"https:\/\/zenergiebodyandsoul.com\/legal-notice\/\"]}]},{\"@type\":\"BreadcrumbList\",\"@id\":\"https:\/\/zenergiebodyandsoul.com\/legal-notice\/#breadcrumb\",\"itemListElement\":[{\"@type\":\"ListItem\",\"position\":1,\"name\":\"Inici\",\"item\":\"https:\/\/zenergiebodyandsoul.com\/\"},{\"@type\":\"ListItem\",\"position\":2,\"name\":\"Legal notice\"}]},{\"@type\":\"WebSite\",\"@id\":\"https:\/\/zenergiebodyandsoul.com\/#website\",\"url\":\"https:\/\/zenergiebodyandsoul.com\/\",\"name\":\"Zenergie Body and soul\",\"description\":\"\",\"potentialAction\":[{\"@type\":\"SearchAction\",\"target\":{\"@type\":\"EntryPoint\",\"urlTemplate\":\"https:\/\/zenergiebodyandsoul.com\/?s={search_term_string}\"},\"query-input\":{\"@type\":\"PropertyValueSpecification\",\"valueRequired\":true,\"valueName\":\"search_term_string\"}}],\"inLanguage\":\"es\"}]}<\/script>\n<!-- \/ Yoast SEO plugin. -->","yoast_head_json":{"title":"Aviso legal - Zenergie Body and soul","robots":{"index":"index","follow":"follow","max-snippet":"max-snippet:-1","max-image-preview":"max-image-preview:large","max-video-preview":"max-video-preview:-1"},"canonical":"https:\/\/zenergiebodyandsoul.com\/es\/aviso-legal\/","og_locale":"es_ES","og_type":"article","og_title":"Legal notice - Zenergie Body and soul","og_description":"This Legal Notice regulates the access by the USER to the contents provided by FIT BRANDS INTERNATIONAL SL on this website. The mere use of the information contained on this site implies full acceptance of this Legal Notice, which is why we recommend visiting it periodically due to ongoing updates. GENERAL INFORMATION: In compliance with [&hellip;]","og_url":"https:\/\/zenergiebodyandsoul.com\/es\/aviso-legal\/","og_site_name":"Zenergie Body and soul","article_modified_time":"2025-05-27T06:53:16+00:00","twitter_card":"summary_large_image","twitter_misc":{"Tiempo de lectura":"6 minutos"},"schema":{"@context":"https:\/\/schema.org","@graph":[{"@type":"WebPage","@id":"https:\/\/zenergiebodyandsoul.com\/legal-notice\/","url":"https:\/\/zenergiebodyandsoul.com\/legal-notice\/","name":"Aviso legal - Zenergie Body and soul","isPartOf":{"@id":"https:\/\/zenergiebodyandsoul.com\/#website"},"datePublished":"2024-01-22T10:19:01+00:00","dateModified":"2025-05-27T06:53:16+00:00","breadcrumb":{"@id":"https:\/\/zenergiebodyandsoul.com\/legal-notice\/#breadcrumb"},"inLanguage":"es","potentialAction":[{"@type":"ReadAction","target":["https:\/\/zenergiebodyandsoul.com\/legal-notice\/"]}]},{"@type":"BreadcrumbList","@id":"https:\/\/zenergiebodyandsoul.com\/legal-notice\/#breadcrumb","itemListElement":[{"@type":"ListItem","position":1,"name":"Inici","item":"https:\/\/zenergiebodyandsoul.com\/"},{"@type":"ListItem","position":2,"name":"Legal notice"}]},{"@type":"WebSite","@id":"https:\/\/zenergiebodyandsoul.com\/#website","url":"https:\/\/zenergiebodyandsoul.com\/","name":"Zenergie Body and soul","description":"","potentialAction":[{"@type":"SearchAction","target":{"@type":"EntryPoint","urlTemplate":"https:\/\/zenergiebodyandsoul.com\/?s={search_term_string}"},"query-input":{"@type":"PropertyValueSpecification","valueRequired":true,"valueName":"search_term_string"}}],"inLanguage":"es"}]}},"_links":{"self":[{"href":"https:\/\/zenergiebodyandsoul.com\/es\/wp-json\/wp\/v2\/pages\/404","targetHints":{"allow":["GET"]}}],"collection":[{"href":"https:\/\/zenergiebodyandsoul.com\/es\/wp-json\/wp\/v2\/pages"}],"about":[{"href":"https:\/\/zenergiebodyandsoul.com\/es\/wp-json\/wp\/v2\/types\/page"}],"author":[{"embeddable":true,"href":"https:\/\/zenergiebodyandsoul.com\/es\/wp-json\/wp\/v2\/users\/1"}],"replies":[{"embeddable":true,"href":"https:\/\/zenergiebodyandsoul.com\/es\/wp-json\/wp\/v2\/comments?post=404"}],"version-history":[{"count":6,"href":"https:\/\/zenergiebodyandsoul.com\/es\/wp-json\/wp\/v2\/pages\/404\/revisions"}],"predecessor-version":[{"id":556,"href":"https:\/\/zenergiebodyandsoul.com\/es\/wp-json\/wp\/v2\/pages\/404\/revisions\/556"}],"wp:attachment":[{"href":"https:\/\/zenergiebodyandsoul.com\/es\/wp-json\/wp\/v2\/media?parent=404"}],"curies":[{"name":"wp","href":"https:\/\/api.w.org\/{rel}","templated":true}]}}