{"id":519,"date":"2025-05-20T10:47:45","date_gmt":"2025-05-20T10:47:45","guid":{"rendered":"https:\/\/zenergiebodyandsoul.com\/?page_id=519"},"modified":"2025-05-27T06:41:11","modified_gmt":"2025-05-27T06:41:11","slug":"privacy-policy","status":"publish","type":"page","link":"https:\/\/zenergiebodyandsoul.com\/de\/datenschutzbestimmungen\/","title":{"rendered":"Datenschutzbestimmungen"},"content":{"rendered":"<p data-start=\"337\" data-end=\"362\"><strong data-start=\"340\" data-end=\"360\">F\u00dcR DIE DATENVERARBEITUNG VERANTWORTLICH:<\/strong><\/p>\n<p data-start=\"363\" data-end=\"390\">FIT BRANDS INTERNATIONAL SL<\/p>\n<p data-start=\"392\" data-end=\"409\"><strong data-start=\"395\" data-end=\"407\">ZWECK:<\/strong><\/p>\n<p data-start=\"410\" data-end=\"820\">Verwaltung von Anfragen und Webauftr\u00e4gen; Verwaltung der potenziellen Kunden und Kontakte des Unternehmens; Versendung von kommerziellen und werblichen Mitteilungen; Verwaltung der vertraglichen Beziehungen mit den Kunden; F\u00fchrung von aktualisierten Unterdr\u00fcckungslisten, um auf Wunsch nicht kontaktiert zu werden; Erm\u00f6glichung des Betriebs unserer Website\/Anwendungen durch technische und funktionelle Cookies; Durchf\u00fchrung von Statistiken.<\/p>\n<p data-start=\"822\" data-end=\"843\"><strong data-start=\"825\" data-end=\"841\">RECHTSGRUNDLAGE:<\/strong><\/p>\n<p data-start=\"844\" data-end=\"928\">Ausdr\u00fcckliche Zustimmung, Erf\u00fcllung eines Vertragsverh\u00e4ltnisses und berechtigtes Interesse.<\/p>\n<p data-start=\"930\" data-end=\"950\"><strong data-start=\"933\" data-end=\"948\">EMPF\u00c4NGER:<\/strong><\/p>\n<p data-start=\"951\" data-end=\"1027\">Die Daten werden nicht an Dritte weitergegeben, es sei denn, dies ist gesetzlich vorgeschrieben.<\/p>\n<p data-start=\"1029\" data-end=\"1057\"><strong data-start=\"1032\" data-end=\"1055\">AUS\u00dcBUNG DER RECHTE:<\/strong><\/p>\n<p data-start=\"1058\" data-end=\"1086\"><a class=\"cursor-pointer\" rel=\"noopener\" data-start=\"1058\" data-end=\"1086\">info@zenergiebodyandsoul.com<\/a><\/p>\n<p data-start=\"1088\" data-end=\"1120\"><strong data-start=\"1091\" data-end=\"1118\">ZUS\u00c4TZLICHE INFORMATIONEN:<\/strong><\/p>\n<p data-start=\"1121\" data-end=\"1227\">Zus\u00e4tzliche und detaillierte Informationen \u00fcber unsere Datenschutzpolitik k\u00f6nnen Sie in den nachstehenden Klauseln nachlesen.<\/p>\n<p data-start=\"1229\" data-end=\"1805\">Die von FIT BRANDS INTERNATIONAL SL als VERANTWORTLICHER ausgef\u00fchrten Datenverarbeitungsvorg\u00e4nge dienen ausschlie\u00dflich folgenden Zwecken: Versendung von Handels- und Werbemitteilungen, Verwaltung der vertraglichen Beziehungen zu den Kunden, F\u00fchrung von aktualisierten Unterdr\u00fcckungslisten, um zu vermeiden, dass Sie auf Wunsch kontaktiert werden, Erm\u00f6glichung des Betriebs unserer Website\/Anwendungen durch technische und funktionelle Cookies, Erstellung von Statistiken, Verwaltung der Beziehungen zu potenziellen Kunden und Kontakten sowie zu kommerziellen Zwecken und zur Verbesserung Ihrer Online-Erfahrung.<\/p>\n<p data-start=\"1807\" data-end=\"1885\">Die Kategorien von Daten, die von FIT BRANDS INTERNATIONAL SL verarbeitet werden, entsprechen den folgenden:<\/p>\n<ul data-start=\"1887\" data-end=\"2011\">\n<li data-start=\"1887\" data-end=\"1911\">\n<p data-start=\"1889\" data-end=\"1911\">Daten zur Identifizierung,<\/p>\n<\/li>\n<li data-start=\"1912\" data-end=\"1942\">\n<p data-start=\"1914\" data-end=\"1942\">Post- oder E-Mail-Adressen,<\/p>\n<\/li>\n<li data-start=\"1943\" data-end=\"1983\">\n<p data-start=\"1945\" data-end=\"1983\">Kommerzielle und wirtschaftliche Informationen,<\/p>\n<\/li>\n<li data-start=\"1984\" data-end=\"2011\">\n<p data-start=\"1986\" data-end=\"2011\">Pers\u00f6nliche Eigenschaften.<\/p>\n<\/li>\n<\/ul>\n<p data-start=\"2013\" data-end=\"2218\">Wenn Sie uns nichts anderes mitteilen, gehen wir davon aus, dass die \u00fcbermittelten Daten nicht ge\u00e4ndert wurden, dass Sie sich bereit erkl\u00e4ren, uns \u00c4nderungen mitzuteilen, und dass wir Ihre Zustimmung haben, sie f\u00fcr die genannten Zwecke zu verwenden.<\/p>\n<p data-start=\"2220\" data-end=\"2302\">Die Rechtsgrundlage f\u00fcr jede Verarbeitungst\u00e4tigkeit entsprechend den verfolgten Zwecken ist:<\/p>\n<ul data-start=\"2304\" data-end=\"2770\">\n<li data-start=\"2304\" data-end=\"2382\">\n<p data-start=\"2306\" data-end=\"2382\">Versendung von kommerziellen und werblichen Mitteilungen: <strong data-start=\"2360\" data-end=\"2379\">AUSDR\u00dcCKLICHE ZUSTIMMUNG<\/strong>.<\/p>\n<\/li>\n<li data-start=\"2383\" data-end=\"2490\">\n<p data-start=\"2385\" data-end=\"2490\">Verwaltung der vertraglichen Beziehungen zu den Kunden: <strong data-start=\"2442\" data-end=\"2487\">ERF\u00dcLLUNG EINES VERTRAGSVERH\u00c4LTNISSES<\/strong>.<\/p>\n<\/li>\n<li data-start=\"2491\" data-end=\"2596\">\n<p data-start=\"2493\" data-end=\"2596\">F\u00fchren von aktualisierten Unterdr\u00fcckungslisten, um zu vermeiden, dass man auf Anfrage kontaktiert wird: <strong data-start=\"2573\" data-end=\"2593\">GESETZLICHE VERPFLICHTUNG<\/strong>.<\/p>\n<\/li>\n<li data-start=\"2597\" data-end=\"2718\">\n<p data-start=\"2599\" data-end=\"2718\">Erm\u00f6glichung des Betriebs unserer Website\/Applikationen durch technische und funktionale Cookies: <strong data-start=\"2692\" data-end=\"2715\">RECHTM\u00c4SSIGES INTERESSE<\/strong>.<\/p>\n<\/li>\n<li data-start=\"2719\" data-end=\"2770\">\n<p data-start=\"2721\" data-end=\"2770\">Durchf\u00fchrung von Statistiken: <strong data-start=\"2746\" data-end=\"2769\">RECHTM\u00c4SSIGES INTERESSE<\/strong>.<\/p>\n<\/li>\n<\/ul>\n<p data-start=\"2772\" data-end=\"3449\">Wir informieren Sie dar\u00fcber, dass die Nutzung der auf zenergiebodyandsoul.com verf\u00fcgbaren Formulare auf vollj\u00e4hrige Nutzer beschr\u00e4nkt ist. Indem Sie eines der Formulare benutzen, garantieren Sie, dass Sie diese Anforderung erf\u00fcllen und akzeptieren die Konsequenzen, die sich sonst ergeben k\u00f6nnten. Die bereitgestellten Formulare k\u00f6nnen in der Sprache Ihrer Wahl ausgef\u00fcllt werden. FIT BRANDS INTERNATIONAL SL haftet jedoch nicht f\u00fcr Fehler oder die Unf\u00e4higkeit, Ihre Anfrage aufgrund der Verwendung einer ungeeigneten Sprache zu bearbeiten. Das Ausf\u00fcllen der Formulare sowie aller anderen Frageb\u00f6gen, die in Zukunft zur Verf\u00fcgung gestellt werden, ist v\u00f6llig freiwillig; die Weigerung, bestimmte Daten anzugeben, kann jedoch dazu f\u00fchren, dass Ihre Anfrage nicht bearbeitet werden kann.<\/p>\n<p data-start=\"3451\" data-end=\"3874\">FIT BRANDS INTERNATIONAL SL hat die gesetzlich vorgeschriebenen Sicherheitsvorkehrungen zum Schutz personenbezogener Daten getroffen und ist bestrebt, alle ihr zur Verf\u00fcgung stehenden zus\u00e4tzlichen technischen Mittel einzusetzen, um den Verlust, den Missbrauch, die Ver\u00e4nderung, den unbefugten Zugriff und den Diebstahl der zur Verf\u00fcgung gestellten personenbezogenen Daten zu vermeiden. Wir garantieren daher h\u00f6chste Vertraulichkeit bei ihrer Verarbeitung und versichern, dass keine Daten an Dritte weitergegeben werden.<\/p>\n<p data-start=\"3876\" data-end=\"4232\">Durch die freiwillige \u00dcbermittlung Ihrer Daten erkl\u00e4ren Sie sich AUSDR\u00dcCKLICH mit der automatisierten oder nicht automatisierten Verarbeitung dieser Daten durch FIT BRANDS INTERNATIONAL SL sowie mit der Weitergabe dieser Daten an Stellen einverstanden, deren Zugriff auf Ihre Daten notwendig oder gesetzlich vorgeschrieben ist. Im Falle von kommerziellen Mitteilungen per E-Mail oder auf gleichwertigem Wege erkl\u00e4ren Sie sich ausdr\u00fccklich mit deren Erhalt einverstanden.<\/p>\n<p data-start=\"4234\" data-end=\"4494\">Die erteilte Zustimmung kann jederzeit widerrufen werden, indem Sie Ihre Rechte auf Einschr\u00e4nkung der Verarbeitung, Daten\u00fcbertragbarkeit, Zugang, Berichtigung, L\u00f6schung und Widerspruch aus\u00fcben, die FIT BRANDS INTERNATIONAL SL durch Kontaktaufnahme gew\u00e4hrleistet:<br data-start=\"4456\" data-end=\"4459\" \/>\ud83d\udce7 <strong data-start=\"4462\" data-end=\"4494\"><a class=\"cursor-pointer\" rel=\"noopener\" data-start=\"4464\" data-end=\"4492\">info@zenergiebodyandsoul.com<\/a><\/strong><\/p>","protected":false},"excerpt":{"rendered":"<p>DATA CONTROLLER: FIT BRANDS INTERNATIONAL SL PURPOSE: Management of inquiries and web requests; management of the company&#8217;s potential clients and contacts; sending of commercial and promotional communications; management of the contractual relationship with clients; maintenance of updated suppression lists to avoid being contacted if requested; enabling the operation of our website\/applications through technical and functional [&hellip;]<\/p>","protected":false},"author":1,"featured_media":0,"parent":0,"menu_order":0,"comment_status":"closed","ping_status":"closed","template":"page-legal.php","meta":{"_acf_changed":false,"footnotes":""},"class_list":["post-519","page","type-page","status-publish","hentry"],"acf":[],"yoast_head":"<!-- This site is optimized with the Yoast SEO plugin v25.7 - https:\/\/yoast.com\/wordpress\/plugins\/seo\/ -->\n<title>Privacy policy - Zenergie Body and soul<\/title>\n<meta name=\"robots\" content=\"index, follow, max-snippet:-1, max-image-preview:large, max-video-preview:-1\" \/>\n<link rel=\"canonical\" href=\"https:\/\/zenergiebodyandsoul.com\/de\/datenschutzbestimmungen\/\" \/>\n<meta property=\"og:locale\" content=\"de_DE\" \/>\n<meta property=\"og:type\" content=\"article\" \/>\n<meta property=\"og:title\" content=\"Privacy policy - Zenergie Body and soul\" \/>\n<meta property=\"og:description\" content=\"DATA CONTROLLER: FIT BRANDS INTERNATIONAL SL PURPOSE: Management of inquiries and web requests; management of the company&#8217;s potential clients and contacts; sending of commercial and promotional communications; management of the contractual relationship with clients; maintenance of updated suppression lists to avoid being contacted if requested; enabling the operation of our website\/applications through technical and functional [&hellip;]\" \/>\n<meta property=\"og:url\" content=\"https:\/\/zenergiebodyandsoul.com\/de\/datenschutzbestimmungen\/\" \/>\n<meta property=\"og:site_name\" content=\"Zenergie Body and soul\" \/>\n<meta property=\"article:modified_time\" content=\"2025-05-27T06:41:11+00:00\" \/>\n<meta name=\"twitter:card\" content=\"summary_large_image\" \/>\n<meta name=\"twitter:label1\" content=\"Gesch\u00e4tzte Lesezeit\" \/>\n\t<meta name=\"twitter:data1\" content=\"4\u00a0Minuten\" \/>\n<script type=\"application\/ld+json\" class=\"yoast-schema-graph\">{\"@context\":\"https:\/\/schema.org\",\"@graph\":[{\"@type\":\"WebPage\",\"@id\":\"https:\/\/zenergiebodyandsoul.com\/privacy-policy\/\",\"url\":\"https:\/\/zenergiebodyandsoul.com\/privacy-policy\/\",\"name\":\"Privacy policy - Zenergie Body and soul\",\"isPartOf\":{\"@id\":\"https:\/\/zenergiebodyandsoul.com\/#website\"},\"datePublished\":\"2025-05-20T10:47:45+00:00\",\"dateModified\":\"2025-05-27T06:41:11+00:00\",\"breadcrumb\":{\"@id\":\"https:\/\/zenergiebodyandsoul.com\/privacy-policy\/#breadcrumb\"},\"inLanguage\":\"de\",\"potentialAction\":[{\"@type\":\"ReadAction\",\"target\":[\"https:\/\/zenergiebodyandsoul.com\/privacy-policy\/\"]}]},{\"@type\":\"BreadcrumbList\",\"@id\":\"https:\/\/zenergiebodyandsoul.com\/privacy-policy\/#breadcrumb\",\"itemListElement\":[{\"@type\":\"ListItem\",\"position\":1,\"name\":\"Inici\",\"item\":\"https:\/\/zenergiebodyandsoul.com\/\"},{\"@type\":\"ListItem\",\"position\":2,\"name\":\"Privacy policy\"}]},{\"@type\":\"WebSite\",\"@id\":\"https:\/\/zenergiebodyandsoul.com\/#website\",\"url\":\"https:\/\/zenergiebodyandsoul.com\/\",\"name\":\"Zenergie Body and soul\",\"description\":\"\",\"potentialAction\":[{\"@type\":\"SearchAction\",\"target\":{\"@type\":\"EntryPoint\",\"urlTemplate\":\"https:\/\/zenergiebodyandsoul.com\/?s={search_term_string}\"},\"query-input\":{\"@type\":\"PropertyValueSpecification\",\"valueRequired\":true,\"valueName\":\"search_term_string\"}}],\"inLanguage\":\"de\"}]}<\/script>\n<!-- \/ Yoast SEO plugin. -->","yoast_head_json":{"title":"Datenschutzerkl\u00e4rung - Zenergie K\u00f6rper und Seele","robots":{"index":"index","follow":"follow","max-snippet":"max-snippet:-1","max-image-preview":"max-image-preview:large","max-video-preview":"max-video-preview:-1"},"canonical":"https:\/\/zenergiebodyandsoul.com\/de\/datenschutzbestimmungen\/","og_locale":"de_DE","og_type":"article","og_title":"Privacy policy - Zenergie Body and soul","og_description":"DATA CONTROLLER: FIT BRANDS INTERNATIONAL SL PURPOSE: Management of inquiries and web requests; management of the company&#8217;s potential clients and contacts; sending of commercial and promotional communications; management of the contractual relationship with clients; maintenance of updated suppression lists to avoid being contacted if requested; enabling the operation of our website\/applications through technical and functional [&hellip;]","og_url":"https:\/\/zenergiebodyandsoul.com\/de\/datenschutzbestimmungen\/","og_site_name":"Zenergie Body and soul","article_modified_time":"2025-05-27T06:41:11+00:00","twitter_card":"summary_large_image","twitter_misc":{"Gesch\u00e4tzte Lesezeit":"4\u00a0Minuten"},"schema":{"@context":"https:\/\/schema.org","@graph":[{"@type":"WebPage","@id":"https:\/\/zenergiebodyandsoul.com\/privacy-policy\/","url":"https:\/\/zenergiebodyandsoul.com\/privacy-policy\/","name":"Datenschutzerkl\u00e4rung - Zenergie K\u00f6rper und Seele","isPartOf":{"@id":"https:\/\/zenergiebodyandsoul.com\/#website"},"datePublished":"2025-05-20T10:47:45+00:00","dateModified":"2025-05-27T06:41:11+00:00","breadcrumb":{"@id":"https:\/\/zenergiebodyandsoul.com\/privacy-policy\/#breadcrumb"},"inLanguage":"de","potentialAction":[{"@type":"ReadAction","target":["https:\/\/zenergiebodyandsoul.com\/privacy-policy\/"]}]},{"@type":"BreadcrumbList","@id":"https:\/\/zenergiebodyandsoul.com\/privacy-policy\/#breadcrumb","itemListElement":[{"@type":"ListItem","position":1,"name":"Inici","item":"https:\/\/zenergiebodyandsoul.com\/"},{"@type":"ListItem","position":2,"name":"Privacy policy"}]},{"@type":"WebSite","@id":"https:\/\/zenergiebodyandsoul.com\/#website","url":"https:\/\/zenergiebodyandsoul.com\/","name":"Zenergie K\u00f6rper und Geist","description":"","potentialAction":[{"@type":"SearchAction","target":{"@type":"EntryPoint","urlTemplate":"https:\/\/zenergiebodyandsoul.com\/?s={search_term_string}"},"query-input":{"@type":"PropertyValueSpecification","valueRequired":true,"valueName":"search_term_string"}}],"inLanguage":"de"}]}},"_links":{"self":[{"href":"https:\/\/zenergiebodyandsoul.com\/de\/wp-json\/wp\/v2\/pages\/519","targetHints":{"allow":["GET"]}}],"collection":[{"href":"https:\/\/zenergiebodyandsoul.com\/de\/wp-json\/wp\/v2\/pages"}],"about":[{"href":"https:\/\/zenergiebodyandsoul.com\/de\/wp-json\/wp\/v2\/types\/page"}],"author":[{"embeddable":true,"href":"https:\/\/zenergiebodyandsoul.com\/de\/wp-json\/wp\/v2\/users\/1"}],"replies":[{"embeddable":true,"href":"https:\/\/zenergiebodyandsoul.com\/de\/wp-json\/wp\/v2\/comments?post=519"}],"version-history":[{"count":6,"href":"https:\/\/zenergiebodyandsoul.com\/de\/wp-json\/wp\/v2\/pages\/519\/revisions"}],"predecessor-version":[{"id":555,"href":"https:\/\/zenergiebodyandsoul.com\/de\/wp-json\/wp\/v2\/pages\/519\/revisions\/555"}],"wp:attachment":[{"href":"https:\/\/zenergiebodyandsoul.com\/de\/wp-json\/wp\/v2\/media?parent=519"}],"curies":[{"name":"wp","href":"https:\/\/api.w.org\/{rel}","templated":true}]}}