{"id":404,"date":"2024-01-22T10:19:01","date_gmt":"2024-01-22T10:19:01","guid":{"rendered":"http:\/\/zenergiebodyandsoul.com\/?page_id=404"},"modified":"2025-05-27T06:53:16","modified_gmt":"2025-05-27T06:53:16","slug":"legal-notice","status":"publish","type":"page","link":"https:\/\/zenergiebodyandsoul.com\/de\/rechtshinweis\/","title":{"rendered":"Rechtlicher Hinweis"},"content":{"rendered":"<p data-start=\"169\" data-end=\"468\">Der vorliegende Rechtliche Hinweis regelt den Zugriff des BENUTZERS auf die von FIT BRANDS INTERNATIONAL SL auf dieser Website bereitgestellten Inhalte. Die blo\u00dfe Nutzung der auf dieser Website enthaltenen Informationen setzt die vollst\u00e4ndige Akzeptanz dieses rechtlichen Hinweises voraus, weshalb wir empfehlen, die Website regelm\u00e4\u00dfig zu besuchen, da sie st\u00e4ndig aktualisiert wird.<\/p>\n<p data-start=\"470\" data-end=\"498\"><strong data-start=\"474\" data-end=\"498\">ALLGEMEINE INFORMATIONEN:<\/strong><\/p>\n<p data-start=\"500\" data-end=\"873\">Gem\u00e4\u00df Artikel 10 des spanischen Gesetzes 34\/2002 vom 11. Juli \u00fcber die Dienste der Informationsgesellschaft und den elektronischen Gesch\u00e4ftsverkehr (im Folgenden LSSICE) teilen wir Ihnen mit, dass der Inhaber der Domain <em data-start=\"688\" data-end=\"713\">zenergiebodyandsoul.com<\/em> ist <strong data-start=\"717\" data-end=\"748\">FIT BRANDS INTERNATIONAL SL<\/strong> (Steuer-ID: B56258940), mit eingetragener Anschrift in <strong data-start=\"797\" data-end=\"872\">Calle D Antoni Bell, 6, 08174, Sant Cugat del Vall\u00e8s (Barcelona), Spanien<\/strong>.<\/p>\n<p data-start=\"875\" data-end=\"922\">E-Mail-Kontakt: <strong data-start=\"890\" data-end=\"922\"><a class=\"cursor-pointer\" rel=\"noopener\" data-start=\"892\" data-end=\"920\">info@zenergiebodyandsoul.com<\/a><\/strong><\/p>\n<p data-start=\"875\" data-end=\"922\"><strong data-start=\"932\" data-end=\"972\">GEISTIGES UND GEWERBLICHES EIGENTUM<\/strong><\/p>\n<p data-start=\"974\" data-end=\"1337\">Der Inhalt von <em data-start=\"990\" data-end=\"1015\">zenergiebodyandsoul.com<\/em>einschlie\u00dflich der Texte, Bilder, des grafischen Designs, des Quellcodes, der Logos, der Marken usw., sind ausschlie\u00dfliches Eigentum von <strong data-start=\"1122\" data-end=\"1153\">FIT BRANDS INTERNATIONAL SL<\/strong> und sind durch Vorschriften \u00fcber geistiges und gewerbliches Eigentum gesch\u00fctzt. Daher ist die Vervielf\u00e4ltigung, \u00c4nderung, Verbreitung oder Manipulation dieser Inhalte streng verboten.<\/p>\n<p data-start=\"1339\" data-end=\"1754\">FIT BRANDS INTERNATIONAL SL ist der alleinige Inhaber aller geistigen, industriellen und analogen Rechte an der <em data-start=\"1446\" data-end=\"1471\">zenergiebodyandsoul.com<\/em> Website. Alle Rechte am Inhalt, an den Dienstleistungen und an den in die Website integrierten Elementen sind vorbehalten, einschlie\u00dflich, aber nicht beschr\u00e4nkt auf: visuelles Erscheinungsbild, grafisches Bild, Navigationsarchitektur, Quellcode, Bilder, Aufnahmen, Software, Datenbanken, Technologie, Logos und Marken.<\/p>\n<p data-start=\"1756\" data-end=\"2093\">Sie verpflichten sich, Urheberrechtsvermerke, Markenzeichen (wie \u00a9, \u00ae, \u2122), technische Schutzma\u00dfnahmen oder in die Inhalte eingebettete Kennzeichnungen (z. B. Wasserzeichen, Fingerabdr\u00fccke) nicht zu entfernen, zu ver\u00e4ndern, zu manipulieren oder zu modifizieren und die Inhalte oder Dienste ausschlie\u00dflich f\u00fcr den pers\u00f6nlichen und nicht kommerziellen Gebrauch aufzurufen, anzusehen und gegebenenfalls herunterzuladen.<\/p>\n<p data-start=\"2095\" data-end=\"2320\">FIT BRANDS INTERNATIONAL SL beh\u00e4lt sich alle Rechte in Bezug auf das geistige und gewerbliche Eigentum an den Elementen ihrer Website vor und erteilt keine Lizenz oder Genehmigung, die \u00fcber das hinausgeht, was in dieser Klausel ausdr\u00fccklich angegeben ist.<\/p>\n<p data-start=\"2327\" data-end=\"2355\"><strong data-start=\"2330\" data-end=\"2355\">RECHTSVORBEHALT<\/strong><\/p>\n<p data-start=\"2357\" data-end=\"2574\">FIT BRANDS INTERNATIONAL SL beh\u00e4lt sich das Recht vor, Informationen zu aktualisieren, zu \u00e4ndern oder zu l\u00f6schen <em data-start=\"2448\" data-end=\"2473\">zenergiebodyandsoul.com<\/em>einschlie\u00dflich seiner Konfiguration, Merkmale oder allgemeinen Bedingungen, jederzeit und ohne vorherige Ank\u00fcndigung.<\/p>\n<p data-start=\"2576\" data-end=\"3002\">Das Unternehmen garantiert nicht die Abwesenheit von Unterbrechungen oder Fehlern beim Zugang zu oder der Nutzung von <em data-start=\"2669\" data-end=\"2694\">zenergiebodyandsoul.com<\/em> und \u00fcbernimmt keine Haftung f\u00fcr technische Probleme oder Verbindungsst\u00f6rungen mit dem Internet. Sie garantiert nicht die Abwesenheit von Viren oder anderen sch\u00e4dlichen Elementen, die Ihr Computersystem oder die darin gespeicherten Dokumente und Dateien beeintr\u00e4chtigen k\u00f6nnen, und lehnt jede Verantwortung f\u00fcr Sch\u00e4den ab, die durch solche Elemente entstehen.<\/p>\n<p data-start=\"3009\" data-end=\"3039\"><strong data-start=\"3012\" data-end=\"3039\">HAFTUNGSBESCHR\u00c4NKUNG<\/strong><\/p>\n<p data-start=\"3041\" data-end=\"3395\"><strong data-start=\"3041\" data-end=\"3063\">\u00dcber Informationen:<\/strong><br data-start=\"3063\" data-end=\"3066\" \/>FIT BRANDS INTERNATIONAL SL \u00fcbernimmt keine Garantie f\u00fcr die Richtigkeit, Angemessenheit, Eignung oder Aktualit\u00e4t der auf dieser Website bereitgestellten Informationen. <em data-start=\"3195\" data-end=\"3220\">zenergiebodyandsoul.com<\/em>. Der Inhalt dient nur zu Informationszwecken. FIT BRANDS INTERNATIONAL SL haftet weder f\u00fcr Entscheidungen, die Sie auf der Grundlage dieser Informationen treffen, noch f\u00fcr Sch\u00e4den, die Ihnen oder Dritten entstehen.<\/p>\n<p data-start=\"3397\" data-end=\"3743\"><strong data-start=\"3397\" data-end=\"3423\">\u00dcber die Qualit\u00e4t der Dienstleistungen:<\/strong><br data-start=\"3423\" data-end=\"3426\" \/>Sie erkennen an, dass Sie sich der Existenz von Viren und anderen b\u00f6sartigen Elementen im Internet bewusst sind. Es liegt in Ihrer Verantwortung, geeignete Instrumente zur Erkennung und Desinfektion zu verwenden. FIT BRANDS INTERNATIONAL SL haftet nicht f\u00fcr Sch\u00e4den an Ihren Ger\u00e4ten oder an Ger\u00e4ten Dritter, die durch den Zugriff auf die Website verursacht werden.<\/p>\n<p data-start=\"3745\" data-end=\"4107\"><strong data-start=\"3745\" data-end=\"3776\">\u00dcber die Verf\u00fcgbarkeit der Dienste:<\/strong><br data-start=\"3776\" data-end=\"3779\" \/>Der Zugang zur Website h\u00e4ngt von Dienstleistungen Dritter ab, die sich der Kontrolle von FIT BRANDS INTERNATIONAL SL entziehen. Daher kann der Service jederzeit unterbrochen, gestrichen oder nicht mehr verf\u00fcgbar sein. FIT BRANDS INTERNATIONAL SL haftet nicht f\u00fcr Sch\u00e4den, die durch Telekommunikationsausf\u00e4lle verursacht werden, die zu einer Aussetzung oder Unterbrechung des Dienstes f\u00fchren.<\/p>\n<p data-start=\"4109\" data-end=\"4708\"><strong data-start=\"4109\" data-end=\"4134\">\u00dcber verlinkte Inhalte:<\/strong><br data-start=\"4134\" data-end=\"4137\" \/>Diese Website kann Links zu anderen Websites (\"verlinkte Seiten\") enthalten. In \u00dcbereinstimmung mit dem LSSICE handelt FIT BRANDS INTERNATIONAL SL als Vermittlungsdienstleister und ist nur dann f\u00fcr Inhalte Dritter verantwortlich, wenn es tats\u00e4chliche Kenntnis von der Rechtswidrigkeit hat und nicht t\u00e4tig geworden ist, um den Zugang zu entfernen oder zu sperren. Wenn Sie der Meinung sind, dass eine verlinkte Website illegale Inhalte enth\u00e4lt, benachrichtigen Sie bitte FIT BRANDS INTERNATIONAL SL, die sich um die Entfernung solcher Links bem\u00fchen wird. FIT BRANDS INTERNATIONAL SL \u00fcbernimmt keine Haftung f\u00fcr die Qualit\u00e4t, die Verf\u00fcgbarkeit oder die Rechtm\u00e4\u00dfigkeit der Inhalte der verlinkten Websites.<\/p>\n<p data-start=\"4715\" data-end=\"4734\"><strong data-start=\"4718\" data-end=\"4734\">LINK LICENSE<\/strong><\/p>\n<p data-start=\"4736\" data-end=\"4901\">Alle Links von Dritten zu <em data-start=\"4761\" data-end=\"4786\">zenergiebodyandsoul.com<\/em> muss zur Homepage f\u00fchren. Jede andere Form der Verlinkung bedarf der vorherigen schriftlichen Zustimmung von FIT BRANDS INTERNATIONAL SL.<\/p>\n<p data-start=\"4903\" data-end=\"5190\">Es ist nicht gestattet, den Inhalt oder die visuelle Darstellung der Website zu reproduzieren, zu imitieren oder zu rahmen, noch d\u00fcrfen Sie einen Browser, einen Rahmen oder eine Navigationsleiste dar\u00fcber erstellen. Es d\u00fcrfen keine falschen, ungenauen oder irref\u00fchrenden Angaben \u00fcber FIT BRANDS INTERNATIONAL SL oder seine Beziehungen zu Dritten gemacht werden.<\/p>\n<p data-start=\"5192\" data-end=\"5440\">Die verlinkende Website darf ohne vorherige schriftliche Genehmigung keine Marken von FIT BRANDS INTERNATIONAL SL oder andere identifizierende Elemente enthalten. Sie darf auch keine illegalen Inhalte oder Inhalte, die gegen die \u00f6ffentliche Ordnung, die Moral oder die guten Sitten versto\u00dfen, enthalten.<\/p>\n<p data-start=\"5442\" data-end=\"5577\">FIT BRANDS INTERNATIONAL SL beh\u00e4lt sich das Recht vor, bei Verst\u00f6\u00dfen gegen die in diesem rechtlichen Hinweis genannten Bedingungen rechtliche Schritte einzuleiten.<\/p>\n<p data-start=\"5584\" data-end=\"5603\"><strong data-start=\"5587\" data-end=\"5603\">VERBOTEN<\/strong><\/p>\n<p data-start=\"5605\" data-end=\"5634\">Es ist ausdr\u00fccklich untersagt:<\/p>\n<ul data-start=\"5636\" data-end=\"6278\">\n<li data-start=\"5636\" data-end=\"5799\">\n<p data-start=\"5638\" data-end=\"5799\">Inhalte oder Dienste f\u00fcr ungesetzliche Zwecke oder zur Verletzung von Rechten Dritter oder in einer Weise zu nutzen, die die Website besch\u00e4digen oder \u00fcberlasten oder ihren normalen Betrieb beeintr\u00e4chtigen k\u00f6nnte.<\/p>\n<\/li>\n<li data-start=\"5800\" data-end=\"5901\">\n<p data-start=\"5802\" data-end=\"5901\">Inhalte, die durch geistige oder gewerbliche Eigentumsrechte gesch\u00fctzt sind, ohne entsprechende Genehmigung zu verwenden.<\/p>\n<\/li>\n<li data-start=\"5902\" data-end=\"6032\">\n<p data-start=\"5904\" data-end=\"6032\">den Inhalt ohne vorherige Genehmigung des Rechteinhabers oder ohne gesetzliche Erlaubnis zu vervielf\u00e4ltigen, zu kopieren, zu verbreiten oder zu ver\u00e4ndern.<\/p>\n<\/li>\n<li data-start=\"6033\" data-end=\"6157\">\n<p data-start=\"6035\" data-end=\"6157\">Viren oder andere sch\u00e4dliche Elemente in das Netz oder die Systeme von FIT BRANDS INTERNATIONAL SL oder von Dritten einzuschleusen.<\/p>\n<\/li>\n<li data-start=\"6158\" data-end=\"6278\">\n<p data-start=\"6160\" data-end=\"6278\">Versuche, Inhalte mit Methoden zu erhalten, die nicht ausdr\u00fccklich erlaubt sind oder die die Website oder ihre Dienste besch\u00e4digen k\u00f6nnen.<\/p>\n<\/li>\n<\/ul>\n<p data-start=\"6285\" data-end=\"6305\"><strong data-start=\"6288\" data-end=\"6305\">GELTENDES RECHT<\/strong><\/p>\n<p data-start=\"6307\" data-end=\"6368\">Dieser rechtliche Hinweis unterliegt in seiner Gesamtheit dem spanischen Recht.<\/p>\n<p data-start=\"6370\" data-end=\"6515\">Im Falle von Rechtsstreitigkeiten im Zusammenhang mit dieser Website sind die Gerichte von <strong data-start=\"6493\" data-end=\"6515\">Barcelona (Spanien).<\/strong><\/p>","protected":false},"excerpt":{"rendered":"<p>This Legal Notice regulates the access by the USER to the contents provided by FIT BRANDS INTERNATIONAL SL on this website. The mere use of the information contained on this site implies full acceptance of this Legal Notice, which is why we recommend visiting it periodically due to ongoing updates. GENERAL INFORMATION: In compliance with [&hellip;]<\/p>","protected":false},"author":1,"featured_media":0,"parent":0,"menu_order":0,"comment_status":"closed","ping_status":"closed","template":"page-legal.php","meta":{"_acf_changed":false,"footnotes":""},"class_list":["post-404","page","type-page","status-publish","hentry"],"acf":[],"yoast_head":"<!-- This site is optimized with the Yoast SEO plugin v25.7 - https:\/\/yoast.com\/wordpress\/plugins\/seo\/ -->\n<title>Legal notice - Zenergie Body and soul<\/title>\n<meta name=\"robots\" content=\"index, follow, max-snippet:-1, max-image-preview:large, max-video-preview:-1\" \/>\n<link rel=\"canonical\" href=\"https:\/\/zenergiebodyandsoul.com\/de\/rechtshinweis\/\" \/>\n<meta property=\"og:locale\" content=\"de_DE\" \/>\n<meta property=\"og:type\" content=\"article\" \/>\n<meta property=\"og:title\" content=\"Legal notice - Zenergie Body and soul\" \/>\n<meta property=\"og:description\" content=\"This Legal Notice regulates the access by the USER to the contents provided by FIT BRANDS INTERNATIONAL SL on this website. The mere use of the information contained on this site implies full acceptance of this Legal Notice, which is why we recommend visiting it periodically due to ongoing updates. GENERAL INFORMATION: In compliance with [&hellip;]\" \/>\n<meta property=\"og:url\" content=\"https:\/\/zenergiebodyandsoul.com\/de\/rechtshinweis\/\" \/>\n<meta property=\"og:site_name\" content=\"Zenergie Body and soul\" \/>\n<meta property=\"article:modified_time\" content=\"2025-05-27T06:53:16+00:00\" \/>\n<meta name=\"twitter:card\" content=\"summary_large_image\" \/>\n<meta name=\"twitter:label1\" content=\"Gesch\u00e4tzte Lesezeit\" \/>\n\t<meta name=\"twitter:data1\" content=\"6\u00a0Minuten\" \/>\n<script type=\"application\/ld+json\" class=\"yoast-schema-graph\">{\"@context\":\"https:\/\/schema.org\",\"@graph\":[{\"@type\":\"WebPage\",\"@id\":\"https:\/\/zenergiebodyandsoul.com\/legal-notice\/\",\"url\":\"https:\/\/zenergiebodyandsoul.com\/legal-notice\/\",\"name\":\"Legal notice - Zenergie Body and soul\",\"isPartOf\":{\"@id\":\"https:\/\/zenergiebodyandsoul.com\/#website\"},\"datePublished\":\"2024-01-22T10:19:01+00:00\",\"dateModified\":\"2025-05-27T06:53:16+00:00\",\"breadcrumb\":{\"@id\":\"https:\/\/zenergiebodyandsoul.com\/legal-notice\/#breadcrumb\"},\"inLanguage\":\"de\",\"potentialAction\":[{\"@type\":\"ReadAction\",\"target\":[\"https:\/\/zenergiebodyandsoul.com\/legal-notice\/\"]}]},{\"@type\":\"BreadcrumbList\",\"@id\":\"https:\/\/zenergiebodyandsoul.com\/legal-notice\/#breadcrumb\",\"itemListElement\":[{\"@type\":\"ListItem\",\"position\":1,\"name\":\"Inici\",\"item\":\"https:\/\/zenergiebodyandsoul.com\/\"},{\"@type\":\"ListItem\",\"position\":2,\"name\":\"Legal notice\"}]},{\"@type\":\"WebSite\",\"@id\":\"https:\/\/zenergiebodyandsoul.com\/#website\",\"url\":\"https:\/\/zenergiebodyandsoul.com\/\",\"name\":\"Zenergie Body and soul\",\"description\":\"\",\"potentialAction\":[{\"@type\":\"SearchAction\",\"target\":{\"@type\":\"EntryPoint\",\"urlTemplate\":\"https:\/\/zenergiebodyandsoul.com\/?s={search_term_string}\"},\"query-input\":{\"@type\":\"PropertyValueSpecification\",\"valueRequired\":true,\"valueName\":\"search_term_string\"}}],\"inLanguage\":\"de\"}]}<\/script>\n<!-- \/ Yoast SEO plugin. -->","yoast_head_json":{"title":"Impressum - Zenergie K\u00f6rper und Seele","robots":{"index":"index","follow":"follow","max-snippet":"max-snippet:-1","max-image-preview":"max-image-preview:large","max-video-preview":"max-video-preview:-1"},"canonical":"https:\/\/zenergiebodyandsoul.com\/de\/rechtshinweis\/","og_locale":"de_DE","og_type":"article","og_title":"Legal notice - Zenergie Body and soul","og_description":"This Legal Notice regulates the access by the USER to the contents provided by FIT BRANDS INTERNATIONAL SL on this website. The mere use of the information contained on this site implies full acceptance of this Legal Notice, which is why we recommend visiting it periodically due to ongoing updates. GENERAL INFORMATION: In compliance with [&hellip;]","og_url":"https:\/\/zenergiebodyandsoul.com\/de\/rechtshinweis\/","og_site_name":"Zenergie Body and soul","article_modified_time":"2025-05-27T06:53:16+00:00","twitter_card":"summary_large_image","twitter_misc":{"Gesch\u00e4tzte Lesezeit":"6\u00a0Minuten"},"schema":{"@context":"https:\/\/schema.org","@graph":[{"@type":"WebPage","@id":"https:\/\/zenergiebodyandsoul.com\/legal-notice\/","url":"https:\/\/zenergiebodyandsoul.com\/legal-notice\/","name":"Impressum - Zenergie K\u00f6rper und Seele","isPartOf":{"@id":"https:\/\/zenergiebodyandsoul.com\/#website"},"datePublished":"2024-01-22T10:19:01+00:00","dateModified":"2025-05-27T06:53:16+00:00","breadcrumb":{"@id":"https:\/\/zenergiebodyandsoul.com\/legal-notice\/#breadcrumb"},"inLanguage":"de","potentialAction":[{"@type":"ReadAction","target":["https:\/\/zenergiebodyandsoul.com\/legal-notice\/"]}]},{"@type":"BreadcrumbList","@id":"https:\/\/zenergiebodyandsoul.com\/legal-notice\/#breadcrumb","itemListElement":[{"@type":"ListItem","position":1,"name":"Inici","item":"https:\/\/zenergiebodyandsoul.com\/"},{"@type":"ListItem","position":2,"name":"Legal notice"}]},{"@type":"WebSite","@id":"https:\/\/zenergiebodyandsoul.com\/#website","url":"https:\/\/zenergiebodyandsoul.com\/","name":"Zenergie K\u00f6rper und Geist","description":"","potentialAction":[{"@type":"SearchAction","target":{"@type":"EntryPoint","urlTemplate":"https:\/\/zenergiebodyandsoul.com\/?s={search_term_string}"},"query-input":{"@type":"PropertyValueSpecification","valueRequired":true,"valueName":"search_term_string"}}],"inLanguage":"de"}]}},"_links":{"self":[{"href":"https:\/\/zenergiebodyandsoul.com\/de\/wp-json\/wp\/v2\/pages\/404","targetHints":{"allow":["GET"]}}],"collection":[{"href":"https:\/\/zenergiebodyandsoul.com\/de\/wp-json\/wp\/v2\/pages"}],"about":[{"href":"https:\/\/zenergiebodyandsoul.com\/de\/wp-json\/wp\/v2\/types\/page"}],"author":[{"embeddable":true,"href":"https:\/\/zenergiebodyandsoul.com\/de\/wp-json\/wp\/v2\/users\/1"}],"replies":[{"embeddable":true,"href":"https:\/\/zenergiebodyandsoul.com\/de\/wp-json\/wp\/v2\/comments?post=404"}],"version-history":[{"count":6,"href":"https:\/\/zenergiebodyandsoul.com\/de\/wp-json\/wp\/v2\/pages\/404\/revisions"}],"predecessor-version":[{"id":556,"href":"https:\/\/zenergiebodyandsoul.com\/de\/wp-json\/wp\/v2\/pages\/404\/revisions\/556"}],"wp:attachment":[{"href":"https:\/\/zenergiebodyandsoul.com\/de\/wp-json\/wp\/v2\/media?parent=404"}],"curies":[{"name":"wp","href":"https:\/\/api.w.org\/{rel}","templated":true}]}}