{"id":647,"date":"2025-07-28T09:43:38","date_gmt":"2025-07-28T09:43:38","guid":{"rendered":"https:\/\/zenergiebodyandsoul.com\/?page_id=647"},"modified":"2026-03-04T09:43:27","modified_gmt":"2026-03-04T09:43:27","slug":"our-franchise-model","status":"publish","type":"page","link":"https:\/\/zenergiebodyandsoul.com\/ca\/convertir-se-en-un-franquiciat-de-zenergie\/el-nostre-model-de-franquicia\/","title":{"rendered":"El nostre model de franqu\u00edcia"},"content":{"rendered":"<div>\n<p>Zenergie no \u00e9s nom\u00e9s un gimn\u00e0s, sin\u00f3 una resposta a un canvi global en la manera com envellim, vivim i ens movem.<\/p>\n<p>El nostre model de franqu\u00edcia est\u00e0 dissenyat per a emprenedors que volen liderar el moviment de la longevitat amb un concepte premium i d&#039;alt impacte dissenyat al voltant de tres necessitats atemporals: for\u00e7a, consci\u00e8ncia plena i comunitat.<\/p>\n<p>Aquest \u00e9s un negoci dissenyat per durar: un negoci que uneix persones, canvia vides i ofereix rendiments s\u00f2lids i sostenibles.<\/p>\n<p>Per\u00f2 aix\u00f2 no \u00e9s nom\u00e9s una inversi\u00f3 en forma f\u00edsica.<\/p>\n<\/div>\n<div><\/div>\n<h3><strong>\u00c9s una aposta per un mercat en creixement<\/strong><\/h3>","protected":false},"excerpt":{"rendered":"<p>Zenergie is not just a gym \u2014 it\u2019s a response to a global shift in how we age, live and move. Our franchise model is built for entrepreneurs who want to lead the longevity movement with a premium, high-impact concept designed around three timeless needs: strength, mindfulness and community. This is a business designed to [&hellip;]<\/p>","protected":false},"author":1,"featured_media":488,"parent":610,"menu_order":0,"comment_status":"closed","ping_status":"closed","template":"page-franchise-model.php","meta":{"_acf_changed":false,"footnotes":""},"class_list":["post-647","page","type-page","status-publish","has-post-thumbnail","hentry"],"acf":[],"yoast_head":"<!-- This site is optimized with the Yoast SEO plugin v25.7 - https:\/\/yoast.com\/wordpress\/plugins\/seo\/ -->\n<title>Our franchise model - Zenergie Body and soul<\/title>\n<meta name=\"robots\" content=\"index, follow, max-snippet:-1, max-image-preview:large, max-video-preview:-1\" \/>\n<link rel=\"canonical\" href=\"https:\/\/zenergiebodyandsoul.com\/ca\/convertir-se-en-un-franquiciat-de-zenergie\/el-nostre-model-de-franquicia\/\" \/>\n<meta property=\"og:locale\" content=\"ca_ES\" \/>\n<meta property=\"og:type\" content=\"article\" \/>\n<meta property=\"og:title\" content=\"Our franchise model - Zenergie Body and soul\" \/>\n<meta property=\"og:description\" content=\"Zenergie is not just a gym \u2014 it\u2019s a response to a global shift in how we age, live and move. Our franchise model is built for entrepreneurs who want to lead the longevity movement with a premium, high-impact concept designed around three timeless needs: strength, mindfulness and community. This is a business designed to [&hellip;]\" \/>\n<meta property=\"og:url\" content=\"https:\/\/zenergiebodyandsoul.com\/ca\/convertir-se-en-un-franquiciat-de-zenergie\/el-nostre-model-de-franquicia\/\" \/>\n<meta property=\"og:site_name\" content=\"Zenergie Body and soul\" \/>\n<meta property=\"article:modified_time\" content=\"2026-03-04T09:43:27+00:00\" \/>\n<meta property=\"og:image\" content=\"http:\/\/zenergiebodyandsoul.com\/wp-content\/uploads\/2025\/05\/inverting.jpg\" \/>\n\t<meta property=\"og:image:width\" content=\"1468\" \/>\n\t<meta property=\"og:image:height\" content=\"1198\" \/>\n\t<meta property=\"og:image:type\" content=\"image\/jpeg\" \/>\n<meta name=\"twitter:card\" content=\"summary_large_image\" \/>\n<meta name=\"twitter:label1\" content=\"Temps estimat de lectura\" \/>\n\t<meta name=\"twitter:data1\" content=\"1 minut\" \/>\n<script type=\"application\/ld+json\" class=\"yoast-schema-graph\">{\"@context\":\"https:\/\/schema.org\",\"@graph\":[{\"@type\":\"WebPage\",\"@id\":\"https:\/\/zenergiebodyandsoul.com\/become-a-zenergie-franchisee\/our-franchise-model\/\",\"url\":\"https:\/\/zenergiebodyandsoul.com\/become-a-zenergie-franchisee\/our-franchise-model\/\",\"name\":\"Our franchise model - Zenergie Body and soul\",\"isPartOf\":{\"@id\":\"https:\/\/zenergiebodyandsoul.com\/#website\"},\"primaryImageOfPage\":{\"@id\":\"https:\/\/zenergiebodyandsoul.com\/become-a-zenergie-franchisee\/our-franchise-model\/#primaryimage\"},\"image\":{\"@id\":\"https:\/\/zenergiebodyandsoul.com\/become-a-zenergie-franchisee\/our-franchise-model\/#primaryimage\"},\"thumbnailUrl\":\"https:\/\/zenergiebodyandsoul.com\/wp-content\/uploads\/2025\/05\/inverting.jpg\",\"datePublished\":\"2025-07-28T09:43:38+00:00\",\"dateModified\":\"2026-03-04T09:43:27+00:00\",\"breadcrumb\":{\"@id\":\"https:\/\/zenergiebodyandsoul.com\/become-a-zenergie-franchisee\/our-franchise-model\/#breadcrumb\"},\"inLanguage\":\"ca\",\"potentialAction\":[{\"@type\":\"ReadAction\",\"target\":[\"https:\/\/zenergiebodyandsoul.com\/become-a-zenergie-franchisee\/our-franchise-model\/\"]}]},{\"@type\":\"ImageObject\",\"inLanguage\":\"ca\",\"@id\":\"https:\/\/zenergiebodyandsoul.com\/become-a-zenergie-franchisee\/our-franchise-model\/#primaryimage\",\"url\":\"https:\/\/zenergiebodyandsoul.com\/wp-content\/uploads\/2025\/05\/inverting.jpg\",\"contentUrl\":\"https:\/\/zenergiebodyandsoul.com\/wp-content\/uploads\/2025\/05\/inverting.jpg\",\"width\":1468,\"height\":1198},{\"@type\":\"BreadcrumbList\",\"@id\":\"https:\/\/zenergiebodyandsoul.com\/become-a-zenergie-franchisee\/our-franchise-model\/#breadcrumb\",\"itemListElement\":[{\"@type\":\"ListItem\",\"position\":1,\"name\":\"Inici\",\"item\":\"https:\/\/zenergiebodyandsoul.com\/\"},{\"@type\":\"ListItem\",\"position\":2,\"name\":\"Become a Zenergie franchisee\",\"item\":\"https:\/\/zenergiebodyandsoul.com\/become-a-zenergie-franchisee\/\"},{\"@type\":\"ListItem\",\"position\":3,\"name\":\"Our franchise model\"}]},{\"@type\":\"WebSite\",\"@id\":\"https:\/\/zenergiebodyandsoul.com\/#website\",\"url\":\"https:\/\/zenergiebodyandsoul.com\/\",\"name\":\"Zenergie Body and soul\",\"description\":\"\",\"potentialAction\":[{\"@type\":\"SearchAction\",\"target\":{\"@type\":\"EntryPoint\",\"urlTemplate\":\"https:\/\/zenergiebodyandsoul.com\/?s={search_term_string}\"},\"query-input\":{\"@type\":\"PropertyValueSpecification\",\"valueRequired\":true,\"valueName\":\"search_term_string\"}}],\"inLanguage\":\"ca\"}]}<\/script>\n<!-- \/ Yoast SEO plugin. -->","yoast_head_json":{"title":"El nostre model de franqu\u00edcia - Zenergie Cos i \u00e0nima","robots":{"index":"index","follow":"follow","max-snippet":"max-snippet:-1","max-image-preview":"max-image-preview:large","max-video-preview":"max-video-preview:-1"},"canonical":"https:\/\/zenergiebodyandsoul.com\/ca\/convertir-se-en-un-franquiciat-de-zenergie\/el-nostre-model-de-franquicia\/","og_locale":"ca_ES","og_type":"article","og_title":"Our franchise model - Zenergie Body and soul","og_description":"Zenergie is not just a gym \u2014 it\u2019s a response to a global shift in how we age, live and move. Our franchise model is built for entrepreneurs who want to lead the longevity movement with a premium, high-impact concept designed around three timeless needs: strength, mindfulness and community. This is a business designed to [&hellip;]","og_url":"https:\/\/zenergiebodyandsoul.com\/ca\/convertir-se-en-un-franquiciat-de-zenergie\/el-nostre-model-de-franquicia\/","og_site_name":"Zenergie Body and soul","article_modified_time":"2026-03-04T09:43:27+00:00","og_image":[{"width":1468,"height":1198,"url":"http:\/\/zenergiebodyandsoul.com\/wp-content\/uploads\/2025\/05\/inverting.jpg","type":"image\/jpeg"}],"twitter_card":"summary_large_image","twitter_misc":{"Temps estimat de lectura":"1 minut"},"schema":{"@context":"https:\/\/schema.org","@graph":[{"@type":"WebPage","@id":"https:\/\/zenergiebodyandsoul.com\/become-a-zenergie-franchisee\/our-franchise-model\/","url":"https:\/\/zenergiebodyandsoul.com\/become-a-zenergie-franchisee\/our-franchise-model\/","name":"El nostre model de franqu\u00edcia - Zenergie Cos i \u00e0nima","isPartOf":{"@id":"https:\/\/zenergiebodyandsoul.com\/#website"},"primaryImageOfPage":{"@id":"https:\/\/zenergiebodyandsoul.com\/become-a-zenergie-franchisee\/our-franchise-model\/#primaryimage"},"image":{"@id":"https:\/\/zenergiebodyandsoul.com\/become-a-zenergie-franchisee\/our-franchise-model\/#primaryimage"},"thumbnailUrl":"https:\/\/zenergiebodyandsoul.com\/wp-content\/uploads\/2025\/05\/inverting.jpg","datePublished":"2025-07-28T09:43:38+00:00","dateModified":"2026-03-04T09:43:27+00:00","breadcrumb":{"@id":"https:\/\/zenergiebodyandsoul.com\/become-a-zenergie-franchisee\/our-franchise-model\/#breadcrumb"},"inLanguage":"ca","potentialAction":[{"@type":"ReadAction","target":["https:\/\/zenergiebodyandsoul.com\/become-a-zenergie-franchisee\/our-franchise-model\/"]}]},{"@type":"ImageObject","inLanguage":"ca","@id":"https:\/\/zenergiebodyandsoul.com\/become-a-zenergie-franchisee\/our-franchise-model\/#primaryimage","url":"https:\/\/zenergiebodyandsoul.com\/wp-content\/uploads\/2025\/05\/inverting.jpg","contentUrl":"https:\/\/zenergiebodyandsoul.com\/wp-content\/uploads\/2025\/05\/inverting.jpg","width":1468,"height":1198},{"@type":"BreadcrumbList","@id":"https:\/\/zenergiebodyandsoul.com\/become-a-zenergie-franchisee\/our-franchise-model\/#breadcrumb","itemListElement":[{"@type":"ListItem","position":1,"name":"Inici","item":"https:\/\/zenergiebodyandsoul.com\/"},{"@type":"ListItem","position":2,"name":"Become a Zenergie franchisee","item":"https:\/\/zenergiebodyandsoul.com\/become-a-zenergie-franchisee\/"},{"@type":"ListItem","position":3,"name":"Our franchise model"}]},{"@type":"WebSite","@id":"https:\/\/zenergiebodyandsoul.com\/#website","url":"https:\/\/zenergiebodyandsoul.com\/","name":"Zenergie Body and soul","description":"","potentialAction":[{"@type":"SearchAction","target":{"@type":"EntryPoint","urlTemplate":"https:\/\/zenergiebodyandsoul.com\/?s={search_term_string}"},"query-input":{"@type":"PropertyValueSpecification","valueRequired":true,"valueName":"search_term_string"}}],"inLanguage":"ca"}]}},"_links":{"self":[{"href":"https:\/\/zenergiebodyandsoul.com\/ca\/wp-json\/wp\/v2\/pages\/647","targetHints":{"allow":["GET"]}}],"collection":[{"href":"https:\/\/zenergiebodyandsoul.com\/ca\/wp-json\/wp\/v2\/pages"}],"about":[{"href":"https:\/\/zenergiebodyandsoul.com\/ca\/wp-json\/wp\/v2\/types\/page"}],"author":[{"embeddable":true,"href":"https:\/\/zenergiebodyandsoul.com\/ca\/wp-json\/wp\/v2\/users\/1"}],"replies":[{"embeddable":true,"href":"https:\/\/zenergiebodyandsoul.com\/ca\/wp-json\/wp\/v2\/comments?post=647"}],"version-history":[{"count":36,"href":"https:\/\/zenergiebodyandsoul.com\/ca\/wp-json\/wp\/v2\/pages\/647\/revisions"}],"predecessor-version":[{"id":838,"href":"https:\/\/zenergiebodyandsoul.com\/ca\/wp-json\/wp\/v2\/pages\/647\/revisions\/838"}],"up":[{"embeddable":true,"href":"https:\/\/zenergiebodyandsoul.com\/ca\/wp-json\/wp\/v2\/pages\/610"}],"wp:featuredmedia":[{"embeddable":true,"href":"https:\/\/zenergiebodyandsoul.com\/ca\/wp-json\/wp\/v2\/media\/488"}],"wp:attachment":[{"href":"https:\/\/zenergiebodyandsoul.com\/ca\/wp-json\/wp\/v2\/media?parent=647"}],"curies":[{"name":"wp","href":"https:\/\/api.w.org\/{rel}","templated":true}]}}