{"id":616,"date":"2025-07-24T13:16:30","date_gmt":"2025-07-24T13:16:30","guid":{"rendered":"https:\/\/zenergiebodyandsoul.com\/?page_id=616"},"modified":"2025-08-25T12:45:27","modified_gmt":"2025-08-25T12:45:27","slug":"why-open-a-zenergie","status":"publish","type":"page","link":"https:\/\/zenergiebodyandsoul.com\/ca\/convertir-se-en-un-franquiciat-de-zenergie\/per-que-obrir-una-zenergie\/","title":{"rendered":"Per qu\u00e8 obrir un club Zenergie?"},"content":{"rendered":"<p><strong>Zenergie<\/strong> No va comen\u00e7ar com una idea de negoci. Va comen\u00e7ar com una resposta a alguna cosa que faltava.<br \/>\nDespr\u00e9s de m\u00e9s de 30 anys operant i liderant cadenes de fitness a tot Europa, ho vam veure clarament: massa gent estava quedant fora del model tradicional de fitness.<br \/>\nVam veure com mantenir-se b\u00e9 \u2014f\u00edsica i emocionalment\u2014 es va tornar m\u00e9s dif\u00edcil, menys agradable i sovint es passa per alt amb l&#039;edat.<br \/>\nAix\u00ed que vam decidir crear alguna cosa diferent.<br \/>\nSi est\u00e0s llegint aix\u00f2, potser tu tamb\u00e9 ho has sentit.<br \/>\nPotser tamb\u00e9 creus que \u00e9s possible construir alguna cosa amb un prop\u00f2sit, alguna cosa que cre\u00ef un impacte i un retorn reals.<br \/>\nAqu\u00ed teniu la nostra hist\u00f2ria.<br \/>\nI si et connecta, ens agradaria molt con\u00e8ixer-te.<\/p>","protected":false},"excerpt":{"rendered":"<p>Zenergie didn\u2019t start as a business idea. It started as a response to something that was missing. After more than 30 years operating and leading fitness chains across Europe, we saw it clearly: Too many people were being left out of the traditional fitness model. We saw how staying well\u2014physically and emotionally\u2014became harder, less enjoyable, [&hellip;]<\/p>","protected":false},"author":1,"featured_media":0,"parent":610,"menu_order":0,"comment_status":"closed","ping_status":"closed","template":"page-why-open-a-zenergie.php","meta":{"_acf_changed":false,"footnotes":""},"class_list":["post-616","page","type-page","status-publish","hentry"],"acf":[],"yoast_head":"<!-- This site is optimized with the Yoast SEO plugin v25.7 - https:\/\/yoast.com\/wordpress\/plugins\/seo\/ -->\n<title>\u00bfWhy open a Zenergie? - Zenergie Body and soul<\/title>\n<meta name=\"robots\" content=\"index, follow, max-snippet:-1, max-image-preview:large, max-video-preview:-1\" \/>\n<link rel=\"canonical\" href=\"https:\/\/zenergiebodyandsoul.com\/ca\/convertir-se-en-un-franquiciat-de-zenergie\/per-que-obrir-una-zenergie\/\" \/>\n<meta property=\"og:locale\" content=\"ca_ES\" \/>\n<meta property=\"og:type\" content=\"article\" \/>\n<meta property=\"og:title\" content=\"\u00bfWhy open a Zenergie? - Zenergie Body and soul\" \/>\n<meta property=\"og:description\" content=\"Zenergie didn\u2019t start as a business idea. It started as a response to something that was missing. After more than 30 years operating and leading fitness chains across Europe, we saw it clearly: Too many people were being left out of the traditional fitness model. We saw how staying well\u2014physically and emotionally\u2014became harder, less enjoyable, [&hellip;]\" \/>\n<meta property=\"og:url\" content=\"https:\/\/zenergiebodyandsoul.com\/ca\/convertir-se-en-un-franquiciat-de-zenergie\/per-que-obrir-una-zenergie\/\" \/>\n<meta property=\"og:site_name\" content=\"Zenergie Body and soul\" \/>\n<meta property=\"article:modified_time\" content=\"2025-08-25T12:45:27+00:00\" \/>\n<meta name=\"twitter:card\" content=\"summary_large_image\" \/>\n<meta name=\"twitter:label1\" content=\"Temps estimat de lectura\" \/>\n\t<meta name=\"twitter:data1\" content=\"1 minut\" \/>\n<script type=\"application\/ld+json\" class=\"yoast-schema-graph\">{\"@context\":\"https:\/\/schema.org\",\"@graph\":[{\"@type\":\"WebPage\",\"@id\":\"https:\/\/zenergiebodyandsoul.com\/become-a-zenergie-franchisee\/why-open-a-zenergie\/\",\"url\":\"https:\/\/zenergiebodyandsoul.com\/become-a-zenergie-franchisee\/why-open-a-zenergie\/\",\"name\":\"\u00bfWhy open a Zenergie? - Zenergie Body and soul\",\"isPartOf\":{\"@id\":\"https:\/\/zenergiebodyandsoul.com\/#website\"},\"datePublished\":\"2025-07-24T13:16:30+00:00\",\"dateModified\":\"2025-08-25T12:45:27+00:00\",\"breadcrumb\":{\"@id\":\"https:\/\/zenergiebodyandsoul.com\/become-a-zenergie-franchisee\/why-open-a-zenergie\/#breadcrumb\"},\"inLanguage\":\"ca\",\"potentialAction\":[{\"@type\":\"ReadAction\",\"target\":[\"https:\/\/zenergiebodyandsoul.com\/become-a-zenergie-franchisee\/why-open-a-zenergie\/\"]}]},{\"@type\":\"BreadcrumbList\",\"@id\":\"https:\/\/zenergiebodyandsoul.com\/become-a-zenergie-franchisee\/why-open-a-zenergie\/#breadcrumb\",\"itemListElement\":[{\"@type\":\"ListItem\",\"position\":1,\"name\":\"Inici\",\"item\":\"https:\/\/zenergiebodyandsoul.com\/\"},{\"@type\":\"ListItem\",\"position\":2,\"name\":\"Become a Zenergie franchisee\",\"item\":\"https:\/\/zenergiebodyandsoul.com\/become-a-zenergie-franchisee\/\"},{\"@type\":\"ListItem\",\"position\":3,\"name\":\"\u00bfWhy open a Zenergie?\"}]},{\"@type\":\"WebSite\",\"@id\":\"https:\/\/zenergiebodyandsoul.com\/#website\",\"url\":\"https:\/\/zenergiebodyandsoul.com\/\",\"name\":\"Zenergie Body and soul\",\"description\":\"\",\"potentialAction\":[{\"@type\":\"SearchAction\",\"target\":{\"@type\":\"EntryPoint\",\"urlTemplate\":\"https:\/\/zenergiebodyandsoul.com\/?s={search_term_string}\"},\"query-input\":{\"@type\":\"PropertyValueSpecification\",\"valueRequired\":true,\"valueName\":\"search_term_string\"}}],\"inLanguage\":\"ca\"}]}<\/script>\n<!-- \/ Yoast SEO plugin. -->","yoast_head_json":{"title":"Per qu\u00e8 obrir una Zenergie? - Zenergie Cos i \u00e0nima","robots":{"index":"index","follow":"follow","max-snippet":"max-snippet:-1","max-image-preview":"max-image-preview:large","max-video-preview":"max-video-preview:-1"},"canonical":"https:\/\/zenergiebodyandsoul.com\/ca\/convertir-se-en-un-franquiciat-de-zenergie\/per-que-obrir-una-zenergie\/","og_locale":"ca_ES","og_type":"article","og_title":"\u00bfWhy open a Zenergie? - Zenergie Body and soul","og_description":"Zenergie didn\u2019t start as a business idea. It started as a response to something that was missing. After more than 30 years operating and leading fitness chains across Europe, we saw it clearly: Too many people were being left out of the traditional fitness model. We saw how staying well\u2014physically and emotionally\u2014became harder, less enjoyable, [&hellip;]","og_url":"https:\/\/zenergiebodyandsoul.com\/ca\/convertir-se-en-un-franquiciat-de-zenergie\/per-que-obrir-una-zenergie\/","og_site_name":"Zenergie Body and soul","article_modified_time":"2025-08-25T12:45:27+00:00","twitter_card":"summary_large_image","twitter_misc":{"Temps estimat de lectura":"1 minut"},"schema":{"@context":"https:\/\/schema.org","@graph":[{"@type":"WebPage","@id":"https:\/\/zenergiebodyandsoul.com\/become-a-zenergie-franchisee\/why-open-a-zenergie\/","url":"https:\/\/zenergiebodyandsoul.com\/become-a-zenergie-franchisee\/why-open-a-zenergie\/","name":"Per qu\u00e8 obrir una Zenergie? - Zenergie Cos i \u00e0nima","isPartOf":{"@id":"https:\/\/zenergiebodyandsoul.com\/#website"},"datePublished":"2025-07-24T13:16:30+00:00","dateModified":"2025-08-25T12:45:27+00:00","breadcrumb":{"@id":"https:\/\/zenergiebodyandsoul.com\/become-a-zenergie-franchisee\/why-open-a-zenergie\/#breadcrumb"},"inLanguage":"ca","potentialAction":[{"@type":"ReadAction","target":["https:\/\/zenergiebodyandsoul.com\/become-a-zenergie-franchisee\/why-open-a-zenergie\/"]}]},{"@type":"BreadcrumbList","@id":"https:\/\/zenergiebodyandsoul.com\/become-a-zenergie-franchisee\/why-open-a-zenergie\/#breadcrumb","itemListElement":[{"@type":"ListItem","position":1,"name":"Inici","item":"https:\/\/zenergiebodyandsoul.com\/"},{"@type":"ListItem","position":2,"name":"Become a Zenergie franchisee","item":"https:\/\/zenergiebodyandsoul.com\/become-a-zenergie-franchisee\/"},{"@type":"ListItem","position":3,"name":"\u00bfWhy open a Zenergie?"}]},{"@type":"WebSite","@id":"https:\/\/zenergiebodyandsoul.com\/#website","url":"https:\/\/zenergiebodyandsoul.com\/","name":"Zenergie Body and soul","description":"","potentialAction":[{"@type":"SearchAction","target":{"@type":"EntryPoint","urlTemplate":"https:\/\/zenergiebodyandsoul.com\/?s={search_term_string}"},"query-input":{"@type":"PropertyValueSpecification","valueRequired":true,"valueName":"search_term_string"}}],"inLanguage":"ca"}]}},"_links":{"self":[{"href":"https:\/\/zenergiebodyandsoul.com\/ca\/wp-json\/wp\/v2\/pages\/616","targetHints":{"allow":["GET"]}}],"collection":[{"href":"https:\/\/zenergiebodyandsoul.com\/ca\/wp-json\/wp\/v2\/pages"}],"about":[{"href":"https:\/\/zenergiebodyandsoul.com\/ca\/wp-json\/wp\/v2\/types\/page"}],"author":[{"embeddable":true,"href":"https:\/\/zenergiebodyandsoul.com\/ca\/wp-json\/wp\/v2\/users\/1"}],"replies":[{"embeddable":true,"href":"https:\/\/zenergiebodyandsoul.com\/ca\/wp-json\/wp\/v2\/comments?post=616"}],"version-history":[{"count":30,"href":"https:\/\/zenergiebodyandsoul.com\/ca\/wp-json\/wp\/v2\/pages\/616\/revisions"}],"predecessor-version":[{"id":737,"href":"https:\/\/zenergiebodyandsoul.com\/ca\/wp-json\/wp\/v2\/pages\/616\/revisions\/737"}],"up":[{"embeddable":true,"href":"https:\/\/zenergiebodyandsoul.com\/ca\/wp-json\/wp\/v2\/pages\/610"}],"wp:attachment":[{"href":"https:\/\/zenergiebodyandsoul.com\/ca\/wp-json\/wp\/v2\/media?parent=616"}],"curies":[{"name":"wp","href":"https:\/\/api.w.org\/{rel}","templated":true}]}}