{"id":519,"date":"2025-05-20T10:47:45","date_gmt":"2025-05-20T10:47:45","guid":{"rendered":"https:\/\/zenergiebodyandsoul.com\/?page_id=519"},"modified":"2025-05-27T06:41:11","modified_gmt":"2025-05-27T06:41:11","slug":"privacy-policy","status":"publish","type":"page","link":"https:\/\/zenergiebodyandsoul.com\/ca\/politica-de-privacitat\/","title":{"rendered":"Pol\u00edtica de privacitat"},"content":{"rendered":"<p data-start=\"337\" data-end=\"362\"><strong data-start=\"340\" data-end=\"360\">CONTROLADOR DE DADES:<\/strong><\/p>\n<p data-start=\"363\" data-end=\"390\">FIT BRANDS INTERNATIONAL SL<\/p>\n<p data-start=\"392\" data-end=\"409\"><strong data-start=\"395\" data-end=\"407\">PROP\u00d2SIT:<\/strong><\/p>\n<p data-start=\"410\" data-end=\"820\">Gesti\u00f3 de consultes i sol\u00b7licituds web; gesti\u00f3 dels clients potencials i contactes de l&#039;empresa; enviament de comunicacions comercials i promocionals; gesti\u00f3 de la relaci\u00f3 contractual amb els clients; manteniment de llistes de supressi\u00f3 actualitzades per evitar ser contactats si se&#039;ls sol\u00b7licita; habilitar el funcionament del nostre lloc web\/aplicacions mitjan\u00e7ant cookies t\u00e8cniques i funcionals; realitzaci\u00f3 d&#039;estad\u00edstiques.<\/p>\n<p data-start=\"822\" data-end=\"843\"><strong data-start=\"825\" data-end=\"841\">BASE JUR\u00cdDICA:<\/strong><\/p>\n<p data-start=\"844\" data-end=\"928\">Consentiment expr\u00e9s, compliment d&#039;una relaci\u00f3 contractual i inter\u00e8s leg\u00edtim.<\/p>\n<p data-start=\"930\" data-end=\"950\"><strong data-start=\"933\" data-end=\"948\">DESTINATARIS:<\/strong><\/p>\n<p data-start=\"951\" data-end=\"1027\">No es cediran dades a tercers, excepte quan sigui legalment obligatori.<\/p>\n<p data-start=\"1029\" data-end=\"1057\"><strong data-start=\"1032\" data-end=\"1055\">EXERCICI DE DRETS:<\/strong><\/p>\n<p data-start=\"1058\" data-end=\"1086\"><a class=\"cursor-pointer\" rel=\"noopener\" data-start=\"1058\" data-end=\"1086\">info@zenergiebodyandsoul.com<\/a><\/p>\n<p data-start=\"1088\" data-end=\"1120\"><strong data-start=\"1091\" data-end=\"1118\">INFORMACI\u00d3 ADDICIONAL:<\/strong><\/p>\n<p data-start=\"1121\" data-end=\"1227\">Podeu consultar informaci\u00f3 addicional i detallada sobre la nostra Pol\u00edtica de Protecci\u00f3 de Dades a les cl\u00e0usules seg\u00fcents.<\/p>\n<p data-start=\"1229\" data-end=\"1805\">Les finalitats de les operacions de tractament de dades que realitza FIT BRANDS INTERNATIONAL SL com a RESPONSABLE DEL TRACTAMENT s\u00f3n exclusivament: l&#039;enviament de comunicacions comercials i promocionals, la gesti\u00f3 de la relaci\u00f3 contractual amb els clients, el manteniment de llistes de supressi\u00f3 actualitzades per evitar ser contactat si aix\u00ed ho sol\u00b7licita, permetre el funcionament del nostre lloc web\/aplicacions mitjan\u00e7ant cookies t\u00e8cniques i funcionals, la realitzaci\u00f3 d&#039;estad\u00edstiques, la gesti\u00f3 de la relaci\u00f3 amb clients i contactes potencials, aix\u00ed com amb finalitats comercials i per millorar la seva experi\u00e8ncia en l\u00ednia.<\/p>\n<p data-start=\"1807\" data-end=\"1885\">Les categories de dades que tracta FIT BRANDS INTERNATIONAL SL corresponen a:<\/p>\n<ul data-start=\"1887\" data-end=\"2011\">\n<li data-start=\"1887\" data-end=\"1911\">\n<p data-start=\"1889\" data-end=\"1911\">Dades d&#039;identificaci\u00f3,<\/p>\n<\/li>\n<li data-start=\"1912\" data-end=\"1942\">\n<p data-start=\"1914\" data-end=\"1942\">Adreces postals o de correu electr\u00f2nic,<\/p>\n<\/li>\n<li data-start=\"1943\" data-end=\"1983\">\n<p data-start=\"1945\" data-end=\"1983\">Informaci\u00f3 comercial i econ\u00f2mica,<\/p>\n<\/li>\n<li data-start=\"1984\" data-end=\"2011\">\n<p data-start=\"1986\" data-end=\"2011\">Caracter\u00edstiques personals.<\/p>\n<\/li>\n<\/ul>\n<p data-start=\"2013\" data-end=\"2218\">Si no s&#039;informa del contrari, entendrem que les dades proporcionades no han estat modificades, que vost\u00e8 accepta notificar-nos qualsevol canvi i que tenim el seu consentiment per utilitzar-les per a les finalitats esmentades.<\/p>\n<p data-start=\"2220\" data-end=\"2302\">La base jur\u00eddica de cada activitat de tractament segons les finalitats perseguides \u00e9s:<\/p>\n<ul data-start=\"2304\" data-end=\"2770\">\n<li data-start=\"2304\" data-end=\"2382\">\n<p data-start=\"2306\" data-end=\"2382\">Enviament de comunicacions comercials i promocionals: <strong data-start=\"2360\" data-end=\"2379\">CONSENTIMENT EXPR\u00c9S<\/strong>.<\/p>\n<\/li>\n<li data-start=\"2383\" data-end=\"2490\">\n<p data-start=\"2385\" data-end=\"2490\">Gesti\u00f3 de la relaci\u00f3 contractual amb els clients: <strong data-start=\"2442\" data-end=\"2487\">COMPLIMENT D&#039;UNA RELACI\u00d3 CONTRACTUAL<\/strong>.<\/p>\n<\/li>\n<li data-start=\"2491\" data-end=\"2596\">\n<p data-start=\"2493\" data-end=\"2596\">Manteniment de llistes de supressi\u00f3 actualitzades per evitar ser contactat si es sol\u00b7licita: <strong data-start=\"2573\" data-end=\"2593\">OBLIGACI\u00d3 LEGAL<\/strong>.<\/p>\n<\/li>\n<li data-start=\"2597\" data-end=\"2718\">\n<p data-start=\"2599\" data-end=\"2718\">Habilitaci\u00f3 del funcionament del nostre lloc web\/aplicacions mitjan\u00e7ant cookies t\u00e8cniques i funcionals: <strong data-start=\"2692\" data-end=\"2715\">INTER\u00c8S LEG\u00cdTIM<\/strong>.<\/p>\n<\/li>\n<li data-start=\"2719\" data-end=\"2770\">\n<p data-start=\"2721\" data-end=\"2770\">Realitzaci\u00f3 d&#039;estad\u00edstiques: <strong data-start=\"2746\" data-end=\"2769\">INTER\u00c8S LEG\u00cdTIM<\/strong>.<\/p>\n<\/li>\n<\/ul>\n<p data-start=\"2772\" data-end=\"3449\">L&#039;informem que l&#039;\u00fas dels formularis disponibles a zenergiebodyandsoul.com est\u00e0 limitat a usuaris majors d&#039;edat. Per tant, en utilitzar qualsevol d&#039;ells, vost\u00e8 garanteix que compleix aquest requisit i accepta les conseq\u00fc\u00e8ncies que puguin sorgir en cas contrari. Els formularis proporcionats es poden emplenar en l&#039;idioma que tri\u00ef. No obstant aix\u00f2, FIT BRANDS INTERNATIONAL SL no es responsabilitza dels errors o de la impossibilitat de processar la seva sol\u00b7licitud a causa de l&#039;\u00fas d&#039;un llenguatge inadequat. L&#039;emplenament dels formularis, aix\u00ed com qualsevol altre q\u00fcestionari que es pugui proporcionar en el futur, \u00e9s completament opcional; no obstant aix\u00f2, la negativa a proporcionar certes dades pot comportar la impossibilitat de complir la seva sol\u00b7licitud.<\/p>\n<p data-start=\"3451\" data-end=\"3874\">FIT BRANDS INTERNATIONAL SL ha adoptat les mesures de seguretat legalment requerides per a la protecci\u00f3 de les dades personals i s&#039;esfor\u00e7a per implementar tots els mitjans t\u00e8cnics addicionals al seu abast per evitar la p\u00e8rdua, el mal \u00fas, l&#039;alteraci\u00f3, l&#039;acc\u00e9s no autoritzat i el robatori de les dades personals facilitades. Per aix\u00f2, garantim la m\u00e0xima confidencialitat en el seu tractament, confirmant que cap dada ser\u00e0 cedida a tercers.<\/p>\n<p data-start=\"3876\" data-end=\"4232\">En enviar volunt\u00e0riament les seves dades, vost\u00e8 CONSENT EXPRESSAMENT al seu tractament, ja sigui automatitzat o no, per part de FIT BRANDS INTERNATIONAL SL, aix\u00ed com a la seva comunicaci\u00f3 a entitats la connexi\u00f3 de les quals amb les seves dades sigui necess\u00e0ria o legalment exigida. En el cas de comunicacions comercials per correu electr\u00f2nic o mitjans equivalents, vost\u00e8 CONSENT EXPRESSAMENT a rebre-les.<\/p>\n<p data-start=\"4234\" data-end=\"4494\">El consentiment atorgat podr\u00e0 ser revocat en qualsevol moment exercint els drets de limitaci\u00f3 del tractament, portabilitat de dades, acc\u00e9s, rectificaci\u00f3, supressi\u00f3 i oposici\u00f3, que FIT BRANDS INTERNATIONAL SL garanteix contactant amb:<br data-start=\"4456\" data-end=\"4459\" \/>\ud83d\udce7 <strong data-start=\"4462\" data-end=\"4494\"><a class=\"cursor-pointer\" rel=\"noopener\" data-start=\"4464\" data-end=\"4492\">info@zenergiebodyandsoul.com<\/a><\/strong><\/p>","protected":false},"excerpt":{"rendered":"<p>DATA CONTROLLER: FIT BRANDS INTERNATIONAL SL PURPOSE: Management of inquiries and web requests; management of the company&#8217;s potential clients and contacts; sending of commercial and promotional communications; management of the contractual relationship with clients; maintenance of updated suppression lists to avoid being contacted if requested; enabling the operation of our website\/applications through technical and functional [&hellip;]<\/p>","protected":false},"author":1,"featured_media":0,"parent":0,"menu_order":0,"comment_status":"closed","ping_status":"closed","template":"page-legal.php","meta":{"_acf_changed":false,"footnotes":""},"class_list":["post-519","page","type-page","status-publish","hentry"],"acf":[],"yoast_head":"<!-- This site is optimized with the Yoast SEO plugin v25.7 - https:\/\/yoast.com\/wordpress\/plugins\/seo\/ -->\n<title>Privacy policy - Zenergie Body and soul<\/title>\n<meta name=\"robots\" content=\"index, follow, max-snippet:-1, max-image-preview:large, max-video-preview:-1\" \/>\n<link rel=\"canonical\" href=\"https:\/\/zenergiebodyandsoul.com\/ca\/politica-de-privacitat\/\" \/>\n<meta property=\"og:locale\" content=\"ca_ES\" \/>\n<meta property=\"og:type\" content=\"article\" \/>\n<meta property=\"og:title\" content=\"Privacy policy - Zenergie Body and soul\" \/>\n<meta property=\"og:description\" content=\"DATA CONTROLLER: FIT BRANDS INTERNATIONAL SL PURPOSE: Management of inquiries and web requests; management of the company&#8217;s potential clients and contacts; sending of commercial and promotional communications; management of the contractual relationship with clients; maintenance of updated suppression lists to avoid being contacted if requested; enabling the operation of our website\/applications through technical and functional [&hellip;]\" \/>\n<meta property=\"og:url\" content=\"https:\/\/zenergiebodyandsoul.com\/ca\/politica-de-privacitat\/\" \/>\n<meta property=\"og:site_name\" content=\"Zenergie Body and soul\" \/>\n<meta property=\"article:modified_time\" content=\"2025-05-27T06:41:11+00:00\" \/>\n<meta name=\"twitter:card\" content=\"summary_large_image\" \/>\n<meta name=\"twitter:label1\" content=\"Temps estimat de lectura\" \/>\n\t<meta name=\"twitter:data1\" content=\"4 minuts\" \/>\n<script type=\"application\/ld+json\" class=\"yoast-schema-graph\">{\"@context\":\"https:\/\/schema.org\",\"@graph\":[{\"@type\":\"WebPage\",\"@id\":\"https:\/\/zenergiebodyandsoul.com\/privacy-policy\/\",\"url\":\"https:\/\/zenergiebodyandsoul.com\/privacy-policy\/\",\"name\":\"Privacy policy - Zenergie Body and soul\",\"isPartOf\":{\"@id\":\"https:\/\/zenergiebodyandsoul.com\/#website\"},\"datePublished\":\"2025-05-20T10:47:45+00:00\",\"dateModified\":\"2025-05-27T06:41:11+00:00\",\"breadcrumb\":{\"@id\":\"https:\/\/zenergiebodyandsoul.com\/privacy-policy\/#breadcrumb\"},\"inLanguage\":\"ca\",\"potentialAction\":[{\"@type\":\"ReadAction\",\"target\":[\"https:\/\/zenergiebodyandsoul.com\/privacy-policy\/\"]}]},{\"@type\":\"BreadcrumbList\",\"@id\":\"https:\/\/zenergiebodyandsoul.com\/privacy-policy\/#breadcrumb\",\"itemListElement\":[{\"@type\":\"ListItem\",\"position\":1,\"name\":\"Inici\",\"item\":\"https:\/\/zenergiebodyandsoul.com\/\"},{\"@type\":\"ListItem\",\"position\":2,\"name\":\"Privacy policy\"}]},{\"@type\":\"WebSite\",\"@id\":\"https:\/\/zenergiebodyandsoul.com\/#website\",\"url\":\"https:\/\/zenergiebodyandsoul.com\/\",\"name\":\"Zenergie Body and soul\",\"description\":\"\",\"potentialAction\":[{\"@type\":\"SearchAction\",\"target\":{\"@type\":\"EntryPoint\",\"urlTemplate\":\"https:\/\/zenergiebodyandsoul.com\/?s={search_term_string}\"},\"query-input\":{\"@type\":\"PropertyValueSpecification\",\"valueRequired\":true,\"valueName\":\"search_term_string\"}}],\"inLanguage\":\"ca\"}]}<\/script>\n<!-- \/ Yoast SEO plugin. -->","yoast_head_json":{"title":"Pol\u00edtica de privacitat - Zenergie Cos i \u00e0nima","robots":{"index":"index","follow":"follow","max-snippet":"max-snippet:-1","max-image-preview":"max-image-preview:large","max-video-preview":"max-video-preview:-1"},"canonical":"https:\/\/zenergiebodyandsoul.com\/ca\/politica-de-privacitat\/","og_locale":"ca_ES","og_type":"article","og_title":"Privacy policy - Zenergie Body and soul","og_description":"DATA CONTROLLER: FIT BRANDS INTERNATIONAL SL PURPOSE: Management of inquiries and web requests; management of the company&#8217;s potential clients and contacts; sending of commercial and promotional communications; management of the contractual relationship with clients; maintenance of updated suppression lists to avoid being contacted if requested; enabling the operation of our website\/applications through technical and functional [&hellip;]","og_url":"https:\/\/zenergiebodyandsoul.com\/ca\/politica-de-privacitat\/","og_site_name":"Zenergie Body and soul","article_modified_time":"2025-05-27T06:41:11+00:00","twitter_card":"summary_large_image","twitter_misc":{"Temps estimat de lectura":"4 minuts"},"schema":{"@context":"https:\/\/schema.org","@graph":[{"@type":"WebPage","@id":"https:\/\/zenergiebodyandsoul.com\/privacy-policy\/","url":"https:\/\/zenergiebodyandsoul.com\/privacy-policy\/","name":"Pol\u00edtica de privacitat - Zenergie Cos i \u00e0nima","isPartOf":{"@id":"https:\/\/zenergiebodyandsoul.com\/#website"},"datePublished":"2025-05-20T10:47:45+00:00","dateModified":"2025-05-27T06:41:11+00:00","breadcrumb":{"@id":"https:\/\/zenergiebodyandsoul.com\/privacy-policy\/#breadcrumb"},"inLanguage":"ca","potentialAction":[{"@type":"ReadAction","target":["https:\/\/zenergiebodyandsoul.com\/privacy-policy\/"]}]},{"@type":"BreadcrumbList","@id":"https:\/\/zenergiebodyandsoul.com\/privacy-policy\/#breadcrumb","itemListElement":[{"@type":"ListItem","position":1,"name":"Inici","item":"https:\/\/zenergiebodyandsoul.com\/"},{"@type":"ListItem","position":2,"name":"Privacy policy"}]},{"@type":"WebSite","@id":"https:\/\/zenergiebodyandsoul.com\/#website","url":"https:\/\/zenergiebodyandsoul.com\/","name":"Zenergie Body and soul","description":"","potentialAction":[{"@type":"SearchAction","target":{"@type":"EntryPoint","urlTemplate":"https:\/\/zenergiebodyandsoul.com\/?s={search_term_string}"},"query-input":{"@type":"PropertyValueSpecification","valueRequired":true,"valueName":"search_term_string"}}],"inLanguage":"ca"}]}},"_links":{"self":[{"href":"https:\/\/zenergiebodyandsoul.com\/ca\/wp-json\/wp\/v2\/pages\/519","targetHints":{"allow":["GET"]}}],"collection":[{"href":"https:\/\/zenergiebodyandsoul.com\/ca\/wp-json\/wp\/v2\/pages"}],"about":[{"href":"https:\/\/zenergiebodyandsoul.com\/ca\/wp-json\/wp\/v2\/types\/page"}],"author":[{"embeddable":true,"href":"https:\/\/zenergiebodyandsoul.com\/ca\/wp-json\/wp\/v2\/users\/1"}],"replies":[{"embeddable":true,"href":"https:\/\/zenergiebodyandsoul.com\/ca\/wp-json\/wp\/v2\/comments?post=519"}],"version-history":[{"count":6,"href":"https:\/\/zenergiebodyandsoul.com\/ca\/wp-json\/wp\/v2\/pages\/519\/revisions"}],"predecessor-version":[{"id":555,"href":"https:\/\/zenergiebodyandsoul.com\/ca\/wp-json\/wp\/v2\/pages\/519\/revisions\/555"}],"wp:attachment":[{"href":"https:\/\/zenergiebodyandsoul.com\/ca\/wp-json\/wp\/v2\/media?parent=519"}],"curies":[{"name":"wp","href":"https:\/\/api.w.org\/{rel}","templated":true}]}}