{"id":466,"date":"2025-05-19T09:57:23","date_gmt":"2025-05-19T09:57:23","guid":{"rendered":"https:\/\/zenergiebodyandsoul.com\/?page_id=466"},"modified":"2025-09-24T12:04:32","modified_gmt":"2025-09-24T12:04:32","slug":"the-strength-studio","status":"publish","type":"page","link":"https:\/\/zenergiebodyandsoul.com\/ca\/les-nostres-experiencies\/lestudi-de-forca\/","title":{"rendered":"Smart Strength Studio"},"content":{"rendered":"<p>A Zenergie, el nostre comprom\u00eds d&#039;oferir experi\u00e8ncies d&#039;entrenament personalitzades i eficients es refor\u00e7a encara m\u00e9s a trav\u00e9s de la nostra <strong>col\u00b7laboraci\u00f3 amb EGYM i la introducci\u00f3 de l&#039;equipament SmartStrength<\/strong>Aquesta soluci\u00f3 de fitness d&#039;\u00faltima generaci\u00f3 est\u00e0 dissenyada per revolucionar la manera com abordem l&#039;entrenament de for\u00e7a, convertint-lo en una part perfecta i altament efectiva de les nostres ofertes de fitness.<\/p>\n<p>SmartStrength aprofita la tecnologia m\u00e9s innovadora per crear <strong>programes d&#039;entrenament de for\u00e7a totalment automatitzats que s&#039;adapten a les necessitats espec\u00edfiques i al nivell de forma f\u00edsica de cada usuari<\/strong>Tant si el membre \u00e9s principiant com expert, l&#039;equip ajusta intu\u00eftivament els exercicis, la c\u00e0rrega de treball i els temps de recuperaci\u00f3. <strong>oferint una experi\u00e8ncia d&#039;entrenament realment personalitzada<\/strong>.<\/p>\n<p>Cada equip est\u00e0 equipat amb <strong>sensors i programari avan\u00e7ats que rastregen el rendiment i el progr\u00e9s en temps real<\/strong>Aix\u00f2 permet l&#039;ajust continu dels plans d&#039;entrenament, garantint que els membres sempre participin en els exercicis m\u00e9s efectius per al seu desenvolupament.<\/p>\n<p>La incorporaci\u00f3 de l&#039;equip SmartStrength ofereix una <strong>avantatge competitiu distintiu<\/strong>, atraient un ampli espectre de clients, des dels que s\u00f3n nous en l&#039;entrenament de for\u00e7a fins als atletes experimentats. Aquest enfocament innovador no nom\u00e9s millora l&#039;experi\u00e8ncia dels membres, sin\u00f3 que tamb\u00e9 posiciona Zenergie com a l\u00edder en la ind\u00fastria del fitness, aprofitant la tecnologia per aconseguir resultats tangibles.<\/p>","protected":false},"excerpt":{"rendered":"<p>At Zenergie, our commitment to delivering personalized and efficient workout experiences is further enhanced through our partnership with EGYM and the introduction of the SmartStrength Equipment. This state-of-the-art fitness solution is designed to revolutionize the way we approach strength training, making it a seamless and highly effective part of our fitness offerings. The SmartStrength leverages [&hellip;]<\/p>","protected":false},"author":1,"featured_media":469,"parent":750,"menu_order":0,"comment_status":"closed","ping_status":"closed","template":"page-strenght.php","meta":{"_acf_changed":false,"footnotes":""},"class_list":["post-466","page","type-page","status-publish","has-post-thumbnail","hentry"],"acf":[],"yoast_head":"<!-- This site is optimized with the Yoast SEO plugin v25.7 - https:\/\/yoast.com\/wordpress\/plugins\/seo\/ -->\n<title>Smart Strength Studio - Zenergie Body and soul<\/title>\n<meta name=\"robots\" content=\"index, follow, max-snippet:-1, max-image-preview:large, max-video-preview:-1\" \/>\n<link rel=\"canonical\" href=\"https:\/\/zenergiebodyandsoul.com\/ca\/les-nostres-experiencies\/lestudi-de-forca\/\" \/>\n<meta property=\"og:locale\" content=\"ca_ES\" \/>\n<meta property=\"og:type\" content=\"article\" \/>\n<meta property=\"og:title\" content=\"Smart Strength Studio - Zenergie Body and soul\" \/>\n<meta property=\"og:description\" content=\"At Zenergie, our commitment to delivering personalized and efficient workout experiences is further enhanced through our partnership with EGYM and the introduction of the SmartStrength Equipment. This state-of-the-art fitness solution is designed to revolutionize the way we approach strength training, making it a seamless and highly effective part of our fitness offerings. The SmartStrength leverages [&hellip;]\" \/>\n<meta property=\"og:url\" content=\"https:\/\/zenergiebodyandsoul.com\/ca\/les-nostres-experiencies\/lestudi-de-forca\/\" \/>\n<meta property=\"og:site_name\" content=\"Zenergie Body and soul\" \/>\n<meta property=\"article:modified_time\" content=\"2025-09-24T12:04:32+00:00\" \/>\n<meta property=\"og:image\" content=\"http:\/\/zenergiebodyandsoul.com\/wp-content\/uploads\/2025\/05\/streight.jpg\" \/>\n\t<meta property=\"og:image:width\" content=\"1468\" \/>\n\t<meta property=\"og:image:height\" content=\"1198\" \/>\n\t<meta property=\"og:image:type\" content=\"image\/jpeg\" \/>\n<meta name=\"twitter:card\" content=\"summary_large_image\" \/>\n<meta name=\"twitter:label1\" content=\"Temps estimat de lectura\" \/>\n\t<meta name=\"twitter:data1\" content=\"2 minuts\" \/>\n<script type=\"application\/ld+json\" class=\"yoast-schema-graph\">{\"@context\":\"https:\/\/schema.org\",\"@graph\":[{\"@type\":\"WebPage\",\"@id\":\"https:\/\/zenergiebodyandsoul.com\/our-experiences\/the-strength-studio\/\",\"url\":\"https:\/\/zenergiebodyandsoul.com\/our-experiences\/the-strength-studio\/\",\"name\":\"Smart Strength Studio - Zenergie Body and soul\",\"isPartOf\":{\"@id\":\"https:\/\/zenergiebodyandsoul.com\/#website\"},\"primaryImageOfPage\":{\"@id\":\"https:\/\/zenergiebodyandsoul.com\/our-experiences\/the-strength-studio\/#primaryimage\"},\"image\":{\"@id\":\"https:\/\/zenergiebodyandsoul.com\/our-experiences\/the-strength-studio\/#primaryimage\"},\"thumbnailUrl\":\"https:\/\/zenergiebodyandsoul.com\/wp-content\/uploads\/2025\/05\/streight.jpg\",\"datePublished\":\"2025-05-19T09:57:23+00:00\",\"dateModified\":\"2025-09-24T12:04:32+00:00\",\"breadcrumb\":{\"@id\":\"https:\/\/zenergiebodyandsoul.com\/our-experiences\/the-strength-studio\/#breadcrumb\"},\"inLanguage\":\"ca\",\"potentialAction\":[{\"@type\":\"ReadAction\",\"target\":[\"https:\/\/zenergiebodyandsoul.com\/our-experiences\/the-strength-studio\/\"]}]},{\"@type\":\"ImageObject\",\"inLanguage\":\"ca\",\"@id\":\"https:\/\/zenergiebodyandsoul.com\/our-experiences\/the-strength-studio\/#primaryimage\",\"url\":\"https:\/\/zenergiebodyandsoul.com\/wp-content\/uploads\/2025\/05\/streight.jpg\",\"contentUrl\":\"https:\/\/zenergiebodyandsoul.com\/wp-content\/uploads\/2025\/05\/streight.jpg\",\"width\":1468,\"height\":1198},{\"@type\":\"BreadcrumbList\",\"@id\":\"https:\/\/zenergiebodyandsoul.com\/our-experiences\/the-strength-studio\/#breadcrumb\",\"itemListElement\":[{\"@type\":\"ListItem\",\"position\":1,\"name\":\"Inici\",\"item\":\"https:\/\/zenergiebodyandsoul.com\/\"},{\"@type\":\"ListItem\",\"position\":2,\"name\":\"Our Experiences\",\"item\":\"https:\/\/zenergiebodyandsoul.com\/our-experiences\/\"},{\"@type\":\"ListItem\",\"position\":3,\"name\":\"Smart Strength Studio\"}]},{\"@type\":\"WebSite\",\"@id\":\"https:\/\/zenergiebodyandsoul.com\/#website\",\"url\":\"https:\/\/zenergiebodyandsoul.com\/\",\"name\":\"Zenergie Body and soul\",\"description\":\"\",\"potentialAction\":[{\"@type\":\"SearchAction\",\"target\":{\"@type\":\"EntryPoint\",\"urlTemplate\":\"https:\/\/zenergiebodyandsoul.com\/?s={search_term_string}\"},\"query-input\":{\"@type\":\"PropertyValueSpecification\",\"valueRequired\":true,\"valueName\":\"search_term_string\"}}],\"inLanguage\":\"ca\"}]}<\/script>\n<!-- \/ Yoast SEO plugin. -->","yoast_head_json":{"title":"Smart Strength Studio - Zenergie Cos i \u00e0nima","robots":{"index":"index","follow":"follow","max-snippet":"max-snippet:-1","max-image-preview":"max-image-preview:large","max-video-preview":"max-video-preview:-1"},"canonical":"https:\/\/zenergiebodyandsoul.com\/ca\/les-nostres-experiencies\/lestudi-de-forca\/","og_locale":"ca_ES","og_type":"article","og_title":"Smart Strength Studio - Zenergie Body and soul","og_description":"At Zenergie, our commitment to delivering personalized and efficient workout experiences is further enhanced through our partnership with EGYM and the introduction of the SmartStrength Equipment. This state-of-the-art fitness solution is designed to revolutionize the way we approach strength training, making it a seamless and highly effective part of our fitness offerings. The SmartStrength leverages [&hellip;]","og_url":"https:\/\/zenergiebodyandsoul.com\/ca\/les-nostres-experiencies\/lestudi-de-forca\/","og_site_name":"Zenergie Body and soul","article_modified_time":"2025-09-24T12:04:32+00:00","og_image":[{"width":1468,"height":1198,"url":"http:\/\/zenergiebodyandsoul.com\/wp-content\/uploads\/2025\/05\/streight.jpg","type":"image\/jpeg"}],"twitter_card":"summary_large_image","twitter_misc":{"Temps estimat de lectura":"2 minuts"},"schema":{"@context":"https:\/\/schema.org","@graph":[{"@type":"WebPage","@id":"https:\/\/zenergiebodyandsoul.com\/our-experiences\/the-strength-studio\/","url":"https:\/\/zenergiebodyandsoul.com\/our-experiences\/the-strength-studio\/","name":"Smart Strength Studio - Zenergie Cos i \u00e0nima","isPartOf":{"@id":"https:\/\/zenergiebodyandsoul.com\/#website"},"primaryImageOfPage":{"@id":"https:\/\/zenergiebodyandsoul.com\/our-experiences\/the-strength-studio\/#primaryimage"},"image":{"@id":"https:\/\/zenergiebodyandsoul.com\/our-experiences\/the-strength-studio\/#primaryimage"},"thumbnailUrl":"https:\/\/zenergiebodyandsoul.com\/wp-content\/uploads\/2025\/05\/streight.jpg","datePublished":"2025-05-19T09:57:23+00:00","dateModified":"2025-09-24T12:04:32+00:00","breadcrumb":{"@id":"https:\/\/zenergiebodyandsoul.com\/our-experiences\/the-strength-studio\/#breadcrumb"},"inLanguage":"ca","potentialAction":[{"@type":"ReadAction","target":["https:\/\/zenergiebodyandsoul.com\/our-experiences\/the-strength-studio\/"]}]},{"@type":"ImageObject","inLanguage":"ca","@id":"https:\/\/zenergiebodyandsoul.com\/our-experiences\/the-strength-studio\/#primaryimage","url":"https:\/\/zenergiebodyandsoul.com\/wp-content\/uploads\/2025\/05\/streight.jpg","contentUrl":"https:\/\/zenergiebodyandsoul.com\/wp-content\/uploads\/2025\/05\/streight.jpg","width":1468,"height":1198},{"@type":"BreadcrumbList","@id":"https:\/\/zenergiebodyandsoul.com\/our-experiences\/the-strength-studio\/#breadcrumb","itemListElement":[{"@type":"ListItem","position":1,"name":"Inici","item":"https:\/\/zenergiebodyandsoul.com\/"},{"@type":"ListItem","position":2,"name":"Our Experiences","item":"https:\/\/zenergiebodyandsoul.com\/our-experiences\/"},{"@type":"ListItem","position":3,"name":"Smart Strength Studio"}]},{"@type":"WebSite","@id":"https:\/\/zenergiebodyandsoul.com\/#website","url":"https:\/\/zenergiebodyandsoul.com\/","name":"Zenergie Body and soul","description":"","potentialAction":[{"@type":"SearchAction","target":{"@type":"EntryPoint","urlTemplate":"https:\/\/zenergiebodyandsoul.com\/?s={search_term_string}"},"query-input":{"@type":"PropertyValueSpecification","valueRequired":true,"valueName":"search_term_string"}}],"inLanguage":"ca"}]}},"_links":{"self":[{"href":"https:\/\/zenergiebodyandsoul.com\/ca\/wp-json\/wp\/v2\/pages\/466","targetHints":{"allow":["GET"]}}],"collection":[{"href":"https:\/\/zenergiebodyandsoul.com\/ca\/wp-json\/wp\/v2\/pages"}],"about":[{"href":"https:\/\/zenergiebodyandsoul.com\/ca\/wp-json\/wp\/v2\/types\/page"}],"author":[{"embeddable":true,"href":"https:\/\/zenergiebodyandsoul.com\/ca\/wp-json\/wp\/v2\/users\/1"}],"replies":[{"embeddable":true,"href":"https:\/\/zenergiebodyandsoul.com\/ca\/wp-json\/wp\/v2\/comments?post=466"}],"version-history":[{"count":3,"href":"https:\/\/zenergiebodyandsoul.com\/ca\/wp-json\/wp\/v2\/pages\/466\/revisions"}],"predecessor-version":[{"id":569,"href":"https:\/\/zenergiebodyandsoul.com\/ca\/wp-json\/wp\/v2\/pages\/466\/revisions\/569"}],"up":[{"embeddable":true,"href":"https:\/\/zenergiebodyandsoul.com\/ca\/wp-json\/wp\/v2\/pages\/750"}],"wp:featuredmedia":[{"embeddable":true,"href":"https:\/\/zenergiebodyandsoul.com\/ca\/wp-json\/wp\/v2\/media\/469"}],"wp:attachment":[{"href":"https:\/\/zenergiebodyandsoul.com\/ca\/wp-json\/wp\/v2\/media?parent=466"}],"curies":[{"name":"wp","href":"https:\/\/api.w.org\/{rel}","templated":true}]}}