{"id":404,"date":"2024-01-22T10:19:01","date_gmt":"2024-01-22T10:19:01","guid":{"rendered":"http:\/\/zenergiebodyandsoul.com\/?page_id=404"},"modified":"2025-05-27T06:53:16","modified_gmt":"2025-05-27T06:53:16","slug":"legal-notice","status":"publish","type":"page","link":"https:\/\/zenergiebodyandsoul.com\/ca\/avis-legal\/","title":{"rendered":"Av\u00eds legal"},"content":{"rendered":"<p data-start=\"169\" data-end=\"468\">Aquest Av\u00eds Legal regula l&#039;acc\u00e9s de l&#039;USUARI als continguts proporcionats per FIT BRANDS INTERNATIONAL SL en aquest lloc web. El mer \u00fas de la informaci\u00f3 continguda en aquest lloc implica la plena acceptaci\u00f3 d&#039;aquest Av\u00eds Legal, motiu pel qual recomanem visitar-lo peri\u00f2dicament a causa de les actualitzacions cont\u00ednues.<\/p>\n<p data-start=\"470\" data-end=\"498\"><strong data-start=\"474\" data-end=\"498\">INFORMACI\u00d3 GENERAL:<\/strong><\/p>\n<p data-start=\"500\" data-end=\"873\">En compliment de l&#039;article 10 de la Llei 34\/2002, d&#039;11 de juliol, de Serveis de la Societat de la Informaci\u00f3 i del Comer\u00e7 Electr\u00f2nic (en endavant, LSSICE), l&#039;informem que el titular del domini <em data-start=\"688\" data-end=\"713\">zenergiebodyandsoul.com<\/em> \u00e9s <strong data-start=\"717\" data-end=\"748\">FIT BRANDS INTERNATIONAL SL<\/strong> (N\u00fam. d&#039;identificaci\u00f3 fiscal: B56258940), amb domicili social a <strong data-start=\"797\" data-end=\"872\">Calle D Antoni Bell, 6, 08174, Sant Cugat del Vall\u00e8s (Barcelona), Spain<\/strong>.<\/p>\n<p data-start=\"875\" data-end=\"922\">Correu electr\u00f2nic de contacte: <strong data-start=\"890\" data-end=\"922\"><a class=\"cursor-pointer\" rel=\"noopener\" data-start=\"892\" data-end=\"920\">info@zenergiebodyandsoul.com<\/a><\/strong><\/p>\n<p data-start=\"875\" data-end=\"922\"><strong data-start=\"932\" data-end=\"972\">PROPIETAT INTEL\u00b7LECTUAL I INDUSTRIAL<\/strong><\/p>\n<p data-start=\"974\" data-end=\"1337\">El contingut de <em data-start=\"990\" data-end=\"1015\">zenergiebodyandsoul.com<\/em>, incloent-hi textos, imatges, disseny gr\u00e0fic, codi font, logotips, marques, etc., s\u00f3n propietat exclusiva de <strong data-start=\"1122\" data-end=\"1153\">FIT BRANDS INTERNATIONAL SL<\/strong> i estan protegits per la normativa sobre Propietat Intel\u00b7lectual i Industrial. Per tant, la reproducci\u00f3, modificaci\u00f3, distribuci\u00f3 o manipulaci\u00f3 d&#039;aquests continguts queda estrictament prohibida.<\/p>\n<p data-start=\"1339\" data-end=\"1754\">FIT BRANDS INTERNATIONAL SL \u00e9s l&#039;\u00fanica titular de tots els drets intel\u00b7lectuals, industrials i an\u00e0legs de <em data-start=\"1446\" data-end=\"1471\">zenergiebodyandsoul.com<\/em> lloc web. Queden reservats tots els drets sobre el contingut, els serveis i els elements incorporats al lloc web, incloent-hi, entre d&#039;altres: l&#039;aspecte visual, la imatge gr\u00e0fica, l&#039;arquitectura de navegaci\u00f3, el codi font, les imatges, els enregistraments, el programari, les bases de dades, la tecnologia, els logotips i les marques comercials.<\/p>\n<p data-start=\"1756\" data-end=\"2093\">Accepteu no eliminar, alterar, manipular o modificar cap av\u00eds de drets d&#039;autor, marca comercial (com ara \u00a9, \u00ae, \u2122), mesura de protecci\u00f3 t\u00e8cnica o identificador incrustat als continguts (per exemple, marques d&#039;aigua, empremtes dactilars), i nom\u00e9s accedir, visualitzar i, si escau, descarregar els continguts o serveis estrictament per a \u00fas personal i no comercial.<\/p>\n<p data-start=\"2095\" data-end=\"2320\">FIT BRANDS INTERNATIONAL SL es reserva tots els drets relacionats amb la propietat intel\u00b7lectual i industrial sobre els elements del seu lloc web i no concedeix cap llic\u00e8ncia o autoritzaci\u00f3 m\u00e9s enll\u00e0 del que s&#039;indica expl\u00edcitament en aquesta cl\u00e0usula.<\/p>\n<p data-start=\"2327\" data-end=\"2355\"><strong data-start=\"2330\" data-end=\"2355\">RESERVA DE DRETS<\/strong><\/p>\n<p data-start=\"2357\" data-end=\"2574\">FIT BRANDS INTERNATIONAL SL es reserva el dret d&#039;actualitzar, modificar o eliminar la informaci\u00f3 de <em data-start=\"2448\" data-end=\"2473\">zenergiebodyandsoul.com<\/em>, incloent-hi la seva configuraci\u00f3, caracter\u00edstiques o condicions generals, en qualsevol moment i sense previ av\u00eds.<\/p>\n<p data-start=\"2576\" data-end=\"3002\">L&#039;empresa no garanteix l&#039;abs\u00e8ncia d&#039;interrupcions o errors en l&#039;acc\u00e9s o \u00fas de <em data-start=\"2669\" data-end=\"2694\">zenergiebodyandsoul.com<\/em> i no accepta cap responsabilitat per problemes t\u00e8cnics o fallades de connexi\u00f3 a Internet. No garanteix l&#039;abs\u00e8ncia de virus o altres elements nocius que puguin afectar el vostre sistema inform\u00e0tic o els documents i fitxers que s&#039;hi emmagatzemen, i declina qualsevol responsabilitat pels danys derivats d&#039;aquests elements.<\/p>\n<p data-start=\"3009\" data-end=\"3039\"><strong data-start=\"3012\" data-end=\"3039\">LIMITACI\u00d3 DE RESPONSABILITAT<\/strong><\/p>\n<p data-start=\"3041\" data-end=\"3395\"><strong data-start=\"3041\" data-end=\"3063\">Sobre la informaci\u00f3:<\/strong><br data-start=\"3063\" data-end=\"3066\" \/>FIT BRANDS INTERNATIONAL SL no garanteix l&#039;exactitud, l&#039;adequaci\u00f3, la idone\u00eftat o l&#039;actualitat de la informaci\u00f3 proporcionada a <em data-start=\"3195\" data-end=\"3220\">zenergiebodyandsoul.com<\/em>El contingut \u00e9s nom\u00e9s amb finalitats informatives. FIT BRANDS INTERNATIONAL SL no es responsabilitza de les decisions que prenguis basant-te en aquest contingut, ni de cap dany a tu o a tercers.<\/p>\n<p data-start=\"3397\" data-end=\"3743\"><strong data-start=\"3397\" data-end=\"3423\">Sobre la qualitat del servei:<\/strong><br data-start=\"3423\" data-end=\"3426\" \/>Reconeixes que coneixes l&#039;exist\u00e8ncia de virus i altres elements maliciosos a Internet. \u00c9s la teva responsabilitat utilitzar les eines adequades per a la seva detecci\u00f3 i desinfecci\u00f3. FIT BRANDS INTERNATIONAL SL no es responsabilitza dels danys causats als teus dispositius o equips de tercers com a conseq\u00fc\u00e8ncia de l&#039;acc\u00e9s al lloc web.<\/p>\n<p data-start=\"3745\" data-end=\"4107\"><strong data-start=\"3745\" data-end=\"3776\">Sobre la disponibilitat del servei:<\/strong><br data-start=\"3776\" data-end=\"3779\" \/>L&#039;acc\u00e9s al lloc web dep\u00e8n de serveis de tercers que estan fora del control de FIT BRANDS INTERNATIONAL SL. Per tant, el servei pot ser susp\u00e8s, cancel\u00b7lat o deixar d&#039;estar disponible en qualsevol moment. FIT BRANDS INTERNATIONAL SL no es responsabilitza dels danys causats per fallades de telecomunicacions que provoquin la suspensi\u00f3 o interrupci\u00f3 del servei.<\/p>\n<p data-start=\"4109\" data-end=\"4708\"><strong data-start=\"4109\" data-end=\"4134\">Sobre el contingut enlla\u00e7at:<\/strong><br data-start=\"4134\" data-end=\"4137\" \/>Aquest lloc web pot contenir enlla\u00e7os a altres llocs web (\u201cLlocs enlla\u00e7ats\u201d). D&#039;acord amb la LSSICE, FIT BRANDS INTERNATIONAL SL actua com a prove\u00efdor de serveis intermediari i nom\u00e9s \u00e9s responsable del contingut de tercers quan tingui coneixement real de la il\u00b7legalitat i no hagi actuat per eliminar o desactivar l&#039;acc\u00e9s. Si creieu que un lloc enlla\u00e7at cont\u00e9 contingut il\u00b7legal, notifiqueu-ho a FIT BRANDS INTERNATIONAL SL, que actuar\u00e0 diligentment per eliminar aquests enlla\u00e7os. FIT BRANDS INTERNATIONAL SL no accepta cap responsabilitat per la qualitat, disponibilitat o legalitat del contingut dels llocs enlla\u00e7ats.<\/p>\n<p data-start=\"4715\" data-end=\"4734\"><strong data-start=\"4718\" data-end=\"4734\">LLIC\u00c8NCIA D&#039;ENLLA\u00c7<\/strong><\/p>\n<p data-start=\"4736\" data-end=\"4901\">Tots els enlla\u00e7os de tercers a <em data-start=\"4761\" data-end=\"4786\">zenergiebodyandsoul.com<\/em> ha de conduir a la p\u00e0gina principal. Qualsevol altra forma d&#039;enlla\u00e7 requereix el consentiment previ per escrit de FIT BRANDS INTERNATIONAL SL.<\/p>\n<p data-start=\"4903\" data-end=\"5190\">No es permet reproduir, imitar ni emmarcar el contingut o la presentaci\u00f3 visual del lloc, ni crear un navegador, un frame o una barra de navegaci\u00f3 a sobre. No es permeten declaracions falses, inexactes o enganyoses sobre FIT BRANDS INTERNATIONAL SL o la seva relaci\u00f3 amb tercers.<\/p>\n<p data-start=\"5192\" data-end=\"5440\">El lloc web d&#039;enlla\u00e7 no pot contenir marques comercials o altres elements identificatius de FIT BRANDS INTERNATIONAL SL sense autoritzaci\u00f3 pr\u00e8via per escrit. Tampoc ha d&#039;allotjar contingut il\u00b7legal o contrari a l&#039;ordre p\u00fablic, la moral o els bons costums.<\/p>\n<p data-start=\"5442\" data-end=\"5577\">FIT BRANDS INTERNATIONAL SL es reserva el dret d&#039;emprendre accions legals contra qualsevol incompliment de les condicions descrites en aquest Av\u00eds Legal.<\/p>\n<p data-start=\"5584\" data-end=\"5603\"><strong data-start=\"5587\" data-end=\"5603\">PROHIBICIONS<\/strong><\/p>\n<p data-start=\"5605\" data-end=\"5634\">Queda expressament prohibit:<\/p>\n<ul data-start=\"5636\" data-end=\"6278\">\n<li data-start=\"5636\" data-end=\"5799\">\n<p data-start=\"5638\" data-end=\"5799\">Utilitzar continguts o serveis amb finalitats il\u00b7l\u00edcites o per lesionar drets de tercers, o de qualsevol manera que pugui danyar o sobrecarregar el lloc web o afectar el seu funcionament normal.<\/p>\n<\/li>\n<li data-start=\"5800\" data-end=\"5901\">\n<p data-start=\"5802\" data-end=\"5901\">Utilitzar contingut protegit per drets de propietat intel\u00b7lectual o industrial sense la deguda autoritzaci\u00f3.<\/p>\n<\/li>\n<li data-start=\"5902\" data-end=\"6032\">\n<p data-start=\"5904\" data-end=\"6032\">Reproduir, copiar, distribuir o modificar els continguts sense el perm\u00eds previ del titular dels drets o llevat que estigui legalment perm\u00e8s.<\/p>\n<\/li>\n<li data-start=\"6033\" data-end=\"6157\">\n<p data-start=\"6035\" data-end=\"6157\">Introduir virus o altres elements nocius a la xarxa o als sistemes de FIT BRANDS INTERNATIONAL SL o de tercers.<\/p>\n<\/li>\n<li data-start=\"6158\" data-end=\"6278\">\n<p data-start=\"6160\" data-end=\"6278\">Intentar obtenir continguts utilitzant m\u00e8todes no expressament permesos o que puguin perjudicar el lloc web o els seus serveis.<\/p>\n<\/li>\n<\/ul>\n<p data-start=\"6285\" data-end=\"6305\"><strong data-start=\"6288\" data-end=\"6305\">LLEI APLICABLE<\/strong><\/p>\n<p data-start=\"6307\" data-end=\"6368\">Aquest Av\u00eds Legal es regeix en la seva totalitat per la legislaci\u00f3 espanyola.<\/p>\n<p data-start=\"6370\" data-end=\"6515\">En cas de controv\u00e8rsies legals relacionades amb aquest lloc web, la jurisdicci\u00f3 aplicable ser\u00e0 la dels jutjats i tribunals de <strong data-start=\"6493\" data-end=\"6515\">Barcelona (Espanya).<\/strong><\/p>","protected":false},"excerpt":{"rendered":"<p>This Legal Notice regulates the access by the USER to the contents provided by FIT BRANDS INTERNATIONAL SL on this website. The mere use of the information contained on this site implies full acceptance of this Legal Notice, which is why we recommend visiting it periodically due to ongoing updates. GENERAL INFORMATION: In compliance with [&hellip;]<\/p>","protected":false},"author":1,"featured_media":0,"parent":0,"menu_order":0,"comment_status":"closed","ping_status":"closed","template":"page-legal.php","meta":{"_acf_changed":false,"footnotes":""},"class_list":["post-404","page","type-page","status-publish","hentry"],"acf":[],"yoast_head":"<!-- This site is optimized with the Yoast SEO plugin v25.7 - https:\/\/yoast.com\/wordpress\/plugins\/seo\/ -->\n<title>Legal notice - Zenergie Body and soul<\/title>\n<meta name=\"robots\" content=\"index, follow, max-snippet:-1, max-image-preview:large, max-video-preview:-1\" \/>\n<link rel=\"canonical\" href=\"https:\/\/zenergiebodyandsoul.com\/ca\/avis-legal\/\" \/>\n<meta property=\"og:locale\" content=\"ca_ES\" \/>\n<meta property=\"og:type\" content=\"article\" \/>\n<meta property=\"og:title\" content=\"Legal notice - Zenergie Body and soul\" \/>\n<meta property=\"og:description\" content=\"This Legal Notice regulates the access by the USER to the contents provided by FIT BRANDS INTERNATIONAL SL on this website. The mere use of the information contained on this site implies full acceptance of this Legal Notice, which is why we recommend visiting it periodically due to ongoing updates. GENERAL INFORMATION: In compliance with [&hellip;]\" \/>\n<meta property=\"og:url\" content=\"https:\/\/zenergiebodyandsoul.com\/ca\/avis-legal\/\" \/>\n<meta property=\"og:site_name\" content=\"Zenergie Body and soul\" \/>\n<meta property=\"article:modified_time\" content=\"2025-05-27T06:53:16+00:00\" \/>\n<meta name=\"twitter:card\" content=\"summary_large_image\" \/>\n<meta name=\"twitter:label1\" content=\"Temps estimat de lectura\" \/>\n\t<meta name=\"twitter:data1\" content=\"6 minuts\" \/>\n<script type=\"application\/ld+json\" class=\"yoast-schema-graph\">{\"@context\":\"https:\/\/schema.org\",\"@graph\":[{\"@type\":\"WebPage\",\"@id\":\"https:\/\/zenergiebodyandsoul.com\/legal-notice\/\",\"url\":\"https:\/\/zenergiebodyandsoul.com\/legal-notice\/\",\"name\":\"Legal notice - Zenergie Body and soul\",\"isPartOf\":{\"@id\":\"https:\/\/zenergiebodyandsoul.com\/#website\"},\"datePublished\":\"2024-01-22T10:19:01+00:00\",\"dateModified\":\"2025-05-27T06:53:16+00:00\",\"breadcrumb\":{\"@id\":\"https:\/\/zenergiebodyandsoul.com\/legal-notice\/#breadcrumb\"},\"inLanguage\":\"ca\",\"potentialAction\":[{\"@type\":\"ReadAction\",\"target\":[\"https:\/\/zenergiebodyandsoul.com\/legal-notice\/\"]}]},{\"@type\":\"BreadcrumbList\",\"@id\":\"https:\/\/zenergiebodyandsoul.com\/legal-notice\/#breadcrumb\",\"itemListElement\":[{\"@type\":\"ListItem\",\"position\":1,\"name\":\"Inici\",\"item\":\"https:\/\/zenergiebodyandsoul.com\/\"},{\"@type\":\"ListItem\",\"position\":2,\"name\":\"Legal notice\"}]},{\"@type\":\"WebSite\",\"@id\":\"https:\/\/zenergiebodyandsoul.com\/#website\",\"url\":\"https:\/\/zenergiebodyandsoul.com\/\",\"name\":\"Zenergie Body and soul\",\"description\":\"\",\"potentialAction\":[{\"@type\":\"SearchAction\",\"target\":{\"@type\":\"EntryPoint\",\"urlTemplate\":\"https:\/\/zenergiebodyandsoul.com\/?s={search_term_string}\"},\"query-input\":{\"@type\":\"PropertyValueSpecification\",\"valueRequired\":true,\"valueName\":\"search_term_string\"}}],\"inLanguage\":\"ca\"}]}<\/script>\n<!-- \/ Yoast SEO plugin. -->","yoast_head_json":{"title":"Av\u00eds legal - Zenergie Cos i \u00e0nima","robots":{"index":"index","follow":"follow","max-snippet":"max-snippet:-1","max-image-preview":"max-image-preview:large","max-video-preview":"max-video-preview:-1"},"canonical":"https:\/\/zenergiebodyandsoul.com\/ca\/avis-legal\/","og_locale":"ca_ES","og_type":"article","og_title":"Legal notice - Zenergie Body and soul","og_description":"This Legal Notice regulates the access by the USER to the contents provided by FIT BRANDS INTERNATIONAL SL on this website. The mere use of the information contained on this site implies full acceptance of this Legal Notice, which is why we recommend visiting it periodically due to ongoing updates. GENERAL INFORMATION: In compliance with [&hellip;]","og_url":"https:\/\/zenergiebodyandsoul.com\/ca\/avis-legal\/","og_site_name":"Zenergie Body and soul","article_modified_time":"2025-05-27T06:53:16+00:00","twitter_card":"summary_large_image","twitter_misc":{"Temps estimat de lectura":"6 minuts"},"schema":{"@context":"https:\/\/schema.org","@graph":[{"@type":"WebPage","@id":"https:\/\/zenergiebodyandsoul.com\/legal-notice\/","url":"https:\/\/zenergiebodyandsoul.com\/legal-notice\/","name":"Av\u00eds legal - Zenergie Cos i \u00e0nima","isPartOf":{"@id":"https:\/\/zenergiebodyandsoul.com\/#website"},"datePublished":"2024-01-22T10:19:01+00:00","dateModified":"2025-05-27T06:53:16+00:00","breadcrumb":{"@id":"https:\/\/zenergiebodyandsoul.com\/legal-notice\/#breadcrumb"},"inLanguage":"ca","potentialAction":[{"@type":"ReadAction","target":["https:\/\/zenergiebodyandsoul.com\/legal-notice\/"]}]},{"@type":"BreadcrumbList","@id":"https:\/\/zenergiebodyandsoul.com\/legal-notice\/#breadcrumb","itemListElement":[{"@type":"ListItem","position":1,"name":"Inici","item":"https:\/\/zenergiebodyandsoul.com\/"},{"@type":"ListItem","position":2,"name":"Legal notice"}]},{"@type":"WebSite","@id":"https:\/\/zenergiebodyandsoul.com\/#website","url":"https:\/\/zenergiebodyandsoul.com\/","name":"Zenergie Body and soul","description":"","potentialAction":[{"@type":"SearchAction","target":{"@type":"EntryPoint","urlTemplate":"https:\/\/zenergiebodyandsoul.com\/?s={search_term_string}"},"query-input":{"@type":"PropertyValueSpecification","valueRequired":true,"valueName":"search_term_string"}}],"inLanguage":"ca"}]}},"_links":{"self":[{"href":"https:\/\/zenergiebodyandsoul.com\/ca\/wp-json\/wp\/v2\/pages\/404","targetHints":{"allow":["GET"]}}],"collection":[{"href":"https:\/\/zenergiebodyandsoul.com\/ca\/wp-json\/wp\/v2\/pages"}],"about":[{"href":"https:\/\/zenergiebodyandsoul.com\/ca\/wp-json\/wp\/v2\/types\/page"}],"author":[{"embeddable":true,"href":"https:\/\/zenergiebodyandsoul.com\/ca\/wp-json\/wp\/v2\/users\/1"}],"replies":[{"embeddable":true,"href":"https:\/\/zenergiebodyandsoul.com\/ca\/wp-json\/wp\/v2\/comments?post=404"}],"version-history":[{"count":6,"href":"https:\/\/zenergiebodyandsoul.com\/ca\/wp-json\/wp\/v2\/pages\/404\/revisions"}],"predecessor-version":[{"id":556,"href":"https:\/\/zenergiebodyandsoul.com\/ca\/wp-json\/wp\/v2\/pages\/404\/revisions\/556"}],"wp:attachment":[{"href":"https:\/\/zenergiebodyandsoul.com\/ca\/wp-json\/wp\/v2\/media?parent=404"}],"curies":[{"name":"wp","href":"https:\/\/api.w.org\/{rel}","templated":true}]}}